{"id":289154,"date":"2019-08-22T22:20:53","date_gmt":"2019-08-22T20:20:53","guid":{"rendered":"https:\/\/www.huntersfriend.eu\/product\/wasp-dart-spets\/"},"modified":"2025-08-27T14:14:13","modified_gmt":"2025-08-27T12:14:13","slug":"wasp-dart-spets","status":"publish","type":"product","link":"https:\/\/www.huntersfriend.eu\/sv\/produkt\/wasp-dart-spets\/","title":{"rendered":"Wasp Dart-spets"},"content":{"rendered":"<p>Nya Dart med fyra blad har en smygande och aerodynamisk bladdesign f\u00f6r precision som en f\u00e4ltspets p\u00e5 l\u00e4ngre avst\u00e5nd, s\u00e4rskilt vid anv\u00e4ndning med pilb\u00e5gar eller armborst med h\u00f6gre hastigheter, med den extra sk\u00e4rytan fr\u00e5n ett fj\u00e4rde blad som ger otroliga, f\u00f6r\u00f6dande blodsp\u00e5r. 3 st per f\u00f6rpackning. <\/p>\n","protected":false},"excerpt":{"rendered":"<p>3-pack spetsar 100 och 125 gr + reservblad<\/p>\n","protected":false},"featured_media":46572,"comment_status":"open","ping_status":"closed","template":"","meta":[],"product_brand":[],"product_cat":[2647,2765],"product_tag":[],"class_list":{"0":"post-289154","1":"product","2":"type-product","3":"status-publish","4":"has-post-thumbnail","6":"product_cat-broadheads-jakt","7":"product_cat-fyndlada-slutrea","9":"first","10":"instock","11":"sale","12":"taxable","13":"shipping-taxable","14":"purchasable","15":"product-type-variable"},"composite_virtual":false,"composite_layout":"","composite_add_to_cart_form_location":"","composite_editable_in_cart":false,"composite_sold_individually_context":"","composite_shop_price_calc":"","composite_components":[],"composite_scenarios":[],"group_of_quantity":0,"min_quantity":0,"max_quantity":"","exclude_order_quantity_value_rules":"no","exclude_category_quantity_rules":"no","combine_variations":"no","exclude_global_add_ons":[],"addons":[],"_links":{"self":[{"href":"https:\/\/www.huntersfriend.eu\/sv\/wp-json\/wp\/v2\/product\/289154","targetHints":{"allow":["GET"]}}],"collection":[{"href":"https:\/\/www.huntersfriend.eu\/sv\/wp-json\/wp\/v2\/product"}],"about":[{"href":"https:\/\/www.huntersfriend.eu\/sv\/wp-json\/wp\/v2\/types\/product"}],"replies":[{"embeddable":true,"href":"https:\/\/www.huntersfriend.eu\/sv\/wp-json\/wp\/v2\/comments?post=289154"}],"wp:featuredmedia":[{"embeddable":true,"href":"https:\/\/www.huntersfriend.eu\/sv\/wp-json\/wp\/v2\/media\/46572"}],"wp:attachment":[{"href":"https:\/\/www.huntersfriend.eu\/sv\/wp-json\/wp\/v2\/media?parent=289154"}],"wp:term":[{"taxonomy":"product_brand","embeddable":true,"href":"https:\/\/www.huntersfriend.eu\/sv\/wp-json\/wp\/v2\/product_brand?post=289154"},{"taxonomy":"product_cat","embeddable":true,"href":"https:\/\/www.huntersfriend.eu\/sv\/wp-json\/wp\/v2\/product_cat?post=289154"},{"taxonomy":"product_tag","embeddable":true,"href":"https:\/\/www.huntersfriend.eu\/sv\/wp-json\/wp\/v2\/product_tag?post=289154"}],"curies":[{"name":"wp","href":"https:\/\/api.w.org\/{rel}","templated":true}]}}