{"id":289146,"date":"2019-09-26T14:20:42","date_gmt":"2019-09-26T12:20:42","guid":{"rendered":"https:\/\/www.huntersfriend.eu\/product\/slutlig-inflygning-blandrashund-blind\/"},"modified":"2025-08-27T14:14:02","modified_gmt":"2025-08-27T12:14:02","slug":"slutlig-inflygning-blandrashund-blind","status":"publish","type":"product","link":"https:\/\/www.huntersfriend.eu\/sv\/produkt\/slutlig-inflygning-blandrashund-blind\/","title":{"rendered":"Slutlig inflygning blandrashund blind"},"content":{"rendered":"<p>Slutlig inflygning blandrashund blind<\/p>\n<p>Gott om plats f\u00f6r din favorithundjaktkompis, utan att skr\u00e4mma f\u00e5glar fr\u00e5n en h\u00f6gprofilerad hundblinda i din spridning.<\/p>\n<ul>\n<li>Smygprofil<\/li>\n<li>Till\u00e5ter 360\u00b0 markering utan delvis utg\u00e5ng fr\u00e5n blindan<\/li>\n<li>Till\u00e5ter hundar att jaga i sin naturliga uppr\u00e4tta position med sluttande bak\u00e5triktad front\u00f6ppning<\/li>\n<li>Designen minskar hundars &#8221;kryp&#8221; som \u00e4r vanligt i andra konstruktioner med vertikal \u00f6ppning<\/li>\n<li>Snabb utplacering och nedf\u00e4llning<\/li>\n<li>4 markpinnar ing\u00e5r<\/li>\n<li>F\u00e4lls ihop platt och kompakt (31 tum B x 21 tum L x 2,5 tum H)<\/li>\n<li>31 tum B x 39 tum L x 20 tum H \u2022 V\u00e4ger endast 5 lbs.<\/li>\n<\/ul>\n","protected":false},"excerpt":{"rendered":"<p>Noutajablindi<\/p>\n","protected":false},"featured_media":226523,"comment_status":"open","ping_status":"closed","template":"","meta":[],"product_brand":[],"product_cat":[2517],"product_tag":[],"class_list":{"0":"post-289146","1":"product","2":"type-product","3":"status-publish","4":"has-post-thumbnail","6":"product_cat-hundpersienner-vastar-och-diverse","7":"product_shipping_class-big-sv","9":"first","10":"instock","11":"taxable","12":"shipping-taxable","13":"purchasable","14":"product-type-simple"},"composite_virtual":false,"composite_layout":"","composite_add_to_cart_form_location":"","composite_editable_in_cart":false,"composite_sold_individually_context":"","composite_shop_price_calc":"","composite_components":[],"composite_scenarios":[],"group_of_quantity":0,"min_quantity":0,"max_quantity":"","exclude_order_quantity_value_rules":"no","exclude_category_quantity_rules":"no","combine_variations":"no","exclude_global_add_ons":[],"addons":[],"_links":{"self":[{"href":"https:\/\/www.huntersfriend.eu\/sv\/wp-json\/wp\/v2\/product\/289146","targetHints":{"allow":["GET"]}}],"collection":[{"href":"https:\/\/www.huntersfriend.eu\/sv\/wp-json\/wp\/v2\/product"}],"about":[{"href":"https:\/\/www.huntersfriend.eu\/sv\/wp-json\/wp\/v2\/types\/product"}],"replies":[{"embeddable":true,"href":"https:\/\/www.huntersfriend.eu\/sv\/wp-json\/wp\/v2\/comments?post=289146"}],"wp:featuredmedia":[{"embeddable":true,"href":"https:\/\/www.huntersfriend.eu\/sv\/wp-json\/wp\/v2\/media\/226523"}],"wp:attachment":[{"href":"https:\/\/www.huntersfriend.eu\/sv\/wp-json\/wp\/v2\/media?parent=289146"}],"wp:term":[{"taxonomy":"product_brand","embeddable":true,"href":"https:\/\/www.huntersfriend.eu\/sv\/wp-json\/wp\/v2\/product_brand?post=289146"},{"taxonomy":"product_cat","embeddable":true,"href":"https:\/\/www.huntersfriend.eu\/sv\/wp-json\/wp\/v2\/product_cat?post=289146"},{"taxonomy":"product_tag","embeddable":true,"href":"https:\/\/www.huntersfriend.eu\/sv\/wp-json\/wp\/v2\/product_tag?post=289146"}],"curies":[{"name":"wp","href":"https:\/\/api.w.org\/{rel}","templated":true}]}}