{"id":289132,"date":"2019-09-26T14:20:34","date_gmt":"2019-09-26T12:20:34","guid":{"rendered":"https:\/\/www.huntersfriend.eu\/product\/final-approach-express-gomsle\/"},"modified":"2025-08-27T14:14:00","modified_gmt":"2025-08-27T12:14:00","slug":"final-approach-express-gomsle","status":"publish","type":"product","link":"https:\/\/www.huntersfriend.eu\/sv\/produkt\/final-approach-express-gomsle\/","title":{"rendered":"Final Approach Express-g\u00f6msle"},"content":{"rendered":"<p>Express-g\u00f6mslet \u00e4r f\u00f6r j\u00e4gare som snabbt vill kunna f\u00f6rflytta sig, som inte kan anv\u00e4nda ett fullstort ramg\u00f6msle och som vill packa l\u00e4tt. V\u00e5ra ytbehandlade tyger garanterar att du h\u00e5ller dig torr i f\u00e4lt och st\u00e5r emot en h\u00e4ngiven j\u00e4gares slitage. <\/p>\n<ul>\n<li>Extremt snabbt och enkelt, s\u00e4tts upp p\u00e5 n\u00e5gra sekunder<\/li>\n<li>L\u00e4ttviktsram av rostfritt aluminium<\/li>\n<li>Komplett med remmar f\u00f6r extra kamouflage<\/li>\n<li>V\u00e5rt originalsystem med delat lock f\u00f6r snabb och enkel skjut\u00e5tkomst<\/li>\n<li>Isolerat ryggst\u00f6d och golv f\u00f6r komfort<\/li>\n<li>Slitstarkt 600D kamouflagetyg med vattent\u00e4t PVC-baksida<\/li>\n<li>Praktiska dubbla h\u00e5l f\u00f6r flaggning p\u00e5 sidan<\/li>\n<li>Bekv\u00e4mt vadderat nackst\u00f6d<\/li>\n<li>V\u00e4ger endast 5,2 kg<\/li>\n<li>63,5 cm B x 198 cm L x 35,5 cm H<\/li>\n<li>F\u00e4rg: Shadow Grass Blades<\/li>\n<\/ul>\n<p><strong>Obs: Onlinebest\u00e4llningar \u00e4r begr\u00e4nsade till en l\u00e5da per best\u00e4llning. F\u00f6r st\u00f6rre m\u00e4ngder, v\u00e4nligen kontakta kundtj\u00e4nst direkt f\u00f6r att se \u00f6ver leveranskostnaderna <\/strong><\/p>\n","protected":false},"excerpt":{"rendered":"<p><strong>Obs: Onlinebest\u00e4llningar \u00e4r begr\u00e4nsade till en l\u00e5da per best\u00e4llning. F\u00f6r st\u00f6rre m\u00e4ngder, v\u00e4nligen kontakta kundtj\u00e4nst direkt f\u00f6r att se \u00f6ver leveranskostnaderna <\/strong><\/p>\n","protected":false},"featured_media":208641,"comment_status":"open","ping_status":"closed","template":"","meta":[],"product_brand":[],"product_cat":[2859],"product_tag":[],"class_list":{"0":"post-289132","1":"product","2":"type-product","3":"status-publish","4":"has-post-thumbnail","6":"product_cat-vattenfagelblandningar","7":"product_shipping_class-big-sv","9":"first","10":"instock","11":"taxable","12":"shipping-taxable","13":"purchasable","14":"product-type-simple"},"composite_virtual":false,"composite_layout":"","composite_add_to_cart_form_location":"","composite_editable_in_cart":false,"composite_sold_individually_context":"","composite_shop_price_calc":"","composite_components":[],"composite_scenarios":[],"group_of_quantity":0,"min_quantity":0,"max_quantity":"","exclude_order_quantity_value_rules":"no","exclude_category_quantity_rules":"no","combine_variations":"no","exclude_global_add_ons":[],"addons":[],"_links":{"self":[{"href":"https:\/\/www.huntersfriend.eu\/sv\/wp-json\/wp\/v2\/product\/289132","targetHints":{"allow":["GET"]}}],"collection":[{"href":"https:\/\/www.huntersfriend.eu\/sv\/wp-json\/wp\/v2\/product"}],"about":[{"href":"https:\/\/www.huntersfriend.eu\/sv\/wp-json\/wp\/v2\/types\/product"}],"replies":[{"embeddable":true,"href":"https:\/\/www.huntersfriend.eu\/sv\/wp-json\/wp\/v2\/comments?post=289132"}],"wp:featuredmedia":[{"embeddable":true,"href":"https:\/\/www.huntersfriend.eu\/sv\/wp-json\/wp\/v2\/media\/208641"}],"wp:attachment":[{"href":"https:\/\/www.huntersfriend.eu\/sv\/wp-json\/wp\/v2\/media?parent=289132"}],"wp:term":[{"taxonomy":"product_brand","embeddable":true,"href":"https:\/\/www.huntersfriend.eu\/sv\/wp-json\/wp\/v2\/product_brand?post=289132"},{"taxonomy":"product_cat","embeddable":true,"href":"https:\/\/www.huntersfriend.eu\/sv\/wp-json\/wp\/v2\/product_cat?post=289132"},{"taxonomy":"product_tag","embeddable":true,"href":"https:\/\/www.huntersfriend.eu\/sv\/wp-json\/wp\/v2\/product_tag?post=289132"}],"curies":[{"name":"wp","href":"https:\/\/api.w.org\/{rel}","templated":true}]}}