{"id":289131,"date":"2019-08-20T11:20:25","date_gmt":"2019-08-20T09:20:25","guid":{"rendered":"https:\/\/www.huntersfriend.eu\/product\/sitka-mountain-pants-optifade-subalpine\/"},"modified":"2025-11-20T12:56:06","modified_gmt":"2025-11-20T10:56:06","slug":"sitka-mountain-pants-optifade-subalpine","status":"publish","type":"product","link":"https:\/\/www.huntersfriend.eu\/sv\/produkt\/sitka-mountain-pants-optifade-subalpine\/","title":{"rendered":"SITKA mountain pants optifade subalpine"},"content":{"rendered":"<p>Mountain Pant \u00e4r utan tvekan den schweiziska arm\u00e9kniven bland jaktbyxor. Fr\u00e5n att spana efter \u00e4lg i Alberta till att smyga p\u00e5 gaffelantiloper i v\u00e4stra Texas, kommer dessa byxor att vara ditt f\u00f6rstahandsval. En avsmalnande konstruktion av v\u00e4vt 4-v\u00e4gsstretchpolyester med ledad m\u00f6nstring och en kil i grenen m\u00f6jligg\u00f6r maximal r\u00f6relsefrihet. Avtagbara kn\u00e4skydd f\u00f6r \u00f6kat skydd och en DWR-finish f\u00f6r att avvisa l\u00e4tt nederb\u00f6rd \u00e4r extra till\u00e4gg till denna redan robusta storspelsprodukt.   <\/p>\n<p><span class=\"getshortdesc\"><b>Sitka Mountain Pants &#8211; Optifade Subalpine<\/b><\/span><br \/>\nL\u00e4tta, varma och t\u00e5ligare \u00e4n elak sn\u00e5rskog, Mountain Pants \u00e4r specialiserade p\u00e5 att r\u00f6ra sig snabbt under mitten och slutet av s\u00e4songerna. Inf\u00f6r 2016 byggde vi om dem fr\u00e5n grunden med en mer exakt passform och ett nyutvecklat tyg, vilket g\u00f6r robusta smygjakter tystare och bekv\u00e4mare \u00e4n n\u00e5gonsin. <\/p>\n<p>Sitkas mest m\u00e5ngsidiga byxa har f\u00e5tt en ny design med ett nytt 4-v\u00e4gsstretchtextil och en f\u00f6rfinad passform. En l\u00e5g profil i midjan minimerar bulk f\u00f6r att f\u00f6rhindra tryckpunkter n\u00e4r du b\u00e4r en ryggs\u00e4ck, och en konturerad passform i s\u00e4tet och benen m\u00f6jligg\u00f6r atletiska r\u00f6relser. Benen \u00e4r avsmalnande f\u00f6r att begr\u00e4nsa friktion och buller, och de tog bort det tunga \u00f6verl\u00e4ggsskyddet f\u00f6r maximal smygf\u00f6rm\u00e5ga.  <\/p>\n<p>Mountain Pants \u00e4r f\u00f6rberedda f\u00f6r h\u00e4ngslen och de str\u00f6mlinjeformade b\u00e4ltes\u00f6glorna rymmer ett 1 \u00be tums b\u00e4lte. Ledade kn\u00e4n med avtagbara kn\u00e4skydd ger extra skydd vid kl\u00e4ttring och krypning. Tv\u00e5 handfickor med dragkedja och en h\u00f6ftficka med dragkedja h\u00e5ller sm\u00e5 v\u00e4sentligheter tillg\u00e4ngliga och s\u00e4kra, och tv\u00e5 lastfickor st\u00e4ngs med tysta tryckknappar som inte avsl\u00f6jar din position.  <\/p>\n<p><strong>Funktioner:<\/strong><\/p>\n<ul>\n<li>4-v\u00e4gsstretch v\u00e4vd polyester<\/li>\n<li>Ledad m\u00f6nstring<\/li>\n<li>Nytt mjukare &amp; l\u00e4ttare avtagbart kn\u00e4skydd<\/li>\n<li>Sidolastfickor<\/li>\n<li>Teknik &#8211; DWR-finish<\/li>\n<li>Vikt: 27,5 uns \/ 34R<\/li>\n<\/ul>\n<p><strong>Tillg\u00e4ngliga storlekar:<\/strong> 30 &#8211; 40 tum<\/p>\n<p><a href=\"https:\/\/www.huntersfriend.eu\/app\/uploads\/2022\/05\/Sitka-miesten-kokoatulukko.jpg\"><img decoding=\"async\" class=\"alignnone wp-image-231001 size-medium\" src=\"https:\/\/www.huntersfriend.eu\/app\/uploads\/2022\/05\/Sitka-miesten-kokoatulukko-600x371.jpg\" alt=\"\" width=\"600\" height=\"371\" srcset=\"https:\/\/www.huntersfriend.eu\/app\/uploads\/2022\/05\/Sitka-miesten-kokoatulukko-600x371.jpg 600w, https:\/\/www.huntersfriend.eu\/app\/uploads\/2022\/05\/Sitka-miesten-kokoatulukko-768x475.jpg 768w, https:\/\/www.huntersfriend.eu\/app\/uploads\/2022\/05\/Sitka-miesten-kokoatulukko-300x186.jpg 300w, https:\/\/www.huntersfriend.eu\/app\/uploads\/2022\/05\/Sitka-miesten-kokoatulukko-200x124.jpg 200w, https:\/\/www.huntersfriend.eu\/app\/uploads\/2022\/05\/Sitka-miesten-kokoatulukko-97x60.jpg 97w, https:\/\/www.huntersfriend.eu\/app\/uploads\/2022\/05\/Sitka-miesten-kokoatulukko-146x90.jpg 146w, https:\/\/www.huntersfriend.eu\/app\/uploads\/2022\/05\/Sitka-miesten-kokoatulukko.jpg 970w\" sizes=\"(max-width: 600px) 100vw, 600px\" \/><\/a><\/p>\n","protected":false},"excerpt":{"rendered":"<p><a href=\"https:\/\/www.huntersfriend.eu\/app\/uploads\/2022\/05\/Sitka-miesten-kokoatulukko.jpg\"><strong>Storlekstabell<\/strong><\/a><\/p>\n","protected":false},"featured_media":232220,"comment_status":"open","ping_status":"closed","template":"","meta":[],"product_brand":[],"product_cat":[878],"product_tag":[],"class_list":{"0":"post-289131","1":"product","2":"type-product","3":"status-publish","4":"has-post-thumbnail","6":"product_cat-uncategorized-sv","8":"first","9":"instock","10":"sale","11":"taxable","12":"shipping-taxable","13":"purchasable","14":"product-type-variable"},"composite_virtual":false,"composite_layout":"","composite_add_to_cart_form_location":"","composite_editable_in_cart":false,"composite_sold_individually_context":"","composite_shop_price_calc":"","composite_components":[],"composite_scenarios":[],"group_of_quantity":0,"min_quantity":0,"max_quantity":"","exclude_order_quantity_value_rules":"no","exclude_category_quantity_rules":"no","combine_variations":"no","exclude_global_add_ons":[],"addons":[],"_links":{"self":[{"href":"https:\/\/www.huntersfriend.eu\/sv\/wp-json\/wp\/v2\/product\/289131","targetHints":{"allow":["GET"]}}],"collection":[{"href":"https:\/\/www.huntersfriend.eu\/sv\/wp-json\/wp\/v2\/product"}],"about":[{"href":"https:\/\/www.huntersfriend.eu\/sv\/wp-json\/wp\/v2\/types\/product"}],"replies":[{"embeddable":true,"href":"https:\/\/www.huntersfriend.eu\/sv\/wp-json\/wp\/v2\/comments?post=289131"}],"wp:featuredmedia":[{"embeddable":true,"href":"https:\/\/www.huntersfriend.eu\/sv\/wp-json\/wp\/v2\/media\/232220"}],"wp:attachment":[{"href":"https:\/\/www.huntersfriend.eu\/sv\/wp-json\/wp\/v2\/media?parent=289131"}],"wp:term":[{"taxonomy":"product_brand","embeddable":true,"href":"https:\/\/www.huntersfriend.eu\/sv\/wp-json\/wp\/v2\/product_brand?post=289131"},{"taxonomy":"product_cat","embeddable":true,"href":"https:\/\/www.huntersfriend.eu\/sv\/wp-json\/wp\/v2\/product_cat?post=289131"},{"taxonomy":"product_tag","embeddable":true,"href":"https:\/\/www.huntersfriend.eu\/sv\/wp-json\/wp\/v2\/product_tag?post=289131"}],"curies":[{"name":"wp","href":"https:\/\/api.w.org\/{rel}","templated":true}]}}