{"id":289124,"date":"2019-07-22T08:20:17","date_gmt":"2019-07-22T06:20:17","guid":{"rendered":"https:\/\/www.huntersfriend.eu\/product\/montana-decoy-rabock\/"},"modified":"2026-03-27T12:45:27","modified_gmt":"2026-03-27T10:45:27","slug":"montana-decoy-rabock","status":"publish","type":"product","link":"https:\/\/www.huntersfriend.eu\/sv\/produkt\/montana-decoy-rabock\/","title":{"rendered":"Montana decoy &#8211; R\u00e5bock"},"content":{"rendered":"<p><em><strong>Ny leverans f\u00f6rv\u00e4ntas i lager i april 2023<\/strong><\/em><\/p>\n<p>Skogens teater blir mycket mer underh\u00e5llande n\u00e4r man ser \u00e4ldre bockar springa f\u00f6r att s\u00e4tta denna r\u00e5djursattrapp p\u00e5 plats. Den h\u00e4r unga killen, med \u00f6ronen bak\u00e5t och aggressiv h\u00e5llning, \u00e4r en hjortattrapp som bjuder in till en utmaning fr\u00e5n bossen. <\/p>\n<p><strong>Funktioner f\u00f6r jaktattrapp<\/strong><\/p>\n<p>\u2022 F\u00e4lls ihop platt och \u00f6ppnas till full storlek p\u00e5 n\u00e5gra sekunder.<\/p>\n<p>\u2022 H\u00e5llning och storlek s\u00e4nder en utmaning utan att skr\u00e4mma bockar.<\/p>\n<p>\u2022 S\u00e4tter stopp f\u00f6r att b\u00e4ra skrymmande, otympliga plastattrapper.<\/p>\n<p>Vikt ca 0,75 kg (inklusive stolpar)<\/p>\n<p>Storlek hopf\u00e4lld 42 cm x 24 cm<\/p>\n<p>Utf\u00e4lld &#8211; 76 cm x 106 cm (naturlig storlek)<\/p>\n","protected":false},"excerpt":{"rendered":"<p>Ny leverans f\u00f6rv\u00e4ntas i lager i april 2023 Skogens teater blir mycket mer underh\u00e5llande n\u00e4r man ser \u00e4ldre bockar springa f\u00f6r att s\u00e4tta denna r\u00e5djursattrapp p\u00e5 plats. Den h\u00e4r unga killen, med \u00f6ronen bak\u00e5t och aggressiv h\u00e5llning, \u00e4r en hjortattrapp som bjuder in till en utmaning fr\u00e5n bossen. Funktioner f\u00f6r jaktattrapp \u2022 F\u00e4lls ihop platt [&#8230;]\n","protected":false},"featured_media":210134,"comment_status":"open","ping_status":"closed","template":"","meta":[],"product_brand":[],"product_cat":[2881],"product_tag":[],"class_list":{"0":"post-289124","1":"product","2":"type-product","3":"status-publish","4":"has-post-thumbnail","6":"product_cat-lockfaglar-for-storvilt","8":"first","9":"instock","10":"sale","11":"featured","12":"taxable","13":"shipping-taxable","14":"purchasable","15":"product-type-simple"},"composite_virtual":false,"composite_layout":"","composite_add_to_cart_form_location":"","composite_editable_in_cart":false,"composite_sold_individually_context":"","composite_shop_price_calc":"","composite_components":[],"composite_scenarios":[],"group_of_quantity":0,"min_quantity":0,"max_quantity":"","exclude_order_quantity_value_rules":"no","exclude_category_quantity_rules":"no","combine_variations":"no","exclude_global_add_ons":[],"addons":[],"_links":{"self":[{"href":"https:\/\/www.huntersfriend.eu\/sv\/wp-json\/wp\/v2\/product\/289124","targetHints":{"allow":["GET"]}}],"collection":[{"href":"https:\/\/www.huntersfriend.eu\/sv\/wp-json\/wp\/v2\/product"}],"about":[{"href":"https:\/\/www.huntersfriend.eu\/sv\/wp-json\/wp\/v2\/types\/product"}],"replies":[{"embeddable":true,"href":"https:\/\/www.huntersfriend.eu\/sv\/wp-json\/wp\/v2\/comments?post=289124"}],"wp:featuredmedia":[{"embeddable":true,"href":"https:\/\/www.huntersfriend.eu\/sv\/wp-json\/wp\/v2\/media\/210134"}],"wp:attachment":[{"href":"https:\/\/www.huntersfriend.eu\/sv\/wp-json\/wp\/v2\/media?parent=289124"}],"wp:term":[{"taxonomy":"product_brand","embeddable":true,"href":"https:\/\/www.huntersfriend.eu\/sv\/wp-json\/wp\/v2\/product_brand?post=289124"},{"taxonomy":"product_cat","embeddable":true,"href":"https:\/\/www.huntersfriend.eu\/sv\/wp-json\/wp\/v2\/product_cat?post=289124"},{"taxonomy":"product_tag","embeddable":true,"href":"https:\/\/www.huntersfriend.eu\/sv\/wp-json\/wp\/v2\/product_tag?post=289124"}],"curies":[{"name":"wp","href":"https:\/\/api.w.org\/{rel}","templated":true}]}}