{"id":289122,"date":"2019-07-22T08:20:14","date_gmt":"2019-07-22T06:20:14","guid":{"rendered":"https:\/\/www.huntersfriend.eu\/product\/montana-lockbete-radjur-hona\/"},"modified":"2026-03-27T12:46:39","modified_gmt":"2026-03-27T10:46:39","slug":"montana-lockbete-radjur-hona","status":"publish","type":"product","link":"https:\/\/www.huntersfriend.eu\/sv\/produkt\/montana-lockbete-radjur-hona\/","title":{"rendered":"Montana Lockbete R\u00e5djur Hona"},"content":{"rendered":"<p>Skogens teater blir mycket mer underh\u00e5llande n\u00e4r man ser r\u00e5bockar springa f\u00f6r att f\u00e5 en chans med denna fina dam. Hon \u00e4r varje r\u00e5bocks dr\u00f6m som g\u00e5r i uppfyllelse och hon kommer att locka dem inom r\u00e4ckh\u00e5ll f\u00f6r din pilb\u00e5ge. <\/p>\n<p><strong>Funktioner f\u00f6r jaktattrapp<\/strong><\/p>\n<p>\u2022 F\u00e4lls ihop platt och \u00f6ppnas till full storlek p\u00e5 n\u00e5gra sekunder.<\/p>\n<p>\u2022 H\u00e5llning och storlek s\u00e4nder ett budskap till bockarna.<\/p>\n<p>\u2022 S\u00e4tter stopp f\u00f6r att b\u00e4ra skrymmande, otympliga plastattrapper.<\/p>\n<p>Vikt ca 0,70 kg (inklusive pinnar)<\/p>\n<p>Storlek hopf\u00e4lld 35 cm x 24 cm<\/p>\n<p>Utf\u00e4lld &#8211; 76 cm x 12 cm (naturlig storlek)<\/p>\n","protected":false},"excerpt":{"rendered":"<p>Skogens teater blir mycket mer underh\u00e5llande n\u00e4r man ser r\u00e5bockar springa f\u00f6r att f\u00e5 en chans med denna fina dam. Hon \u00e4r varje r\u00e5bocks dr\u00f6m som g\u00e5r i uppfyllelse och hon kommer att locka dem inom r\u00e4ckh\u00e5ll f\u00f6r din pilb\u00e5ge. Funktioner f\u00f6r jaktattrapp \u2022 F\u00e4lls ihop platt och \u00f6ppnas till full storlek p\u00e5 n\u00e5gra sekunder. [&#8230;]\n","protected":false},"featured_media":210131,"comment_status":"open","ping_status":"closed","template":"","meta":[],"product_brand":[],"product_cat":[2881],"product_tag":[],"class_list":{"0":"post-289122","1":"product","2":"type-product","3":"status-publish","4":"has-post-thumbnail","6":"product_cat-lockfaglar-for-storvilt","8":"first","9":"instock","10":"sale","11":"featured","12":"taxable","13":"shipping-taxable","14":"purchasable","15":"product-type-simple"},"composite_virtual":false,"composite_layout":"","composite_add_to_cart_form_location":"","composite_editable_in_cart":false,"composite_sold_individually_context":"","composite_shop_price_calc":"","composite_components":[],"composite_scenarios":[],"group_of_quantity":0,"min_quantity":0,"max_quantity":"","exclude_order_quantity_value_rules":"no","exclude_category_quantity_rules":"no","combine_variations":"no","exclude_global_add_ons":[],"addons":[],"_links":{"self":[{"href":"https:\/\/www.huntersfriend.eu\/sv\/wp-json\/wp\/v2\/product\/289122","targetHints":{"allow":["GET"]}}],"collection":[{"href":"https:\/\/www.huntersfriend.eu\/sv\/wp-json\/wp\/v2\/product"}],"about":[{"href":"https:\/\/www.huntersfriend.eu\/sv\/wp-json\/wp\/v2\/types\/product"}],"replies":[{"embeddable":true,"href":"https:\/\/www.huntersfriend.eu\/sv\/wp-json\/wp\/v2\/comments?post=289122"}],"wp:featuredmedia":[{"embeddable":true,"href":"https:\/\/www.huntersfriend.eu\/sv\/wp-json\/wp\/v2\/media\/210131"}],"wp:attachment":[{"href":"https:\/\/www.huntersfriend.eu\/sv\/wp-json\/wp\/v2\/media?parent=289122"}],"wp:term":[{"taxonomy":"product_brand","embeddable":true,"href":"https:\/\/www.huntersfriend.eu\/sv\/wp-json\/wp\/v2\/product_brand?post=289122"},{"taxonomy":"product_cat","embeddable":true,"href":"https:\/\/www.huntersfriend.eu\/sv\/wp-json\/wp\/v2\/product_cat?post=289122"},{"taxonomy":"product_tag","embeddable":true,"href":"https:\/\/www.huntersfriend.eu\/sv\/wp-json\/wp\/v2\/product_tag?post=289122"}],"curies":[{"name":"wp","href":"https:\/\/api.w.org\/{rel}","templated":true}]}}