{"id":289120,"date":"2019-05-22T11:20:17","date_gmt":"2019-05-22T09:20:17","guid":{"rendered":"https:\/\/www.huntersfriend.eu\/product\/ams-sakerhetsglid-kit\/"},"modified":"2025-08-27T14:13:48","modified_gmt":"2025-08-27T12:13:48","slug":"ams-sakerhetsglid-kit","status":"publish","type":"product","link":"https:\/\/www.huntersfriend.eu\/sv\/produkt\/ams-sakerhetsglid-kit\/","title":{"rendered":"AMS s\u00e4kerhetsglid-kit"},"content":{"rendered":"<p>AMS EverGlide Safety Slide har g\u00e5ng p\u00e5 g\u00e5ng visat sig vara en p\u00e5litlig produkt med tusentals f\u00e5ngade fiskar, inklusive m\u00e5nga stora fiskar \u00f6ver 136 kg. L\u00e4gg helt enkelt pilen med pilglidet framf\u00f6r, sp\u00e4nn linan till rullen och skjut. N\u00e4r du drar tillbaka kommer Safety Slide att f\u00f6rbli stillast\u00e5ende framf\u00f6r resten. Vid frig\u00f6ring r\u00f6r sig glidet tillbaka till pilens \u00e4nde och stannar vid st\u00f6td\u00e4mparen, vilket ger dig en perfekt pilflykt. Anv\u00e4nd alltid ett pilglid, knyt aldrig din lina direkt till pilens \u00e4nde. Linor som \u00e4r knutna p\u00e5 ett s\u00e5dant s\u00e4tt kan trassla in sig ov\u00e4ntat med b\u00e5gstr\u00e4ngen och f\u00e5 pilen att &#8221;studsa tillbaka&#8221; efter skottet. AMS EverGlide Safety Slides f\u00f6rhindrar &#8221;\u00e5terstuds&#8221; genom att h\u00e5lla din b\u00e5gfiskelina \u00e5tskild fr\u00e5n din b\u00e5gstr\u00e4ng hela tiden. Var s\u00e4ker, anv\u00e4nd AMS EverGlide Safety Slides.       <\/p>\n<p>Tillverkad i Amerika. <strong>Viktigt att t\u00e4nka p\u00e5 f\u00f6r anv\u00e4ndare av spinnrullar!<\/strong> Korrekt anv\u00e4ndning av AMS EverGlide Safety Slides med spinnrullar f\u00f6rhindrar att pilen studsar tillbaka, vilket orsakas av att linan knyter sig till b\u00e5gstr\u00e4ngen. Dess anv\u00e4ndning kan dock g\u00f6ra att du gl\u00f6mmer att sl\u00e4ppa sp\u00e4rren p\u00e5 din spinnrulle, vilket kan orsaka en annan typ av &#8221;\u00e5terstuds&#8221;. Gl\u00f6m inte att sl\u00e4ppa sp\u00e4rren p\u00e5 din spinnrulle f\u00f6re varje skott! (AMS Retrievers har ingen sp\u00e4rr eller knapp att trycka p\u00e5 f\u00f6re skottet, bara dra, sikta och skjut!)   <\/p>\n","protected":false},"excerpt":{"rendered":"<p>5\/16&#8243; 5-pack endast f\u00f6r b\u00e5gfiske-pilar<\/p>\n","protected":false},"featured_media":211029,"comment_status":"open","ping_status":"closed","template":"","meta":[],"product_brand":[],"product_cat":[2910],"product_tag":[],"class_list":{"0":"post-289120","1":"product","2":"type-product","3":"status-publish","4":"has-post-thumbnail","6":"product_cat-delar-bagfiske","8":"first","9":"instock","10":"taxable","11":"shipping-taxable","12":"purchasable","13":"product-type-simple"},"composite_virtual":false,"composite_layout":"","composite_add_to_cart_form_location":"","composite_editable_in_cart":false,"composite_sold_individually_context":"","composite_shop_price_calc":"","composite_components":[],"composite_scenarios":[],"group_of_quantity":0,"min_quantity":0,"max_quantity":"","exclude_order_quantity_value_rules":"no","exclude_category_quantity_rules":"no","combine_variations":"no","exclude_global_add_ons":[],"addons":[],"_links":{"self":[{"href":"https:\/\/www.huntersfriend.eu\/sv\/wp-json\/wp\/v2\/product\/289120","targetHints":{"allow":["GET"]}}],"collection":[{"href":"https:\/\/www.huntersfriend.eu\/sv\/wp-json\/wp\/v2\/product"}],"about":[{"href":"https:\/\/www.huntersfriend.eu\/sv\/wp-json\/wp\/v2\/types\/product"}],"replies":[{"embeddable":true,"href":"https:\/\/www.huntersfriend.eu\/sv\/wp-json\/wp\/v2\/comments?post=289120"}],"wp:featuredmedia":[{"embeddable":true,"href":"https:\/\/www.huntersfriend.eu\/sv\/wp-json\/wp\/v2\/media\/211029"}],"wp:attachment":[{"href":"https:\/\/www.huntersfriend.eu\/sv\/wp-json\/wp\/v2\/media?parent=289120"}],"wp:term":[{"taxonomy":"product_brand","embeddable":true,"href":"https:\/\/www.huntersfriend.eu\/sv\/wp-json\/wp\/v2\/product_brand?post=289120"},{"taxonomy":"product_cat","embeddable":true,"href":"https:\/\/www.huntersfriend.eu\/sv\/wp-json\/wp\/v2\/product_cat?post=289120"},{"taxonomy":"product_tag","embeddable":true,"href":"https:\/\/www.huntersfriend.eu\/sv\/wp-json\/wp\/v2\/product_tag?post=289120"}],"curies":[{"name":"wp","href":"https:\/\/api.w.org\/{rel}","templated":true}]}}