{"id":289119,"date":"2019-06-19T11:20:11","date_gmt":"2019-06-19T09:20:11","guid":{"rendered":"https:\/\/www.huntersfriend.eu\/product\/rack-one-boost-hangande-slicksten-kraftstation\/"},"modified":"2026-03-26T13:44:23","modified_gmt":"2026-03-26T11:44:23","slug":"rack-one-boost-hangande-slicksten-kraftstation","status":"publish","type":"product","link":"https:\/\/www.huntersfriend.eu\/sv\/produkt\/rack-one-boost-hangande-slicksten-kraftstation\/","title":{"rendered":"Rack One boost, h\u00e4ngande slicksten, kraftstation"},"content":{"rendered":"<p>Scouting Season Attractant i 3 smaker:<\/p>\n<p>\u00c4pple, sockerbeta och ekollon<\/p>\n<p><span lang=\"EN-US\" style=\"margin: 0px; line-height: 107%; font-family: 'Helvetica',sans-serif; font-size: 11.5pt;\"><span style=\"color: #000000;\">Ladda upp din jakt med Rack One Power Station h\u00e4ngande lockmedel! Den intensiva doften av Fall Acorn, Crisp Apple eller Sugar Beet, som h\u00e4nger i den medf\u00f6ljande remmen, lockar fram hjortar fr\u00e5n deras g\u00f6mst\u00e4llen och ger dig b\u00e4sta m\u00f6jliga skottl\u00e4ge, oavsett om det \u00e4r en plats f\u00f6r en \u00e5telkamera eller ett jaktpass. Med naturliga mineraler f\u00f6r hornv\u00e4xt och enzymer som st\u00f6djer en h\u00e4lsosam matsm\u00e4ltning, kan du \u00f6ka dina chanser med ett Power Station premium-lockmedel.  <\/span><\/span><\/p>\n<p>2,2 kg block<\/p>\n","protected":false},"excerpt":{"rendered":"<p>2,2 kg block<\/p>\n","protected":false},"featured_media":40547,"comment_status":"open","ping_status":"closed","template":"","meta":[],"product_brand":[],"product_cat":[2765,2856],"product_tag":[],"class_list":{"0":"post-289119","1":"product","2":"type-product","3":"status-publish","4":"has-post-thumbnail","6":"product_cat-fyndlada-slutrea","7":"product_cat-lockmedel-och-mineraler","9":"first","10":"instock","11":"sale","12":"taxable","13":"shipping-taxable","14":"purchasable","15":"product-type-variable"},"composite_virtual":false,"composite_layout":"","composite_add_to_cart_form_location":"","composite_editable_in_cart":false,"composite_sold_individually_context":"","composite_shop_price_calc":"","composite_components":[],"composite_scenarios":[],"group_of_quantity":0,"min_quantity":0,"max_quantity":"","exclude_order_quantity_value_rules":"no","exclude_category_quantity_rules":"no","combine_variations":"no","exclude_global_add_ons":[],"addons":[],"_links":{"self":[{"href":"https:\/\/www.huntersfriend.eu\/sv\/wp-json\/wp\/v2\/product\/289119","targetHints":{"allow":["GET"]}}],"collection":[{"href":"https:\/\/www.huntersfriend.eu\/sv\/wp-json\/wp\/v2\/product"}],"about":[{"href":"https:\/\/www.huntersfriend.eu\/sv\/wp-json\/wp\/v2\/types\/product"}],"replies":[{"embeddable":true,"href":"https:\/\/www.huntersfriend.eu\/sv\/wp-json\/wp\/v2\/comments?post=289119"}],"wp:featuredmedia":[{"embeddable":true,"href":"https:\/\/www.huntersfriend.eu\/sv\/wp-json\/wp\/v2\/media\/40547"}],"wp:attachment":[{"href":"https:\/\/www.huntersfriend.eu\/sv\/wp-json\/wp\/v2\/media?parent=289119"}],"wp:term":[{"taxonomy":"product_brand","embeddable":true,"href":"https:\/\/www.huntersfriend.eu\/sv\/wp-json\/wp\/v2\/product_brand?post=289119"},{"taxonomy":"product_cat","embeddable":true,"href":"https:\/\/www.huntersfriend.eu\/sv\/wp-json\/wp\/v2\/product_cat?post=289119"},{"taxonomy":"product_tag","embeddable":true,"href":"https:\/\/www.huntersfriend.eu\/sv\/wp-json\/wp\/v2\/product_tag?post=289119"}],"curies":[{"name":"wp","href":"https:\/\/api.w.org\/{rel}","templated":true}]}}