{"id":289116,"date":"2019-05-22T11:20:16","date_gmt":"2019-09-18T07:00:21","guid":{"rendered":"https:\/\/www.huntersfriend.eu\/product\/ams-wave-pilhylla\/"},"modified":"2025-08-27T14:13:46","modified_gmt":"2025-08-27T12:13:46","slug":"ams-wave-pilhylla","status":"publish","type":"product","link":"https:\/\/www.huntersfriend.eu\/sv\/produkt\/ams-wave-pilhylla\/","title":{"rendered":"AMS Wave-pilhylla"},"content":{"rendered":"<p>Den robusta AMS-pilhyllan \u00e4r utformad med enkelhet och funktionalitet i \u00e5tanke. H\u00f6ga sidor h\u00e5ller pilen under kontroll under skottet och en roterande rulle minskar slitaget p\u00e5 pilens skaft. Pilhyllan kan anv\u00e4ndas av b\u00e5de h\u00f6ger- och v\u00e4nsterskyttar  <\/p>\n","protected":false},"excerpt":{"rendered":"<p>Endast l\u00e4mplig f\u00f6r jakt med b\u00e5gfiske<\/p>\n","protected":false},"featured_media":211026,"comment_status":"open","ping_status":"closed","template":"","meta":[],"product_brand":[],"product_cat":[2910],"product_tag":[],"class_list":{"0":"post-289116","1":"product","2":"type-product","3":"status-publish","4":"has-post-thumbnail","6":"product_cat-delar-bagfiske","8":"first","9":"instock","10":"taxable","11":"shipping-taxable","12":"purchasable","13":"product-type-simple"},"composite_virtual":false,"composite_layout":"","composite_add_to_cart_form_location":"","composite_editable_in_cart":false,"composite_sold_individually_context":"","composite_shop_price_calc":"","composite_components":[],"composite_scenarios":[],"group_of_quantity":0,"min_quantity":0,"max_quantity":"","exclude_order_quantity_value_rules":"no","exclude_category_quantity_rules":"no","combine_variations":"no","exclude_global_add_ons":[],"addons":[],"_links":{"self":[{"href":"https:\/\/www.huntersfriend.eu\/sv\/wp-json\/wp\/v2\/product\/289116","targetHints":{"allow":["GET"]}}],"collection":[{"href":"https:\/\/www.huntersfriend.eu\/sv\/wp-json\/wp\/v2\/product"}],"about":[{"href":"https:\/\/www.huntersfriend.eu\/sv\/wp-json\/wp\/v2\/types\/product"}],"replies":[{"embeddable":true,"href":"https:\/\/www.huntersfriend.eu\/sv\/wp-json\/wp\/v2\/comments?post=289116"}],"wp:featuredmedia":[{"embeddable":true,"href":"https:\/\/www.huntersfriend.eu\/sv\/wp-json\/wp\/v2\/media\/211026"}],"wp:attachment":[{"href":"https:\/\/www.huntersfriend.eu\/sv\/wp-json\/wp\/v2\/media?parent=289116"}],"wp:term":[{"taxonomy":"product_brand","embeddable":true,"href":"https:\/\/www.huntersfriend.eu\/sv\/wp-json\/wp\/v2\/product_brand?post=289116"},{"taxonomy":"product_cat","embeddable":true,"href":"https:\/\/www.huntersfriend.eu\/sv\/wp-json\/wp\/v2\/product_cat?post=289116"},{"taxonomy":"product_tag","embeddable":true,"href":"https:\/\/www.huntersfriend.eu\/sv\/wp-json\/wp\/v2\/product_tag?post=289116"}],"curies":[{"name":"wp","href":"https:\/\/api.w.org\/{rel}","templated":true}]}}