{"id":289115,"date":"2019-06-11T14:20:16","date_gmt":"2019-06-11T12:20:16","guid":{"rendered":"https:\/\/www.huntersfriend.eu\/product\/pappersmal-world-archery-field\/"},"modified":"2025-08-27T14:13:46","modified_gmt":"2025-08-27T12:13:46","slug":"pappersmal-world-archery-field","status":"publish","type":"product","link":"https:\/\/www.huntersfriend.eu\/sv\/produkt\/pappersmal-world-archery-field\/","title":{"rendered":"Pappersm\u00e5l \u2013 World Archery Field"},"content":{"rendered":"<ul>\n<li>F\u00f6rst\u00e4rkt papper f\u00f6r l\u00e4ngre livsl\u00e4ngd.<\/li>\n<li>F\u00f6r FITA\/WA Field-omg\u00e5ngar.<\/li>\n<li>6 po\u00e4ngzoner.<\/li>\n<li>Godk\u00e4nd f\u00f6r t\u00e4vlingsbruk.<\/li>\n<li>Enkelpunktsstorlek.<\/li>\n<\/ul>\n","protected":false},"excerpt":{"rendered":"<p>1 st 60 cm WA Field<\/p>\n","protected":false},"featured_media":40351,"comment_status":"open","ping_status":"closed","template":"","meta":[],"product_brand":[],"product_cat":[2980],"product_tag":[],"class_list":{"0":"post-289115","1":"product","2":"type-product","3":"status-publish","4":"has-post-thumbnail","6":"product_cat-fita-och-wa-tavlor","8":"first","9":"instock","10":"taxable","11":"shipping-taxable","12":"purchasable","13":"product-type-variable"},"composite_virtual":false,"composite_layout":"","composite_add_to_cart_form_location":"","composite_editable_in_cart":false,"composite_sold_individually_context":"","composite_shop_price_calc":"","composite_components":[],"composite_scenarios":[],"group_of_quantity":0,"min_quantity":0,"max_quantity":"","exclude_order_quantity_value_rules":"no","exclude_category_quantity_rules":"no","combine_variations":"no","exclude_global_add_ons":[],"addons":[],"_links":{"self":[{"href":"https:\/\/www.huntersfriend.eu\/sv\/wp-json\/wp\/v2\/product\/289115","targetHints":{"allow":["GET"]}}],"collection":[{"href":"https:\/\/www.huntersfriend.eu\/sv\/wp-json\/wp\/v2\/product"}],"about":[{"href":"https:\/\/www.huntersfriend.eu\/sv\/wp-json\/wp\/v2\/types\/product"}],"replies":[{"embeddable":true,"href":"https:\/\/www.huntersfriend.eu\/sv\/wp-json\/wp\/v2\/comments?post=289115"}],"wp:featuredmedia":[{"embeddable":true,"href":"https:\/\/www.huntersfriend.eu\/sv\/wp-json\/wp\/v2\/media\/40351"}],"wp:attachment":[{"href":"https:\/\/www.huntersfriend.eu\/sv\/wp-json\/wp\/v2\/media?parent=289115"}],"wp:term":[{"taxonomy":"product_brand","embeddable":true,"href":"https:\/\/www.huntersfriend.eu\/sv\/wp-json\/wp\/v2\/product_brand?post=289115"},{"taxonomy":"product_cat","embeddable":true,"href":"https:\/\/www.huntersfriend.eu\/sv\/wp-json\/wp\/v2\/product_cat?post=289115"},{"taxonomy":"product_tag","embeddable":true,"href":"https:\/\/www.huntersfriend.eu\/sv\/wp-json\/wp\/v2\/product_tag?post=289115"}],"curies":[{"name":"wp","href":"https:\/\/api.w.org\/{rel}","templated":true}]}}