{"id":289112,"date":"2019-05-22T11:20:16","date_gmt":"2019-05-22T09:20:16","guid":{"rendered":"https:\/\/www.huntersfriend.eu\/product\/ams-tidal-wave-pilhylla\/"},"modified":"2025-08-27T14:13:45","modified_gmt":"2025-08-27T12:13:45","slug":"ams-tidal-wave-pilhylla","status":"publish","type":"product","link":"https:\/\/www.huntersfriend.eu\/sv\/produkt\/ams-tidal-wave-pilhylla\/","title":{"rendered":"AMS Tidal Wave-pilhylla"},"content":{"rendered":"<p>Alla funktioner du beh\u00f6ver f\u00f6r b\u00e5gfiske, packade i den ultimata pilhyllan! AMS:s b\u00e4sts\u00e4ljande Tidal Wave-hylla \u00e4r otroligt robust. Det spelar ingen roll om du skjuter p\u00e5 en fisk som r\u00f6r sig snabbt, Tidal Waves design h\u00e5ller din pil p\u00e5 plats f\u00f6r alla skott.  <\/p>\n<p>Pilen kan laddas genom hyllan eller sn\u00e4ppas in fr\u00e5n sidan. En intern roterande rulle ger ytterligare pilkontroll under skottet och minskar slitaget p\u00e5 pilens skaft. Tidal Wave-hyllan kan anv\u00e4ndas av b\u00e5de h\u00f6ger- och v\u00e4nsterh\u00e4nta skyttar.  <\/p>\n","protected":false},"excerpt":{"rendered":"<p>Endast f\u00f6r b\u00e5gfiske!<\/p>\n","protected":false},"featured_media":211023,"comment_status":"open","ping_status":"closed","template":"","meta":[],"product_brand":[],"product_cat":[2910],"product_tag":[],"class_list":{"0":"post-289112","1":"product","2":"type-product","3":"status-publish","4":"has-post-thumbnail","6":"product_cat-delar-bagfiske","8":"first","9":"instock","10":"taxable","11":"shipping-taxable","12":"purchasable","13":"product-type-simple"},"composite_virtual":false,"composite_layout":"","composite_add_to_cart_form_location":"","composite_editable_in_cart":false,"composite_sold_individually_context":"","composite_shop_price_calc":"","composite_components":[],"composite_scenarios":[],"group_of_quantity":0,"min_quantity":0,"max_quantity":"","exclude_order_quantity_value_rules":"no","exclude_category_quantity_rules":"no","combine_variations":"no","exclude_global_add_ons":[],"addons":[],"_links":{"self":[{"href":"https:\/\/www.huntersfriend.eu\/sv\/wp-json\/wp\/v2\/product\/289112","targetHints":{"allow":["GET"]}}],"collection":[{"href":"https:\/\/www.huntersfriend.eu\/sv\/wp-json\/wp\/v2\/product"}],"about":[{"href":"https:\/\/www.huntersfriend.eu\/sv\/wp-json\/wp\/v2\/types\/product"}],"replies":[{"embeddable":true,"href":"https:\/\/www.huntersfriend.eu\/sv\/wp-json\/wp\/v2\/comments?post=289112"}],"wp:featuredmedia":[{"embeddable":true,"href":"https:\/\/www.huntersfriend.eu\/sv\/wp-json\/wp\/v2\/media\/211023"}],"wp:attachment":[{"href":"https:\/\/www.huntersfriend.eu\/sv\/wp-json\/wp\/v2\/media?parent=289112"}],"wp:term":[{"taxonomy":"product_brand","embeddable":true,"href":"https:\/\/www.huntersfriend.eu\/sv\/wp-json\/wp\/v2\/product_brand?post=289112"},{"taxonomy":"product_cat","embeddable":true,"href":"https:\/\/www.huntersfriend.eu\/sv\/wp-json\/wp\/v2\/product_cat?post=289112"},{"taxonomy":"product_tag","embeddable":true,"href":"https:\/\/www.huntersfriend.eu\/sv\/wp-json\/wp\/v2\/product_tag?post=289112"}],"curies":[{"name":"wp","href":"https:\/\/api.w.org\/{rel}","templated":true}]}}