{"id":289110,"date":"2019-05-28T12:53:52","date_gmt":"2019-05-28T10:53:52","guid":{"rendered":"https:\/\/www.huntersfriend.eu\/product\/easton-carbon-axis-5mm-skaft\/"},"modified":"2026-04-28T20:03:24","modified_gmt":"2026-04-28T18:03:24","slug":"easton-carbon-axis-5mm-skaft","status":"publish","type":"product","link":"https:\/\/www.huntersfriend.eu\/sv\/produkt\/easton-carbon-axis-5mm-skaft\/","title":{"rendered":"Easton carbon axis 5mm-skaft"},"content":{"rendered":"<h3>Kontakta oss direkt om du vill att dessa skaft ska specialtillverkas<\/h3>\n<h3>JAKTEFFEKTIVITET<\/h3>\n<p>Detta \u00e4r ett skaft med h\u00f6gh\u00e5llfast nanor\u00f6rsinfuserad kolfiberkomposit, en liten diameter p\u00e5 5 mm f\u00f6r \u00f6kad penetration och ett rimligt pris f\u00f6r ett s\u00e5 h\u00f6gkvalitativt pil-skaft. Dessa \u00e4r medel-viktade f\u00f6r en bra kombination av hastighet och penetration f\u00f6r att leverera den kinetiska energin ned\u00e5t och utrustade med Eastons X-nocks och X Hit konventionella insatser. <\/p>\n<h3>LEGENDARISK KVALITET<\/h3>\n<p>Easton har varit ledande inom jaktpilar sedan 1940-talet. Deras erfarenhet och teknik syns i varje produkt de tillverkar. Easton-skaft anv\u00e4nds av fler b\u00e5gskyttar, armborstj\u00e4gare, 3D-t\u00e4vlande, m\u00e5l- och olympiska b\u00e5gskyttar \u00e4n alla andra m\u00e4rken tillsammans. Siffror som dessa ljuger inte \u2013 Easton \u00e4r av h\u00f6gsta kvalitet. Var lugn och skaffa n\u00e5gra pilar fr\u00e5n Easton, du kommer inte att bli besviken.    <\/p>\n<h3>EASTON CARBON AXIS 5MM SPECIFIKATIONER<\/h3>\n<table>\n<tbody>\n<tr>\n<td>260<br \/>\n.260&#8243; Nedb\u00f6jning<br \/>\n11,5 GPI<br \/>\n+\/-.003&#8243; Rakhet<br \/>\n.280&#8243; Y.D.<\/td>\n<td>300<br \/>\n.300&#8243; Nedb\u00f6jning<br \/>\n10,7 GPI<br \/>\n+\/-.003&#8243; Rakhet<br \/>\n.275&#8243; Y.D.<\/td>\n<td>340<br \/>\n.340&#8243; Nedb\u00f6jning<br \/>\n9,5 GPI<br \/>\n+\/-.003&#8243; Rakhet<br \/>\n.267&#8243; Y.D.<\/td>\n<td>400<br \/>\n.400&#8243; Nedb\u00f6jning<br \/>\n9,0 GPI<br \/>\n+\/-.003&#8243; Rakhet<br \/>\n.264&#8243; Y.D.<\/td>\n<\/tr>\n<\/tbody>\n<\/table>\n<p><span lang=\"EN-US\">Denna spine-tabell \u00e4r normaliserad f\u00f6r moderna compoundb\u00e5gar med IBO-hastigheter mellan 280-330 fps. F\u00f6r snabbare b\u00e5gar, l\u00e4s tabellen ett block ned och till h\u00f6ger. F\u00f6r l\u00e5ngsammare b\u00e5gar, l\u00e4s tabellen ett block upp och till v\u00e4nster. Tabellen \u00e4r inte till\u00e4mplig f\u00f6r traditionella b\u00e5gar. OBS: Faktiska pilspine-nedb\u00f6jningar matchar inte n\u00f6dv\u00e4ndigtvis tillverkarens marknadsf\u00f6rda spine-storlekar (Gold Tip 5575, Carbon Force 200, Carbon Express 60\/75, etc.). Tillverkarens spine-storlekssystem       <\/span><strong><span lang=\"EN-US\">kan vara godtyckliga<\/span><\/strong><span lang=\"EN-US\">  (100, 200, 300, 400) och kanske eller kanske inte \u00e5terspeglar pilarnas faktiska spine-nedb\u00f6jningar. Till exempel har en &#8221;Carbon Express Maxima 250&#8243; en faktisk spine-nedb\u00f6jning p\u00e5 .404&#8243;, inte .250&#8221; som storleken antyder. I det h\u00e4r fallet \u00e4r klassificeringssystemet godtyckligt. F\u00f6r att vara s\u00e4ker, ANTA INTE att en pils publicerade spine-storlek matchar pilens faktiska nedb\u00f6jning. Se faktiska pilspecifikationsdata ovan innan du anv\u00e4nder den h\u00e4r tabellen f\u00f6r att v\u00e4lja en l\u00e4mplig spine-styvhet f\u00f6r din b\u00e5ge.      <em><strong>Om du beh\u00f6ver hj\u00e4lp, ring v\u00e5r pro-shop p\u00e5 +358 45 208 6292 eller mejla oss f\u00f6r assistans.<\/strong><\/em><\/span><\/p>\n","protected":false},"excerpt":{"rendered":"<p>Finns i 260, 300, 340 och 400 spine med nockar och insatser inkluderade.<\/p>\n","protected":false},"featured_media":212934,"comment_status":"open","ping_status":"closed","template":"","meta":[],"product_brand":[],"product_cat":[2550],"product_tag":[],"class_list":{"0":"post-289110","1":"product","2":"type-product","3":"status-publish","4":"has-post-thumbnail","6":"product_cat-koljaktskaft","8":"first","9":"outofstock","10":"taxable","11":"shipping-taxable","12":"purchasable","13":"product-type-variable"},"composite_virtual":false,"composite_layout":"","composite_add_to_cart_form_location":"","composite_editable_in_cart":false,"composite_sold_individually_context":"","composite_shop_price_calc":"","composite_components":[],"composite_scenarios":[],"group_of_quantity":0,"min_quantity":0,"max_quantity":"","exclude_order_quantity_value_rules":"no","exclude_category_quantity_rules":"no","combine_variations":"no","exclude_global_add_ons":false,"addons":[{"name":"Klipp till l\u00e4ngd","type":"multiple_choice","position":0,"required":true,"title_format":"label","default":"","description_enable":false,"description":null,"placeholder_enable":false,"placeholder":null,"display":"select","restrictions_type":"any_text","adjust_price":false,"price":"","price_type":"flat_fee","restrictions":false,"min":"0","max":"0","options":[{"label":"Klipp inte","price":"","price_type":"flat_fee","image":0,"visibility":true},{"label":"V\u00e4nligen klipp - l\u00e4gg till \u00f6nskad l\u00e4ngd i infof\u00e4ltet vid utcheckningen","price":"","price_type":"flat_fee","image":0,"visibility":true}]},{"name":"Insatser","type":"multiple_choice","position":1,"required":true,"title_format":"label","default":"","description_enable":false,"description":null,"placeholder_enable":false,"placeholder":null,"display":"select","restrictions_type":"any_text","adjust_price":false,"price":"","price_type":"flat_fee","restrictions":false,"min":"0","max":"0","options":[{"label":"Installera insatser (detta \u00e4r permanent!)","price":"","price_type":"flat_fee","image":0,"visibility":true},{"label":"Installera inte insatser (inkludera l\u00f6sa)","price":"","price_type":"flat_fee","image":0,"visibility":true}]}],"_links":{"self":[{"href":"https:\/\/www.huntersfriend.eu\/sv\/wp-json\/wp\/v2\/product\/289110","targetHints":{"allow":["GET"]}}],"collection":[{"href":"https:\/\/www.huntersfriend.eu\/sv\/wp-json\/wp\/v2\/product"}],"about":[{"href":"https:\/\/www.huntersfriend.eu\/sv\/wp-json\/wp\/v2\/types\/product"}],"replies":[{"embeddable":true,"href":"https:\/\/www.huntersfriend.eu\/sv\/wp-json\/wp\/v2\/comments?post=289110"}],"wp:featuredmedia":[{"embeddable":true,"href":"https:\/\/www.huntersfriend.eu\/sv\/wp-json\/wp\/v2\/media\/212934"}],"wp:attachment":[{"href":"https:\/\/www.huntersfriend.eu\/sv\/wp-json\/wp\/v2\/media?parent=289110"}],"wp:term":[{"taxonomy":"product_brand","embeddable":true,"href":"https:\/\/www.huntersfriend.eu\/sv\/wp-json\/wp\/v2\/product_brand?post=289110"},{"taxonomy":"product_cat","embeddable":true,"href":"https:\/\/www.huntersfriend.eu\/sv\/wp-json\/wp\/v2\/product_cat?post=289110"},{"taxonomy":"product_tag","embeddable":true,"href":"https:\/\/www.huntersfriend.eu\/sv\/wp-json\/wp\/v2\/product_tag?post=289110"}],"curies":[{"name":"wp","href":"https:\/\/api.w.org\/{rel}","templated":true}]}}