{"id":289109,"date":"2019-05-20T14:20:31","date_gmt":"2019-05-20T12:20:31","guid":{"rendered":"https:\/\/www.huntersfriend.eu\/product\/truglo-range-rover-micro-wheel-sikte\/"},"modified":"2025-08-27T14:13:40","modified_gmt":"2025-08-27T12:13:40","slug":"truglo-range-rover-micro-wheel-sikte","status":"publish","type":"product","link":"https:\/\/www.huntersfriend.eu\/sv\/produkt\/truglo-range-rover-micro-wheel-sikte\/","title":{"rendered":"TruGlo Range Rover Micro Wheel \u2013 sikte"},"content":{"rendered":"<p>TRUGLO:s Range Rover-serie har l\u00e4nge varit synonymt med f\u00f6rstklassiga pilb\u00e5gssikten med en enda pinne. Nu finns det \u00e4nnu st\u00f6rre anledning att dela TruGlos entusiasm f\u00f6r dessa vackert enkla och effektiva jaktverktyg. Innovativ NY ZERO-IN-justeringsratt ger extremt smidig och anm\u00e4rkningsv\u00e4rt exakt mikrojustering av h\u00f6jden, vilket ger j\u00e4gare en extra f\u00f6rdel under sv\u00e5ra f\u00f6rh\u00e5llanden.  <\/p>\n<p>\u2022 ZERO-IN\u2122-justeringsratt med \u00f6ver 80 f\u00f6rmarkerade avst\u00e5ndstejper (medf\u00f6ljer) f\u00f6r enkel installation<br \/>\n\u2022 Verktygsl\u00f6s avst\u00e5ndsl\u00e5sning<br \/>\n\u2022 Ren, cirkul\u00e4r siktbild med metallpinne<br \/>\n\u2022 Extra l\u00e5ng, helt skyddad lindad fiber<br \/>\n\u2022 Extremt smidig r\u00f6relse f\u00f6r enkel enhandsjustering<br \/>\n\u2022 Sikteshuset accepterar 1,87-tums objektiv (s\u00e4ljs separat)<br \/>\n\u2022 Lasergraverade referensmarkeringar f\u00f6r vind- och h\u00f6jdjusteringar<br \/>\n\u2022 Justerbart \u00e4ndl\u00e4gesstopp anpassar maximal avst\u00e5ndsinst\u00e4llning<br \/>\n\u2022 Koger kan monteras direkt p\u00e5 f\u00e4stet<br \/>\n\u2022 Finns i v\u00e4nster- och h\u00f6gerhandsmodeller (Ring oss om v\u00e4nsterhandsmodeller!)<br \/>\n\u2022 Patenterad <\/p>\n","protected":false},"excerpt":{"rendered":"<p>1 pinne, h\u00f6ger hand, svart<\/p>\n","protected":false},"featured_media":211020,"comment_status":"open","ping_status":"closed","template":"","meta":[],"product_brand":[],"product_cat":[2690],"product_tag":[],"class_list":{"0":"post-289109","1":"product","2":"type-product","3":"status-publish","4":"has-post-thumbnail","6":"product_cat-bagjaktsikten","8":"first","9":"instock","10":"taxable","11":"shipping-taxable","12":"purchasable","13":"product-type-simple"},"composite_virtual":false,"composite_layout":"","composite_add_to_cart_form_location":"","composite_editable_in_cart":false,"composite_sold_individually_context":"","composite_shop_price_calc":"","composite_components":[],"composite_scenarios":[],"group_of_quantity":0,"min_quantity":0,"max_quantity":"","exclude_order_quantity_value_rules":"no","exclude_category_quantity_rules":"no","combine_variations":"no","exclude_global_add_ons":[],"addons":[],"_links":{"self":[{"href":"https:\/\/www.huntersfriend.eu\/sv\/wp-json\/wp\/v2\/product\/289109","targetHints":{"allow":["GET"]}}],"collection":[{"href":"https:\/\/www.huntersfriend.eu\/sv\/wp-json\/wp\/v2\/product"}],"about":[{"href":"https:\/\/www.huntersfriend.eu\/sv\/wp-json\/wp\/v2\/types\/product"}],"replies":[{"embeddable":true,"href":"https:\/\/www.huntersfriend.eu\/sv\/wp-json\/wp\/v2\/comments?post=289109"}],"wp:featuredmedia":[{"embeddable":true,"href":"https:\/\/www.huntersfriend.eu\/sv\/wp-json\/wp\/v2\/media\/211020"}],"wp:attachment":[{"href":"https:\/\/www.huntersfriend.eu\/sv\/wp-json\/wp\/v2\/media?parent=289109"}],"wp:term":[{"taxonomy":"product_brand","embeddable":true,"href":"https:\/\/www.huntersfriend.eu\/sv\/wp-json\/wp\/v2\/product_brand?post=289109"},{"taxonomy":"product_cat","embeddable":true,"href":"https:\/\/www.huntersfriend.eu\/sv\/wp-json\/wp\/v2\/product_cat?post=289109"},{"taxonomy":"product_tag","embeddable":true,"href":"https:\/\/www.huntersfriend.eu\/sv\/wp-json\/wp\/v2\/product_tag?post=289109"}],"curies":[{"name":"wp","href":"https:\/\/api.w.org\/{rel}","templated":true}]}}