{"id":289107,"date":"2019-03-06T14:16:06","date_gmt":"2019-03-06T12:16:06","guid":{"rendered":"https:\/\/www.huntersfriend.eu\/product\/buck-gardner-lockjakt-for-vitsvanshjort\/"},"modified":"2025-08-27T14:13:26","modified_gmt":"2025-08-27T12:13:26","slug":"buck-gardner-lockjakt-for-vitsvanshjort","status":"publish","type":"product","link":"https:\/\/www.huntersfriend.eu\/sv\/produkt\/buck-gardner-lockjakt-for-vitsvanshjort\/","title":{"rendered":"Buck Gardner Lockjakt f\u00f6r vitsvanshjort"},"content":{"rendered":"<p>Buck Gardner Lockjakt f\u00f6r hjort \u2013 M\u00e5nga olika varianter av det klassiska hjortbr\u00f6let har kommit och g\u00e5tt, men den h\u00e4r bepr\u00f6vade designen \u00e4r fortfarande b\u00e4st. Den bafflade designen simulerar uppbyggnaden av en vitsvanshjorts hals och producerar ett realistiskt ljud som m\u00e5nga andra lockjakter f\u00f6r hjortar inte kan matcha. Den h\u00e4r sexv\u00e4gs Buck Gardner-lockjakten f\u00f6r vitsvanshjort har en intern O-ringsjustering som \u00e4ndrar tonen till olika hjortl\u00e4ten, inklusive kidets br\u00e4kande, dovhjortens n\u00f6dl\u00e4te, standardbr\u00f6let fr\u00e5n dovhjort, dovhjortens grymtande, ung bock och vuxen bock.  <\/p>\n","protected":false},"excerpt":{"rendered":"<p>Buck Gardner Lockjakt f\u00f6r hjort \u2013 M\u00e5nga olika varianter av det klassiska hjortbr\u00f6let har kommit och g\u00e5tt, men den h\u00e4r bepr\u00f6vade designen \u00e4r fortfarande b\u00e4st. Den bafflade designen simulerar uppbyggnaden av en vitsvanshjorts hals och producerar ett realistiskt ljud som m\u00e5nga andra lockjakter f\u00f6r hjortar inte kan matcha. Den h\u00e4r sexv\u00e4gs Buck Gardner-lockjakten f\u00f6r vitsvanshjort [&#8230;]\n","protected":false},"featured_media":289108,"comment_status":"open","ping_status":"closed","template":"","meta":[],"product_brand":[],"product_cat":[2878],"product_tag":[],"class_list":{"0":"post-289107","1":"product","2":"type-product","3":"status-publish","4":"has-post-thumbnail","6":"product_cat-lockpipor-for-storvilt","8":"first","9":"instock","10":"taxable","11":"shipping-taxable","12":"purchasable","13":"product-type-simple"},"composite_virtual":false,"composite_layout":"","composite_add_to_cart_form_location":"","composite_editable_in_cart":false,"composite_sold_individually_context":"","composite_shop_price_calc":"","composite_components":[],"composite_scenarios":[],"group_of_quantity":0,"min_quantity":0,"max_quantity":"","exclude_order_quantity_value_rules":"no","exclude_category_quantity_rules":"no","combine_variations":"no","exclude_global_add_ons":[],"addons":[],"_links":{"self":[{"href":"https:\/\/www.huntersfriend.eu\/sv\/wp-json\/wp\/v2\/product\/289107","targetHints":{"allow":["GET"]}}],"collection":[{"href":"https:\/\/www.huntersfriend.eu\/sv\/wp-json\/wp\/v2\/product"}],"about":[{"href":"https:\/\/www.huntersfriend.eu\/sv\/wp-json\/wp\/v2\/types\/product"}],"replies":[{"embeddable":true,"href":"https:\/\/www.huntersfriend.eu\/sv\/wp-json\/wp\/v2\/comments?post=289107"}],"wp:featuredmedia":[{"embeddable":true,"href":"https:\/\/www.huntersfriend.eu\/sv\/wp-json\/wp\/v2\/media\/289108"}],"wp:attachment":[{"href":"https:\/\/www.huntersfriend.eu\/sv\/wp-json\/wp\/v2\/media?parent=289107"}],"wp:term":[{"taxonomy":"product_brand","embeddable":true,"href":"https:\/\/www.huntersfriend.eu\/sv\/wp-json\/wp\/v2\/product_brand?post=289107"},{"taxonomy":"product_cat","embeddable":true,"href":"https:\/\/www.huntersfriend.eu\/sv\/wp-json\/wp\/v2\/product_cat?post=289107"},{"taxonomy":"product_tag","embeddable":true,"href":"https:\/\/www.huntersfriend.eu\/sv\/wp-json\/wp\/v2\/product_tag?post=289107"}],"curies":[{"name":"wp","href":"https:\/\/api.w.org\/{rel}","templated":true}]}}