{"id":289098,"date":"2019-05-20T14:20:28","date_gmt":"2019-05-20T12:20:28","guid":{"rendered":"https:\/\/www.huntersfriend.eu\/product\/avalon-classic-hoftkoger\/"},"modified":"2025-09-24T08:55:51","modified_gmt":"2025-09-24T06:55:51","slug":"avalon-classic-hoftkoger","status":"publish","type":"product","link":"https:\/\/www.huntersfriend.eu\/sv\/produkt\/avalon-classic-hoftkoger\/","title":{"rendered":"Avalon Classic h\u00f6ftkoger"},"content":{"rendered":"<p>Detta \u00e4r ett slitstarkt m\u00e5lsk\u00e5pskoger av h\u00f6g kvalitet som har 3 r\u00f6r, 2 fickor och ett b\u00e4lte ing\u00e5r. Mycket prisv\u00e4rt. <\/p>\n<p>Andra f\u00e4rger finns tillg\u00e4ngliga, v\u00e4nligen kontakta oss ang\u00e5ende best\u00e4llning av dem.<\/p>\n","protected":false},"excerpt":{"rendered":"<p>RH svart<\/p>\n","protected":false},"featured_media":210449,"comment_status":"open","ping_status":"closed","template":"","meta":[],"product_brand":[],"product_cat":[2966,2969],"product_tag":[],"class_list":{"0":"post-289098","1":"product","2":"type-product","3":"status-publish","4":"has-post-thumbnail","6":"product_cat-faltkogar","7":"product_cat-mal-hoftkogar","9":"first","10":"instock","11":"taxable","12":"shipping-taxable","13":"purchasable","14":"product-type-simple"},"composite_virtual":false,"composite_layout":"","composite_add_to_cart_form_location":"","composite_editable_in_cart":false,"composite_sold_individually_context":"","composite_shop_price_calc":"","composite_components":[],"composite_scenarios":[],"group_of_quantity":0,"min_quantity":0,"max_quantity":"","exclude_order_quantity_value_rules":"no","exclude_category_quantity_rules":"no","combine_variations":"no","exclude_global_add_ons":[],"addons":[],"_links":{"self":[{"href":"https:\/\/www.huntersfriend.eu\/sv\/wp-json\/wp\/v2\/product\/289098","targetHints":{"allow":["GET"]}}],"collection":[{"href":"https:\/\/www.huntersfriend.eu\/sv\/wp-json\/wp\/v2\/product"}],"about":[{"href":"https:\/\/www.huntersfriend.eu\/sv\/wp-json\/wp\/v2\/types\/product"}],"replies":[{"embeddable":true,"href":"https:\/\/www.huntersfriend.eu\/sv\/wp-json\/wp\/v2\/comments?post=289098"}],"wp:featuredmedia":[{"embeddable":true,"href":"https:\/\/www.huntersfriend.eu\/sv\/wp-json\/wp\/v2\/media\/210449"}],"wp:attachment":[{"href":"https:\/\/www.huntersfriend.eu\/sv\/wp-json\/wp\/v2\/media?parent=289098"}],"wp:term":[{"taxonomy":"product_brand","embeddable":true,"href":"https:\/\/www.huntersfriend.eu\/sv\/wp-json\/wp\/v2\/product_brand?post=289098"},{"taxonomy":"product_cat","embeddable":true,"href":"https:\/\/www.huntersfriend.eu\/sv\/wp-json\/wp\/v2\/product_cat?post=289098"},{"taxonomy":"product_tag","embeddable":true,"href":"https:\/\/www.huntersfriend.eu\/sv\/wp-json\/wp\/v2\/product_tag?post=289098"}],"curies":[{"name":"wp","href":"https:\/\/api.w.org\/{rel}","templated":true}]}}