{"id":289093,"date":"2019-02-20T09:33:21","date_gmt":"2019-02-20T09:33:21","guid":{"rendered":"https:\/\/www.huntersfriend.eu\/product\/dead-center-dead-level-hunter-v2\/"},"modified":"2025-08-27T14:13:14","modified_gmt":"2025-08-27T12:13:14","slug":"dead-center-dead-level-hunter-v2","status":"publish","type":"product","link":"https:\/\/www.huntersfriend.eu\/sv\/produkt\/dead-center-dead-level-hunter-v2\/","title":{"rendered":"Dead Center dead level Hunter V2"},"content":{"rendered":"<div class=\"cat_description\">\n<p><b>Produktspecifikationer<\/b><\/p>\n<p>stabilisatorl\u00e4ngd &#8211; 8&#8243; &amp; 6&#8243; eller 10&#8243; &amp; 8&#8243;<\/p>\n<\/div>\n<div class=\"cat_description\"><\/div>\n<div class=\"cat_description\">\n<p>Dead Level Hunter v2 \u00e4r jakten p\u00e5 perfektion \u2013 inga trick, faktiska prestanda och f\u00f6rb\u00e4ttring av din b\u00e5ges balans s\u00e5 att du kan placera fler pilar d\u00e4r du vill ha dem n\u00e4r det flyktiga \u00f6gonblicket infinner sig.<\/p>\n<p>Dead Lever Hunter v2 \u00e4r ett komplett kit med allt som beh\u00f6vs f\u00f6r att precisionsbalansera och trimma praktiskt taget alla b\u00e5gjaktupps\u00e4ttningar f\u00f6r en optimal siktesupplevelse och \u00f6kad noggrannhet.<\/p>\n<p><strong>Komplett system inkluderar<\/strong> &#8211;<br \/>\n2 Dead Silent Hunting Series &#8211; Carbon V2 Stabilizers f\u00f6r vibrationsd\u00e4mpande stabilitet<br \/>\n1 Diamond Series Combo-f\u00e4ste f\u00f6r en o\u00e4ndligt justerbar, stens\u00e4ker anslutning som helt enkelt inte vibrerar loss.<br \/>\n6 Custom Balance 1oz vikter f\u00f6r optimal balansjustering<br \/>\n2 Aluminiumviktkapslar f\u00f6r ett elegant avslutat utseende<\/p>\n<p><span style=\"color: #339966;\"><strong>F\u00f6r alla Dead Center-stabilisatorprodukter som inte visas p\u00e5 v\u00e5r webbplats, v\u00e4nligen kontakta oss direkt. Vi \u00e4r den europeiska distribut\u00f6ren f\u00f6r alla Dead Center-produkter och kan enkelt f\u00e5 den storlek och f\u00e4rg du beh\u00f6ver. <\/strong><\/span><\/p>\n<p><strong>Utvald teknik \u2013<\/strong><\/p>\n<\/div>\n<div class=\"cat_description\">\n<table class=\"mceItemTable\" style=\"width: 702px; height: 97px;\">\n<tbody>\n<tr>\n<td><img decoding=\"async\" src=\"https:\/\/www.deadcenterarchery.com\/Diamond-Series-Logo-bw.jpg\" alt=\"Diamond-serien\" width=\"161\" height=\"52\"><\/td>\n<td>Diamond Series-h\u00e5rdvara \u00e4r precisionskonstruerad f\u00f6r stens\u00e4ker prestanda och perfekt balans.<\/td>\n<\/tr>\n<tr>\n<td><img decoding=\"async\" src=\"https:\/\/www.deadcenterarchery.com\/Pultruded-Carbon.png\" alt=\"Pultruderad kolfiber\" width=\"108\" height=\"54\"><\/td>\n<td>Kolfiberr\u00f6r ger den ultimata kombinationen av ljudd\u00e4mpning och stabilitet utan extra vikt eller k\u00e4nd vibration.<\/td>\n<\/tr>\n<tr>\n<td><img decoding=\"async\" src=\"https:\/\/www.deadcenterarchery.com\/Stabilizer%20Silencer%20icon.jpg\" alt=\"Stabilisatord\u00e4mpare\" width=\"148\" height=\"20\"><\/td>\n<td>\n<div class=\"cat_description\">\u00d6verl\u00e4gsen vibrationsd\u00e4mpning och ljudd\u00e4mpningsf\u00f6rm\u00e5ga. Konstruerad av BowJax bepr\u00f6vade material. <\/div>\n<div class=\"cat_description\"><\/div>\n<\/td>\n<\/tr>\n<tr>\n<td><img decoding=\"async\" src=\"https:\/\/www.deadcenterarchery.com\/Custom-Balance-Weights.png\" alt=\"Anpassade balansvikter\" width=\"108\" height=\"54\"><\/td>\n<td>V2-jaktstabilisatorer inkluderar anpassade balansvikter som g\u00f6r att du kan skr\u00e4ddarsy din viktkonfiguration efter dina specifika behov.<\/td>\n<\/tr>\n<\/tbody>\n<\/table>\n<\/div>\n","protected":false},"excerpt":{"rendered":"<p>Aluminiumserie<\/p>\n","protected":false},"featured_media":23248,"comment_status":"open","ping_status":"closed","template":"","meta":[],"product_brand":[],"product_cat":[2965],"product_tag":[],"class_list":{"0":"post-289093","1":"product","2":"type-product","3":"status-publish","4":"has-post-thumbnail","6":"product_cat-bagjaktstabilisatorer","8":"first","9":"instock","10":"taxable","11":"shipping-taxable","12":"purchasable","13":"product-type-variable"},"composite_virtual":false,"composite_layout":"","composite_add_to_cart_form_location":"","composite_editable_in_cart":false,"composite_sold_individually_context":"","composite_shop_price_calc":"","composite_components":[],"composite_scenarios":[],"group_of_quantity":0,"min_quantity":0,"max_quantity":"","exclude_order_quantity_value_rules":"no","exclude_category_quantity_rules":"no","combine_variations":"no","exclude_global_add_ons":[],"addons":[],"_links":{"self":[{"href":"https:\/\/www.huntersfriend.eu\/sv\/wp-json\/wp\/v2\/product\/289093","targetHints":{"allow":["GET"]}}],"collection":[{"href":"https:\/\/www.huntersfriend.eu\/sv\/wp-json\/wp\/v2\/product"}],"about":[{"href":"https:\/\/www.huntersfriend.eu\/sv\/wp-json\/wp\/v2\/types\/product"}],"replies":[{"embeddable":true,"href":"https:\/\/www.huntersfriend.eu\/sv\/wp-json\/wp\/v2\/comments?post=289093"}],"wp:featuredmedia":[{"embeddable":true,"href":"https:\/\/www.huntersfriend.eu\/sv\/wp-json\/wp\/v2\/media\/23248"}],"wp:attachment":[{"href":"https:\/\/www.huntersfriend.eu\/sv\/wp-json\/wp\/v2\/media?parent=289093"}],"wp:term":[{"taxonomy":"product_brand","embeddable":true,"href":"https:\/\/www.huntersfriend.eu\/sv\/wp-json\/wp\/v2\/product_brand?post=289093"},{"taxonomy":"product_cat","embeddable":true,"href":"https:\/\/www.huntersfriend.eu\/sv\/wp-json\/wp\/v2\/product_cat?post=289093"},{"taxonomy":"product_tag","embeddable":true,"href":"https:\/\/www.huntersfriend.eu\/sv\/wp-json\/wp\/v2\/product_tag?post=289093"}],"curies":[{"name":"wp","href":"https:\/\/api.w.org\/{rel}","templated":true}]}}