{"id":289092,"date":"2019-05-08T08:57:45","date_gmt":"2019-05-08T06:57:45","guid":{"rendered":"https:\/\/www.huntersfriend.eu\/product\/bohning-fletching-tejp\/"},"modified":"2025-08-27T14:13:14","modified_gmt":"2025-08-27T12:13:14","slug":"bohning-fletching-tejp","status":"publish","type":"product","link":"https:\/\/www.huntersfriend.eu\/sv\/produkt\/bohning-fletching-tejp\/","title":{"rendered":"Bohning fletching-tejp"},"content":{"rendered":"<ul>\n<li><span style=\"display: inline !important; float: none; background-color: transparent; color: #3e3629; font-family: 'Arial',Helvetica,sans-serif; font-size: 13px; font-style: normal; font-variant: normal; font-weight: 400; letter-spacing: normal; line-height: 20px; orphans: 2; text-align: left; text-decoration: none; text-indent: 0px; text-transform: none; -webkit-text-stroke-width: 0px; white-space: normal; word-spacing: 0px;\">Utformad f\u00f6r Mylar-fanor och fj\u00e4drar<\/span><\/li>\n<li><span style=\"display: inline !important; float: none; background-color: transparent; color: #3e3629; font-family: 'Arial',Helvetica,sans-serif; font-size: 13px; font-style: normal; font-variant: normal; font-weight: 400; letter-spacing: normal; line-height: 20px; orphans: 2; text-align: left; text-decoration: none; text-indent: 0px; text-transform: none; -webkit-text-stroke-width: 0px; white-space: normal; word-spacing: 0px;\">Fungerar p\u00e5 alla skaftytor<\/span><\/li>\n<li><span style=\"display: inline !important; float: none; background-color: transparent; color: #3e3629; font-family: 'Arial',Helvetica,sans-serif; font-size: 13px; font-style: normal; font-variant: normal; font-weight: 400; letter-spacing: normal; line-height: 20px; orphans: 2; text-align: left; text-decoration: none; text-indent: 0px; text-transform: none; -webkit-text-stroke-width: 0px; white-space: normal; word-spacing: 0px;\">L\u00e4ngd \u2013 720 tum <\/span><\/li>\n<li><span style=\"display: inline !important; float: none; background-color: transparent; color: #3e3629; font-family: 'Arial',Helvetica,sans-serif; font-size: 13px; font-style: normal; font-variant: normal; font-weight: 400; letter-spacing: normal; line-height: 20px; orphans: 2; text-align: left; text-decoration: none; text-indent: 0px; text-transform: none; -webkit-text-stroke-width: 0px; white-space: normal; word-spacing: 0px;\">Bredd \u2013 0,1875 tum<\/span><\/li>\n<li><span style=\"display: inline !important; float: none; background-color: transparent; color: #3e3629; font-family: 'Arial',Helvetica,sans-serif; font-size: 13px; font-style: normal; font-variant: normal; font-weight: 400; letter-spacing: normal; line-height: 20px; orphans: 2; text-align: left; text-decoration: none; text-indent: 0px; text-transform: none; -webkit-text-stroke-width: 0px; white-space: normal; word-spacing: 0px;\">Maskinskuren utan sm\u00f6rjmedel, s\u00e5 inga d\u00f6da zoner i rullen<\/span><\/li>\n<li><span style=\"display: inline !important; float: none; background-color: transparent; color: #3e3629; font-family: 'Arial',Helvetica,sans-serif; font-size: 13px; font-style: normal; font-variant: normal; font-weight: 400; letter-spacing: normal; line-height: 20px; orphans: 2; text-align: left; text-decoration: none; text-indent: 0px; text-transform: none; -webkit-text-stroke-width: 0px; white-space: normal; word-spacing: 0px;\">En rulle f\u00f6rser cirka 3 dussin pilar med 5-tumsfj\u00e4drar eller 9 dussin pilar med 2-tumsfj\u00e4drar<\/span><\/li>\n<\/ul>\n","protected":false},"excerpt":{"rendered":"<p>Utformad f\u00f6r Mylar-fanor och fj\u00e4drar Fungerar p\u00e5 alla skaftytor L\u00e4ngd \u2013 720 tum Bredd \u2013 0,1875 tum Maskinskuren utan sm\u00f6rjmedel, s\u00e5 inga d\u00f6da zoner i rullen En rulle f\u00f6rser cirka 3 dussin pilar med 5-tumsfj\u00e4drar eller 9 dussin pilar med 2-tumsfj\u00e4drar<\/p>\n","protected":false},"featured_media":211017,"comment_status":"open","ping_status":"closed","template":"","meta":[],"product_brand":[],"product_cat":[2988],"product_tag":[],"class_list":{"0":"post-289092","1":"product","2":"type-product","3":"status-publish","4":"has-post-thumbnail","6":"product_cat-lim-och-fastmedel","8":"first","9":"instock","10":"taxable","11":"shipping-taxable","12":"purchasable","13":"product-type-simple"},"composite_virtual":false,"composite_layout":"","composite_add_to_cart_form_location":"","composite_editable_in_cart":false,"composite_sold_individually_context":"","composite_shop_price_calc":"","composite_components":[],"composite_scenarios":[],"group_of_quantity":0,"min_quantity":0,"max_quantity":"","exclude_order_quantity_value_rules":"no","exclude_category_quantity_rules":"no","combine_variations":"no","exclude_global_add_ons":[],"addons":[],"_links":{"self":[{"href":"https:\/\/www.huntersfriend.eu\/sv\/wp-json\/wp\/v2\/product\/289092","targetHints":{"allow":["GET"]}}],"collection":[{"href":"https:\/\/www.huntersfriend.eu\/sv\/wp-json\/wp\/v2\/product"}],"about":[{"href":"https:\/\/www.huntersfriend.eu\/sv\/wp-json\/wp\/v2\/types\/product"}],"replies":[{"embeddable":true,"href":"https:\/\/www.huntersfriend.eu\/sv\/wp-json\/wp\/v2\/comments?post=289092"}],"wp:featuredmedia":[{"embeddable":true,"href":"https:\/\/www.huntersfriend.eu\/sv\/wp-json\/wp\/v2\/media\/211017"}],"wp:attachment":[{"href":"https:\/\/www.huntersfriend.eu\/sv\/wp-json\/wp\/v2\/media?parent=289092"}],"wp:term":[{"taxonomy":"product_brand","embeddable":true,"href":"https:\/\/www.huntersfriend.eu\/sv\/wp-json\/wp\/v2\/product_brand?post=289092"},{"taxonomy":"product_cat","embeddable":true,"href":"https:\/\/www.huntersfriend.eu\/sv\/wp-json\/wp\/v2\/product_cat?post=289092"},{"taxonomy":"product_tag","embeddable":true,"href":"https:\/\/www.huntersfriend.eu\/sv\/wp-json\/wp\/v2\/product_tag?post=289092"}],"curies":[{"name":"wp","href":"https:\/\/api.w.org\/{rel}","templated":true}]}}