{"id":289086,"date":"2019-05-08T08:57:36","date_gmt":"2019-05-08T06:57:36","guid":{"rendered":"https:\/\/www.huntersfriend.eu\/product\/truglo-range-rover-pro-wheel-2-dot-push\/"},"modified":"2025-08-27T14:13:11","modified_gmt":"2025-08-27T12:13:11","slug":"truglo-range-rover-pro-wheel-2-dot-push","status":"publish","type":"product","link":"https:\/\/www.huntersfriend.eu\/sv\/produkt\/truglo-range-rover-pro-wheel-2-dot-push\/","title":{"rendered":"TruGlo Range Rover Pro Wheel 2 Dot push"},"content":{"rendered":"<p><strong>Viktiga funktioner:<\/strong><\/p>\n<ul>\n<li>PWR\u2022DOT-tekniken anv\u00e4nder ett LED-belysningssystem inuti linsen ist\u00e4llet f\u00f6r en konventionell pinne<\/li>\n<li>Justeringsratt med \u00f6ver 80 f\u00f6rmarkerade siktejper medf\u00f6ljer.<\/li>\n<li>Justerbar gr\u00f6n och r\u00f6d LED.<\/li>\n<li>Justerbar vindjustering med precision click design.<\/li>\n<li>Vind- och avst\u00e5ndssp\u00e4rren kan s\u00e4kras utan verktyg.<\/li>\n<li>Ambidextra designer.<\/li>\n<li>Tar 1,87&#8243; lins (valfritt).<\/li>\n<li>Uppdaterad f\u00e4stedesign f\u00f6r \u00f6kad kompatibilitet.<\/li>\n<li>Inkluderar justerbart kogerf\u00e4ste och linsskydd.<\/li>\n<\/ul>\n","protected":false},"excerpt":{"rendered":"<p>2 dot\/pin, svart, med h\u00e5rkors<\/p>\n","protected":false},"featured_media":211011,"comment_status":"open","ping_status":"closed","template":"","meta":[],"product_brand":[],"product_cat":[2690],"product_tag":[],"class_list":{"0":"post-289086","1":"product","2":"type-product","3":"status-publish","4":"has-post-thumbnail","6":"product_cat-bagjaktsikten","8":"first","9":"instock","10":"taxable","11":"shipping-taxable","12":"purchasable","13":"product-type-simple"},"composite_virtual":false,"composite_layout":"","composite_add_to_cart_form_location":"","composite_editable_in_cart":false,"composite_sold_individually_context":"","composite_shop_price_calc":"","composite_components":[],"composite_scenarios":[],"group_of_quantity":0,"min_quantity":0,"max_quantity":"","exclude_order_quantity_value_rules":"no","exclude_category_quantity_rules":"no","combine_variations":"no","exclude_global_add_ons":[],"addons":[],"_links":{"self":[{"href":"https:\/\/www.huntersfriend.eu\/sv\/wp-json\/wp\/v2\/product\/289086","targetHints":{"allow":["GET"]}}],"collection":[{"href":"https:\/\/www.huntersfriend.eu\/sv\/wp-json\/wp\/v2\/product"}],"about":[{"href":"https:\/\/www.huntersfriend.eu\/sv\/wp-json\/wp\/v2\/types\/product"}],"replies":[{"embeddable":true,"href":"https:\/\/www.huntersfriend.eu\/sv\/wp-json\/wp\/v2\/comments?post=289086"}],"wp:featuredmedia":[{"embeddable":true,"href":"https:\/\/www.huntersfriend.eu\/sv\/wp-json\/wp\/v2\/media\/211011"}],"wp:attachment":[{"href":"https:\/\/www.huntersfriend.eu\/sv\/wp-json\/wp\/v2\/media?parent=289086"}],"wp:term":[{"taxonomy":"product_brand","embeddable":true,"href":"https:\/\/www.huntersfriend.eu\/sv\/wp-json\/wp\/v2\/product_brand?post=289086"},{"taxonomy":"product_cat","embeddable":true,"href":"https:\/\/www.huntersfriend.eu\/sv\/wp-json\/wp\/v2\/product_cat?post=289086"},{"taxonomy":"product_tag","embeddable":true,"href":"https:\/\/www.huntersfriend.eu\/sv\/wp-json\/wp\/v2\/product_tag?post=289086"}],"curies":[{"name":"wp","href":"https:\/\/api.w.org\/{rel}","templated":true}]}}