{"id":289085,"date":"2019-02-19T13:51:57","date_gmt":"2019-02-19T13:51:57","guid":{"rendered":"https:\/\/www.huntersfriend.eu\/product\/dead-center-tystgaende-jakt-aluminiumserie\/"},"modified":"2026-03-26T13:44:23","modified_gmt":"2026-03-26T11:44:23","slug":"dead-center-tystgaende-jakt-aluminiumserie","status":"publish","type":"product","link":"https:\/\/www.huntersfriend.eu\/sv\/produkt\/dead-center-tystgaende-jakt-aluminiumserie\/","title":{"rendered":"Dead Center, tystg\u00e5ende jakt, aluminiumserie"},"content":{"rendered":"<p><b>Specifikationer f\u00f6r stabilisator &#8211;<br \/>\n<\/b><br \/>\nL\u00e4ngd &#8211; 4\\&#8221;<br \/>\nVikt &#8211; 4,7 oz<\/p>\n<p>L\u00e4ngd &#8211; 6\\&#8221;<\/p>\n<div class=\"cat_description\">\n<p>Vikt &#8211; 6,4 oz<\/p>\n<\/div>\n<div class=\"cat_description\">L\u00e4ngd &#8211; 8\\&#8221;<br \/>\nVikt &#8211; 7,8 oz<\/div>\n<div class=\"cat_description\">\n<p>Dead Silent Hunting-stabilisatorer \u00e4r tillverkade av massivt 7\/8\\&#8221; aluminium 6061-T6 hex-material, integrerat med v\u00e5r inbyggda viktfram\u00e5tteknik. Vibrationsd\u00e4mpande O-ringar och tv\u00e5 BowJax g\u00f6r dem till en av de mest tystg\u00e5ende stabilisatorerna som en j\u00e4gare kan k\u00f6pa. Fr\u00e4mre BowJax \u00e4r avtagbar, vilket ger dig m\u00f6jlighet att placera vikter bakom den. Varje stabilisator \u00e4r belagd med mycket slitstarka KolorFusion-bel\u00e4ggningar.   <\/p>\n<p><strong>F\u00f6r alla Dead Center-stabilisatorprodukter som inte visas p\u00e5 v\u00e5r webbplats, v\u00e4nligen kontakta oss direkt. Vi \u00e4r den europeiska distribut\u00f6ren f\u00f6r alla Dead Center-produkter och kan enkelt f\u00e5 den storlek och f\u00e4rg du beh\u00f6ver. <\/strong><\/p>\n<div class=\"cat_description\"><strong>Utvald teknik \u2013<\/strong><\/div>\n<div class=\"cat_description\">\n<table class=\"mceItemTable\">\n<tbody>\n<tr>\n<td><img alt=\"\" width=\"108\" height=\"54\"><\/td>\n<td>Varje stabilisator \u00e4r konstruerad av precisions-CNC-bearbetad 6061-T6 aluminium. \u00c4ndstycket \u00e4r g\u00e4ngat 1\/4-20 f\u00f6r att acceptera Custom Balance Weights och BowJax-tillbeh\u00f6r. Monterings\u00e4nden levereras komplett med standard 5\/16-24 g\u00e4ngad tapp f\u00f6r montering p\u00e5 en pilb\u00e5ge eller p\u00e5 monteringsutrustning.  <\/td>\n<\/tr>\n<tr>\n<td><img alt=\"\" width=\"108\" height=\"54\"><\/td>\n<td>Vibrationsd\u00e4mpande dubbla O-ringar \u00e4r installerade p\u00e5 alla Dead Silent Series-stabilisatorer f\u00f6r att ge skyttar ett tyst och Dead-In-Hand-skott.<\/td>\n<\/tr>\n<tr>\n<td><img alt=\"\" width=\"108\" height=\"54\"><\/td>\n<td>BowJax gummid\u00e4mpande tillbeh\u00f6r l\u00e4ggs till stabilisatorn f\u00f6r ultimat vibrationsd\u00e4mpning. Anpassade BowJax-f\u00e4rgset finns tillg\u00e4ngliga f\u00f6r ett helt anpassat utseende! (s\u00e4ljs separat)  <\/td>\n<\/tr>\n<tr>\n<td><img alt=\"\" width=\"108\" height=\"54\"><\/td>\n<td>Anpassade balansvikter kan l\u00e4ggas till i \u00e4nden av valfri Dead Silent Hunting-seriestabilisator f\u00f6r att skr\u00e4ddarsy vikt- och balanskonfigurationen f\u00f6r att m\u00f6ta alla behov och uppn\u00e5 sann balans.<br \/>\nB\u00e4ttre balans = ett b\u00e4ttre skott och t\u00e4tare grupper. Punkt. <\/td>\n<\/tr>\n<\/tbody>\n<\/table>\n<\/div>\n<\/div>\n","protected":false},"excerpt":{"rendered":"<p>Aluminiumserie<\/p>\n","protected":false},"featured_media":22377,"comment_status":"open","ping_status":"closed","template":"","meta":[],"product_brand":[],"product_cat":[2965,2765],"product_tag":[],"class_list":{"0":"post-289085","1":"product","2":"type-product","3":"status-publish","4":"has-post-thumbnail","6":"product_cat-bagjaktstabilisatorer","7":"product_cat-fyndlada-slutrea","9":"first","10":"instock","11":"sale","12":"taxable","13":"shipping-taxable","14":"purchasable","15":"product-type-variable"},"composite_virtual":false,"composite_layout":"","composite_add_to_cart_form_location":"","composite_editable_in_cart":false,"composite_sold_individually_context":"","composite_shop_price_calc":"","composite_components":[],"composite_scenarios":[],"group_of_quantity":0,"min_quantity":0,"max_quantity":"","exclude_order_quantity_value_rules":"no","exclude_category_quantity_rules":"no","combine_variations":"no","exclude_global_add_ons":[],"addons":[],"_links":{"self":[{"href":"https:\/\/www.huntersfriend.eu\/sv\/wp-json\/wp\/v2\/product\/289085","targetHints":{"allow":["GET"]}}],"collection":[{"href":"https:\/\/www.huntersfriend.eu\/sv\/wp-json\/wp\/v2\/product"}],"about":[{"href":"https:\/\/www.huntersfriend.eu\/sv\/wp-json\/wp\/v2\/types\/product"}],"replies":[{"embeddable":true,"href":"https:\/\/www.huntersfriend.eu\/sv\/wp-json\/wp\/v2\/comments?post=289085"}],"wp:featuredmedia":[{"embeddable":true,"href":"https:\/\/www.huntersfriend.eu\/sv\/wp-json\/wp\/v2\/media\/22377"}],"wp:attachment":[{"href":"https:\/\/www.huntersfriend.eu\/sv\/wp-json\/wp\/v2\/media?parent=289085"}],"wp:term":[{"taxonomy":"product_brand","embeddable":true,"href":"https:\/\/www.huntersfriend.eu\/sv\/wp-json\/wp\/v2\/product_brand?post=289085"},{"taxonomy":"product_cat","embeddable":true,"href":"https:\/\/www.huntersfriend.eu\/sv\/wp-json\/wp\/v2\/product_cat?post=289085"},{"taxonomy":"product_tag","embeddable":true,"href":"https:\/\/www.huntersfriend.eu\/sv\/wp-json\/wp\/v2\/product_tag?post=289085"}],"curies":[{"name":"wp","href":"https:\/\/api.w.org\/{rel}","templated":true}]}}