{"id":289077,"date":"2019-05-08T08:57:25","date_gmt":"2019-05-08T06:57:25","guid":{"rendered":"https:\/\/www.huntersfriend.eu\/product\/sitka-jetstream-ws-mossa-optifade-subalpine\/"},"modified":"2025-09-17T08:17:30","modified_gmt":"2025-09-17T06:17:30","slug":"sitka-jetstream-ws-mossa-optifade-subalpine","status":"publish","type":"product","link":"https:\/\/www.huntersfriend.eu\/sv\/produkt\/sitka-jetstream-ws-mossa-optifade-subalpine\/","title":{"rendered":"SITKA jetstream WS m\u00f6ssa optifade subalpine"},"content":{"rendered":"<p><span class=\"getshortdesc\"><b>Sitka Jetstream WS M\u00f6ssa &#8211; Optifade Subalpine One Size Fits All<\/b><\/span><br \/>\nJetstream-m\u00f6ssan \u00e4r tillverkad av samma tyg som Jetstream-jackan och \u00e4r idealisk f\u00f6r att ta sig uppf\u00f6r branta bergssidor i bitande kyla eller sitta stilla p\u00e5 en bl\u00e5sig bergstopp. En loftad micro-grid fleece-baksida ger v\u00e4rme, medan WINDSTOPPER\u00ae-membranet blockerar drag fr\u00e5n hj\u00e4ssan och pannan. Ett luftgenomsl\u00e4ppligt band med fyrv\u00e4gsstretch v\u00e4rmer baksidan av nacken och \u00f6ronen utan att hindra h\u00f6rseln.  <\/p>\n<p><strong>Funktioner:<\/strong><\/p>\n<ul>\n<li>Mjukt skal<\/li>\n<li>Stretchv\u00e4vd polyester<\/li>\n<li>Stretchpanel<\/li>\n<li>Micro-grid fleece<\/li>\n<li>teknik &#8211; WINDSTOPPER\u00ae-laminat<\/li>\n<li>Vikt: 45,4 gram<\/li>\n<\/ul>\n<div class=\"Grid-cell u-lg-size6of12 u-space--bottomLarge\"><\/div>\n<div class=\"Grid-cell u-size6of12 u-textRight\">\n<div class=\"Specs\">\n<div class=\"Specs__item\"><\/div>\n<\/div>\n<\/div>\n","protected":false},"excerpt":{"rendered":"<p>Gore Wind Stopper-kalvolla<\/p>\n","protected":false},"featured_media":213928,"comment_status":"open","ping_status":"closed","template":"","meta":[],"product_brand":[],"product_cat":[878],"product_tag":[],"class_list":{"0":"post-289077","1":"product","2":"type-product","3":"status-publish","4":"has-post-thumbnail","6":"product_cat-uncategorized-sv","8":"first","9":"outofstock","10":"taxable","11":"shipping-taxable","12":"purchasable","13":"product-type-simple"},"composite_virtual":false,"composite_layout":"","composite_add_to_cart_form_location":"","composite_editable_in_cart":false,"composite_sold_individually_context":"","composite_shop_price_calc":"","composite_components":[],"composite_scenarios":[],"group_of_quantity":0,"min_quantity":0,"max_quantity":"","exclude_order_quantity_value_rules":"no","exclude_category_quantity_rules":"no","combine_variations":"no","exclude_global_add_ons":[],"addons":[],"_links":{"self":[{"href":"https:\/\/www.huntersfriend.eu\/sv\/wp-json\/wp\/v2\/product\/289077","targetHints":{"allow":["GET"]}}],"collection":[{"href":"https:\/\/www.huntersfriend.eu\/sv\/wp-json\/wp\/v2\/product"}],"about":[{"href":"https:\/\/www.huntersfriend.eu\/sv\/wp-json\/wp\/v2\/types\/product"}],"replies":[{"embeddable":true,"href":"https:\/\/www.huntersfriend.eu\/sv\/wp-json\/wp\/v2\/comments?post=289077"}],"wp:featuredmedia":[{"embeddable":true,"href":"https:\/\/www.huntersfriend.eu\/sv\/wp-json\/wp\/v2\/media\/213928"}],"wp:attachment":[{"href":"https:\/\/www.huntersfriend.eu\/sv\/wp-json\/wp\/v2\/media?parent=289077"}],"wp:term":[{"taxonomy":"product_brand","embeddable":true,"href":"https:\/\/www.huntersfriend.eu\/sv\/wp-json\/wp\/v2\/product_brand?post=289077"},{"taxonomy":"product_cat","embeddable":true,"href":"https:\/\/www.huntersfriend.eu\/sv\/wp-json\/wp\/v2\/product_cat?post=289077"},{"taxonomy":"product_tag","embeddable":true,"href":"https:\/\/www.huntersfriend.eu\/sv\/wp-json\/wp\/v2\/product_tag?post=289077"}],"curies":[{"name":"wp","href":"https:\/\/api.w.org\/{rel}","templated":true}]}}