{"id":289076,"date":"2019-02-19T12:47:02","date_gmt":"2019-02-19T12:47:02","guid":{"rendered":"https:\/\/www.huntersfriend.eu\/product\/dead-center-dead-silent-hunting-carbon-v2-serien\/"},"modified":"2025-08-27T14:13:04","modified_gmt":"2025-08-27T12:13:04","slug":"dead-center-dead-silent-hunting-carbon-v2-serien","status":"publish","type":"product","link":"https:\/\/www.huntersfriend.eu\/sv\/produkt\/dead-center-dead-silent-hunting-carbon-v2-serien\/","title":{"rendered":"Dead Center dead silent hunting carbon V2-serien"},"content":{"rendered":"<div class=\"cat_description\"><b>Specifikationer f\u00f6r stabilisator &#8211;<br \/>\n<\/b><br \/>\nL\u00e4ngd &#8211; 6&#8243;<br \/>\nVikt &#8211; 5,1 oz + (2) 1 oz anpassade balansvikter<\/div>\n<div><\/div>\n<div class=\"cat_description\">L\u00e4ngd &#8211; 8&#8243;<br \/>\nVikt &#8211; 5,4 oz + (2) 1 oz anpassade balansvikter<\/div>\n<div><\/div>\n<div class=\"cat_description\">L\u00e4ngd &#8211; 10&#8243;<br \/>\nVikt &#8211; 5,7 oz + (2) 1 oz anpassad balansvikt<\/div>\n<div><\/div>\n<div class=\"cat_description\">Dead Silent Hunting Series Carbon v2-stabilisatorer \u00e4r prestandakonstruerade f\u00f6r att leverera det ultimata inom stabilisering och vibrationsd\u00e4mpning f\u00f6r alla jaktb\u00e5gar. Dubbla O-ringar och nya stabilisatord\u00e4mpare ger Carbon v2 de vibrationsd\u00f6dande egenskaper som j\u00e4gare kr\u00e4ver f\u00f6r ett Dead Silent-skott varje g\u00e5ng. Till\u00e4gget av anpassade balansvikter i \u00e4nden av stabilisatorn g\u00f6r det m\u00f6jligt f\u00f6r b\u00e5gskyttar att uppn\u00e5 \u00f6nskad balans och k\u00e4nsla p\u00e5 alla b\u00e5gar.  <\/div>\n<div><\/div>\n<div class=\"cat_description\"><span style=\"color: #339966;\"><strong>F\u00f6r alla Dead Center-stabilisatorprodukter som inte visas p\u00e5 v\u00e5r webbplats, v\u00e4nligen kontakta oss direkt. Vi \u00e4r den europeiska distribut\u00f6ren f\u00f6r alla Dead Center-produkter och kan enkelt f\u00e5 den storlek och f\u00e4rg du beh\u00f6ver. <\/strong><\/span><\/div>\n<div><\/div>\n<div class=\"cat_description\"><strong>Utvald teknik \u2013<\/strong><\/div>\n<div class=\"cat_description\">\n<table class=\"mceItemTable\" style=\"width: 512px; height: 116px;\">\n<tbody>\n<tr>\n<td><img decoding=\"async\" src=\"https:\/\/www.deadcenterarchery.com\/Pultruded-Carbon.png\" alt=\"Pultruderad kolfiber\" width=\"108\" height=\"54\"><\/td>\n<td>Kolfiberr\u00f6r ger den ultimata kombinationen av ljudd\u00e4mpning och stabilitet utan extra vikt eller k\u00e4nd vibration.<\/td>\n<\/tr>\n<tr>\n<td><img decoding=\"async\" src=\"https:\/\/www.deadcenterarchery.com\/Stabilizer%20Silencer%20icon.jpg\" alt=\"Stabilisatord\u00e4mpare\" width=\"162\" height=\"22\"><\/td>\n<td>\u00d6verl\u00e4gsen vibrationsd\u00e4mpning och ljudd\u00e4mpningsf\u00f6rm\u00e5ga. Konstruerad av BowJax bepr\u00f6vade material. <\/td>\n<\/tr>\n<tr>\n<td><img decoding=\"async\" src=\"https:\/\/www.deadcenterarchery.com\/Dual-O-Ring.png\" alt=\"Dubbla o-ringar\" width=\"108\" height=\"54\"><\/td>\n<td>Dubbla O-ringar f\u00f6r \u00f6kad d\u00e4mpning och ljudd\u00e4mpningsegenskaper.<\/td>\n<\/tr>\n<tr>\n<td><img decoding=\"async\" src=\"https:\/\/www.deadcenterarchery.com\/Aluminum-6061.png\" alt=\"Aluminium\" width=\"108\" height=\"54\"><\/td>\n<td>6061-T6 CNC-maskinbearbetade \u00e4ndstycken i aluminium f\u00f6r stabilitet och h\u00e5llbarhet.<\/td>\n<\/tr>\n<tr>\n<td><img decoding=\"async\" src=\"https:\/\/www.deadcenterarchery.com\/Custom-Balance-Weights.png\" alt=\"Anpassade balansvikter\" width=\"108\" height=\"54\"><\/td>\n<td>V2-jaktstabilisatorer inkluderar anpassade balansvikter som g\u00f6r att du kan skr\u00e4ddarsy din viktkonfiguration efter dina specifika behov.<\/td>\n<\/tr>\n<\/tbody>\n<\/table>\n<\/div>\n","protected":false},"excerpt":{"rendered":"<p>Specifikationer f\u00f6r stabilisator &#8211; L\u00e4ngd &#8211; 6&#8243; Vikt &#8211; 5,1 oz + (2) 1 oz anpassade balansvikter L\u00e4ngd &#8211; 8&#8243; Vikt &#8211; 5,4 oz + (2) 1 oz anpassade balansvikter L\u00e4ngd &#8211; 10&#8243; Vikt &#8211; 5,7 oz + (2) 1 oz anpassad balansvikt Dead Silent Hunting Series Carbon v2-stabilisatorer \u00e4r prestandakonstruerade f\u00f6r att leverera det [&#8230;]\n","protected":false},"featured_media":22347,"comment_status":"open","ping_status":"closed","template":"","meta":[],"product_brand":[],"product_cat":[2965],"product_tag":[],"class_list":{"0":"post-289076","1":"product","2":"type-product","3":"status-publish","4":"has-post-thumbnail","6":"product_cat-bagjaktstabilisatorer","8":"first","9":"instock","10":"taxable","11":"shipping-taxable","12":"purchasable","13":"product-type-variable"},"composite_virtual":false,"composite_layout":"","composite_add_to_cart_form_location":"","composite_editable_in_cart":false,"composite_sold_individually_context":"","composite_shop_price_calc":"","composite_components":[],"composite_scenarios":[],"group_of_quantity":0,"min_quantity":0,"max_quantity":"","exclude_order_quantity_value_rules":"no","exclude_category_quantity_rules":"no","combine_variations":"no","exclude_global_add_ons":[],"addons":[],"_links":{"self":[{"href":"https:\/\/www.huntersfriend.eu\/sv\/wp-json\/wp\/v2\/product\/289076","targetHints":{"allow":["GET"]}}],"collection":[{"href":"https:\/\/www.huntersfriend.eu\/sv\/wp-json\/wp\/v2\/product"}],"about":[{"href":"https:\/\/www.huntersfriend.eu\/sv\/wp-json\/wp\/v2\/types\/product"}],"replies":[{"embeddable":true,"href":"https:\/\/www.huntersfriend.eu\/sv\/wp-json\/wp\/v2\/comments?post=289076"}],"wp:featuredmedia":[{"embeddable":true,"href":"https:\/\/www.huntersfriend.eu\/sv\/wp-json\/wp\/v2\/media\/22347"}],"wp:attachment":[{"href":"https:\/\/www.huntersfriend.eu\/sv\/wp-json\/wp\/v2\/media?parent=289076"}],"wp:term":[{"taxonomy":"product_brand","embeddable":true,"href":"https:\/\/www.huntersfriend.eu\/sv\/wp-json\/wp\/v2\/product_brand?post=289076"},{"taxonomy":"product_cat","embeddable":true,"href":"https:\/\/www.huntersfriend.eu\/sv\/wp-json\/wp\/v2\/product_cat?post=289076"},{"taxonomy":"product_tag","embeddable":true,"href":"https:\/\/www.huntersfriend.eu\/sv\/wp-json\/wp\/v2\/product_tag?post=289076"}],"curies":[{"name":"wp","href":"https:\/\/api.w.org\/{rel}","templated":true}]}}