{"id":289074,"date":"2019-02-06T17:20:16","date_gmt":"2019-02-06T15:20:16","guid":{"rendered":"https:\/\/www.huntersfriend.eu\/product\/dead-center-anpassat-balansvikt-kit\/"},"modified":"2025-08-27T14:12:47","modified_gmt":"2025-08-27T12:12:47","slug":"dead-center-anpassat-balansvikt-kit","status":"publish","type":"product","link":"https:\/\/www.huntersfriend.eu\/sv\/produkt\/dead-center-anpassat-balansvikt-kit\/","title":{"rendered":"Dead Center anpassat balansvikt-kit"},"content":{"rendered":"<p>Anpassade balansvikter kan l\u00e4ggas till i slutet av alla Diamond Series, Dead Steady, Dead Level Hunter eller Dead Silent Hunting-seriens stabilisatorer f\u00f6r att skr\u00e4ddarsy vikt- och balanskonfigurationen f\u00f6r att m\u00f6ta alla behov och uppn\u00e5 sann balans.<\/p>\n<p>B\u00e4ttre balans = ett b\u00e4ttre skott och t\u00e4tare grupper. Punkt. <\/p>\n<p>O-ringar runt utsidan m\u00f6jligg\u00f6r \u00f6verl\u00e4gsen \u00e5tdragning och ytterligare vibrationsd\u00e4mpning. Tillverkad av 303 rostfritt st\u00e5l. <\/p>\n<p><strong>Inkluderar: <\/strong>(2) 0,5 oz vikter | (3) 1 oz vikter | (1) 3 oz vikt | (1) 6 oz vikt | (3) g\u00e4ngade st\u00e4nger i rostfritt st\u00e5l<strong><br \/>\n<\/strong><\/p>\n<p><strong>M\u00e5tt:<\/strong> 0,5 oz &#8211; 1&#8243; diameter x 0,220&#8243; tjock | 1 oz &#8211; 1,25&#8243; diameter x 0,240&#8243; tjock | 3 oz &#8211; 1,5&#8243; diameter x 0,440&#8243; tjock | 6 oz &#8211; 1,5&#8243; diameter x 0,880&#8243; tjock<\/p>\n<p><strong>G\u00e4ngad:<\/strong> 1\/4-20<\/p>\n<p>F\u00f6r alla Dead Center-stabilisatorprodukter som inte visas p\u00e5 v\u00e5r webbplats, v\u00e4nligen kontakta oss direkt. Vi \u00e4r den europeiska distribut\u00f6ren f\u00f6r alla Dead Center-produkter och kan enkelt f\u00e5 den storlek och f\u00e4rg du beh\u00f6ver. <\/p>\n","protected":false},"excerpt":{"rendered":"<p>Svart<\/p>\n","protected":false},"featured_media":210972,"comment_status":"open","ping_status":"closed","template":"","meta":[],"product_brand":[],"product_cat":[3019],"product_tag":[],"class_list":{"0":"post-289074","1":"product","2":"type-product","3":"status-publish","4":"has-post-thumbnail","6":"product_cat-vikter","8":"first","9":"instock","10":"taxable","11":"shipping-taxable","12":"purchasable","13":"product-type-simple"},"composite_virtual":false,"composite_layout":"","composite_add_to_cart_form_location":"","composite_editable_in_cart":false,"composite_sold_individually_context":"","composite_shop_price_calc":"","composite_components":[],"composite_scenarios":[],"group_of_quantity":0,"min_quantity":0,"max_quantity":"","exclude_order_quantity_value_rules":"no","exclude_category_quantity_rules":"no","combine_variations":"no","exclude_global_add_ons":[],"addons":[],"_links":{"self":[{"href":"https:\/\/www.huntersfriend.eu\/sv\/wp-json\/wp\/v2\/product\/289074","targetHints":{"allow":["GET"]}}],"collection":[{"href":"https:\/\/www.huntersfriend.eu\/sv\/wp-json\/wp\/v2\/product"}],"about":[{"href":"https:\/\/www.huntersfriend.eu\/sv\/wp-json\/wp\/v2\/types\/product"}],"replies":[{"embeddable":true,"href":"https:\/\/www.huntersfriend.eu\/sv\/wp-json\/wp\/v2\/comments?post=289074"}],"wp:featuredmedia":[{"embeddable":true,"href":"https:\/\/www.huntersfriend.eu\/sv\/wp-json\/wp\/v2\/media\/210972"}],"wp:attachment":[{"href":"https:\/\/www.huntersfriend.eu\/sv\/wp-json\/wp\/v2\/media?parent=289074"}],"wp:term":[{"taxonomy":"product_brand","embeddable":true,"href":"https:\/\/www.huntersfriend.eu\/sv\/wp-json\/wp\/v2\/product_brand?post=289074"},{"taxonomy":"product_cat","embeddable":true,"href":"https:\/\/www.huntersfriend.eu\/sv\/wp-json\/wp\/v2\/product_cat?post=289074"},{"taxonomy":"product_tag","embeddable":true,"href":"https:\/\/www.huntersfriend.eu\/sv\/wp-json\/wp\/v2\/product_tag?post=289074"}],"curies":[{"name":"wp","href":"https:\/\/api.w.org\/{rel}","templated":true}]}}