{"id":289067,"date":"2019-02-13T12:57:40","date_gmt":"2019-02-13T12:57:40","guid":{"rendered":"https:\/\/www.huntersfriend.eu\/product\/easton-full-metal-jacket-fmj-dangerous-game-custom-pilar\/"},"modified":"2025-08-27T14:12:39","modified_gmt":"2025-08-27T12:12:39","slug":"easton-full-metal-jacket-fmj-dangerous-game-custom-pilar","status":"publish","type":"product","link":"https:\/\/www.huntersfriend.eu\/sv\/produkt\/easton-full-metal-jacket-fmj-dangerous-game-custom-pilar\/","title":{"rendered":"Easton full metal jacket FMJ dangerous game custom pilar"},"content":{"rendered":"<p><em><strong>Alla custompilar \u00e4r handgjorda och anpassade efter dina \u00f6nskem\u00e5l. N\u00e4r de \u00e4r f\u00e4rdiga beh\u00f6vs bara en tr\u00e4ningsspets eller broadhead, sedan \u00e4r du redo att skjuta. <\/strong><\/em><\/p>\n<h3>LEGENDARISK GENETIK<\/h3>\n<p>Det h\u00e4r \u00e4r den legendariska Full Metal Jacket. Den tuffaste och h\u00e5rdaste pilen du kan k\u00f6pa f\u00f6r pengar. Den ger djup penetration p\u00e5 v\u00e4rldens tyngsta djur med tjockast skinn. Med en h\u00f6gh\u00e5llfast, kraftig kolfiberk\u00e4rna inlindad i en f\u00f6rst\u00e4rkt full metal jacket, har <span class=\"s1\">Dangerous Game all<\/span> den <span class=\"s1\">bentkrossande kraft du beh\u00f6ver f\u00f6r att jaga var som helst.<\/span>   <\/p>\n<h3>LEGENDARISK KVALITET:<\/h3>\n<p>Easton har varit ledande inom jaktpilar sedan 1940-talet. Deras erfarenhet och teknik syns i varje produkt de tillverkar. Easton-skaft anv\u00e4nds av fler b\u00e5gskyttar, armborstj\u00e4gare, 3D-t\u00e4vlande, m\u00e5l- och olympiska b\u00e5gskyttar \u00e4n alla andra m\u00e4rken tillsammans. Siffror som dessa ljuger inte \u2013 Easton \u00e4r av h\u00f6gsta kvalitet. Var lugn och skaffa n\u00e5gra pilar fr\u00e5n Easton, du kommer inte att bli besviken.    <\/p>\n<h3>EASTON FULL METAL JACKET DANGEROUS GAME SPECIFIKATIONER:<\/h3>\n<table>\n<tbody>\n<tr>\n<td>250&#8217;s<br \/>\n.250&#8243; Deflection<br \/>\n17.7 GPI<br \/>\n+\/-.002&#8243; Straightness<\/td>\n<td>300&#8217;s<br \/>\n.300&#8243; Deflection<br \/>\n16.0 GPI<br \/>\n+\/-.002&#8243; Straightness<\/td>\n<\/tr>\n<\/tbody>\n<\/table>\n<p><span lang=\"EN-US\">Denna spine-tabell \u00e4r normaliserad f\u00f6r moderna compoundb\u00e5gar med IBO-hastigheter mellan 280-330 fps. F\u00f6r snabbare b\u00e5gar, l\u00e4s tabellen ett block ned och till h\u00f6ger. F\u00f6r l\u00e5ngsammare b\u00e5gar, l\u00e4s tabellen ett block upp och till v\u00e4nster. Tabellen \u00e4r inte till\u00e4mplig f\u00f6r traditionella b\u00e5gar. OBS: Faktiska pilspine-nedb\u00f6jningar matchar inte n\u00f6dv\u00e4ndigtvis tillverkarens marknadsf\u00f6rda spine-storlekar (Gold Tip 5575, Carbon Force 200, Carbon Express 60\/75, etc.). Tillverkarens spine-storlekssystem       <\/span><strong><span lang=\"EN-US\">kan vara godtyckliga<\/span><\/strong><span lang=\"EN-US\">  (100, 200, 300, 400) och kanske eller kanske inte \u00e5terspeglar pilarnas faktiska spine deflections. Till exempel har en &#8221;Carbon Express Maxima 250&#8243; en faktisk spine deflection p\u00e5 .404&#8243;, inte .250&#8221; som storleken antyder. I det h\u00e4r fallet \u00e4r klassificeringssystemet godtyckligt. F\u00f6r att vara s\u00e4ker, ANTA INTE att en pils publicerade spine-storlek matchar pilens faktiska deflection. Se faktiska pilspecifikationsdata ovan innan du anv\u00e4nder detta diagram f\u00f6r att v\u00e4lja en l\u00e4mplig spine-styvhet f\u00f6r din pilb\u00e5ge. Om du beh\u00f6ver hj\u00e4lp, ring v\u00e5r pro-shop p\u00e5 +358 45 208 6292 eller maila oss f\u00f6r hj\u00e4lp.     <\/span><\/p>\n<h3>OM V\u00c5RT CUSTOM PILPROGRAM:<\/h3>\n<p><strong>VARJE PIL \u00c4R HANDBYGGD FR\u00c5N R\u00c5A SKAFT<\/strong> Handbyggda pilar till\u00e5ter oss att g\u00f6ra saker som v\u00e5ra konkurrenter inte kan. Varje r\u00e5tt skaft och dess komponenter kontrolleras f\u00f6r tillverkningsfel f\u00f6re montering. Varje skaft f\u00f6rbereds ordentligt och varje fj\u00e4der kontrolleras manuellt f\u00f6r korrekt vidh\u00e4ftning. Sedan orienteras alla nockar och varje pil trimmas enligt dina specifikationer p\u00e5 en av v\u00e5ra 8 000 rpm h\u00f6ghastighetspils\u00e5gar. Vi installerar sedan dina insatser, tr\u00e4ningsspetsar och reng\u00f6r pilarna f\u00f6r att avl\u00e4gsna oljor eller limrester. F\u00e4rdiga pilset m\u00e5ste sedan klara en grundlig flerpunktsinspektion innan de godk\u00e4nns f\u00f6r leverans till v\u00e5ra kunder. Vi inser att vi inte bygger ballistiska missiler h\u00e4r, men vi \u00e4r ganska seri\u00f6sa med v\u00e5ra pilar. N\u00e4r dina custompilar anl\u00e4nder vill vi att du ska bli imponerad. V\u00e5ra custompilar levereras enligt dina exakta specifikationer och de \u00e4r 100 % redo att skjutas. Det h\u00e4r \u00e4r den typ av service du bara kan f\u00e5 fr\u00e5n en riktig b\u00e5gskyttebutik, och vi \u00e4r stolta \u00f6ver att s\u00e4tta en kvalitetsstandard som en maskin helt enkelt inte kan matcha.         <\/p>\n<p><strong>VARJE PIL \u00c4R REDO ATT SKJUTAS<\/strong> L\u00e5t dig inte luras av de s\u00e5 kallade &#8221;f\u00e4ltf\u00e4rdiga pilarna&#8221; som erbjuds i stora butiker och hos m\u00e5nga \u00e5terf\u00f6rs\u00e4ljare. De \u00e4r INTE <u>f\u00e4rdiga<\/u> pilar. Storbutikspilar \u00e4r helt enkelt r\u00e5a skaft i full l\u00e4ngd som har maskinfj\u00e4drats med de billigaste tillg\u00e4ngliga materialen (ofta utomlands). De \u00e4r verkligen INTE redo f\u00f6r f\u00e4ltbruk och deras kvalitet kan inte j\u00e4mf\u00f6ras med handbyggda custompilar. F\u00f6r att inte tala om att kunden f\u00e5r v\u00e4ldigt lite val n\u00e4r han k\u00f6per maskinfj\u00e4drade prefabricerade pilar. F\u00f6r det mesta f\u00e5r du bara det som finns i l\u00e5dan och du lever med det. Vi tycker att det \u00e4r en ganska l\u00e5g standard.       S\u00e5 ut\u00f6ver att ge kunderna mer kvalitet och valm\u00f6jligheter, tar vi det ett steg l\u00e4ngre genom att ocks\u00e5 v\u00e4ga och dokumentera varje f\u00e4rdigt pilset vi bygger. Varje f\u00e4rdigt pilset levereras med v\u00e5rt exklusiva pilcertifieringskort, som beskriver den exakta f\u00e4rdiga vikten och specifikationerna f\u00f6r dina pilar. Om du n\u00e5gonsin beh\u00f6ver ers\u00e4ttningspilar har du dina ursprungliga pilspecifikationer till hands. N\u00e4mnde vi att vi \u00e4r seri\u00f6sa med pilar? Om du inte har provat ett set med matchade custompilar tidigare, tror vi att du kommer att bli imponerad fr\u00e5n f\u00f6rsta skottet.    <\/p>\n<p><strong>ARBETE UTF\u00d6RT BARA F\u00d6R DIG<\/strong> Custompilar \u00e4r BYGGDA OCH KAPADE ENLIGT DINA FAKTISKA BEST\u00c4LLNINGSSPECIFIKATIONER. Ingenting \u00e4r gjort i f\u00f6rv\u00e4g. Ingen process b\u00f6rjar f\u00f6rr\u00e4n du g\u00f6r din best\u00e4llning. Men var medveten om att n\u00e4r vi v\u00e4l har kn\u00e4ckt \u00e4ggen och b\u00f6rjat din omelett kan vi inte l\u00e4gga tillbaka allt i skalet f\u00f6r n\u00e5gon annan senare. Custompilar kan inte returneras till lagret. N\u00e4r de v\u00e4l \u00e4r fj\u00e4drade, insatta eller trimmade till l\u00e4ngd kan custompilbest\u00e4llningar inte avbokas, returneras eller bytas &#8211; f\u00f6rutom i s\u00e4llsynta fall av tillverkningsfel eller butiksfel p\u00e5 best\u00e4llningen. S\u00e5 var s\u00e4ker p\u00e5 dina specifikationer innan du best\u00e4ller. N\u00e4r ett customset med pilar \u00e4r byggt BARA F\u00d6R DIG, \u00e4r de dina. Naturligtvis, om det finns ett legitimt problem, kommer vi g\u00e4rna att st\u00e5 bakom v\u00e5rt arbete och r\u00e4tta till saker och ting. Men det beh\u00f6ver vi inte. Vi kommer att se till att dina pilar \u00e4r fantastiska f\u00f6rsta g\u00e5ngen. Du kommer att se &#8230;           <\/p>\n<p><strong>HUR L\u00c5NG TID TAR DET? N\u00c4R F\u00c5R JAG MINA PILAR?  <\/strong>Majoriteten (cirka 94 %) av v\u00e5ra custom pro-shop-best\u00e4llningar bearbetas, byggs, inspekteras och skickas inom 2-4 arbetsdagar. Under de l\u00e5ngsammare m\u00e5naderna (januari-juli) sl\u00e5r vi vanligtvis det genomsnittet med en dag. Under de mer hektiska m\u00e5naderna (augusti-december) tenderar vi att k\u00f6ra en extra dag. S\u00e5 allt som allt \u00e4r en officiell ledtid p\u00e5 1-5 dagar den \u00e4rligaste uppskattningen vi kan erbjuda. Vi vet att v\u00e5ra kunder \u00e4r angel\u00e4gna om att f\u00e5 tag p\u00e5 varorna och komma ig\u00e5ng, s\u00e5 vi h\u00e5ller huvudet nere och f\u00e5r ut v\u00e5ra best\u00e4llningar s\u00e5 snabbt som m\u00f6jligt. Om det finns n\u00e5got slags problem eller undantag, kommer vi att meddela dig.      Men generellt sett \u00e4r det s\u00e4kert att anta att din custom pro-shop-best\u00e4llning kommer att vara p\u00e5 v\u00e4g inom n\u00e5gra arbetsdagar. V\u00e5rt kundtj\u00e4nst-e-postsystem kommer att h\u00e5lla dig informerad om din best\u00e4llningsstatus l\u00e4ngs v\u00e4gen. Faktiska leveranstider varierar beroende p\u00e5 avst\u00e5ndet fr\u00e5n pro-shop\/lager i Finland.  <\/p>\n","protected":false},"excerpt":{"rendered":"<p>Vi s\u00e4ljer i paket om 6, 12, 18, 24 st&#8230;.<\/p>\n","protected":false},"featured_media":289068,"comment_status":"open","ping_status":"closed","template":"","meta":[],"product_brand":[],"product_cat":[878],"product_tag":[],"class_list":{"0":"post-289067","1":"product","2":"type-product","3":"status-publish","4":"has-post-thumbnail","6":"product_cat-uncategorized-sv","8":"first","9":"outofstock","10":"taxable","11":"shipping-taxable","12":"purchasable","13":"product-type-composite"},"composite_virtual":false,"composite_layout":"single","composite_add_to_cart_form_location":"default","composite_editable_in_cart":false,"composite_sold_individually_context":"product","composite_shop_price_calc":"min_max","composite_components":[{"id":"1550047357","title":"Pil skaft","description":"","query_type":"product_ids","query_ids":[289019],"default_option_id":289019,"thumbnail_id":"","thumbnail_src":"","quantity_min":6,"quantity_max":"","priced_individually":true,"shipped_individually":false,"optional":false,"discount":"","options_style":"dropdowns","pagination_style":"classic","display_prices":"absolute","show_sorting_options":false,"show_filtering_options":false,"attribute_filter_ids":[],"select_action":"view","product_title_visible":true,"product_descr_visible":false,"product_price_visible":false,"product_thumb_visible":false,"subtotal_visible_product":true,"subtotal_visible_cart":true,"subtotal_visible_orders":true,"product_addons_visible":true},{"id":"1550047977","title":"Hane fj\u00e4der f\u00e4rg","description":"<p>Detta \u00e4r en av de tre fj\u00e4drarna p\u00e5 pilen. Alla tre fj\u00e4drarna m\u00e5ste vara av samma typ men inte samma f\u00e4rg. <\/p>\n","query_type":"product_ids","query_ids":[289307,289326,289335,289353,288891],"default_option_id":289307,"thumbnail_id":"","thumbnail_src":"","quantity_min":11,"quantity_max":"","priced_individually":false,"shipped_individually":false,"optional":false,"discount":"","options_style":"dropdowns","pagination_style":"classic","display_prices":"absolute","show_sorting_options":false,"show_filtering_options":false,"attribute_filter_ids":[],"select_action":"view","product_title_visible":true,"product_descr_visible":false,"product_price_visible":false,"product_thumb_visible":false,"subtotal_visible_product":true,"subtotal_visible_cart":true,"subtotal_visible_orders":true,"product_addons_visible":true},{"id":"1550047978","title":"Hona fj\u00e4der f\u00e4rg","description":"<p>Dessa \u00e4r tv\u00e5 av de tre fj\u00e4drarna p\u00e5 pilen. Alla tre fj\u00e4drarna m\u00e5ste vara av samma typ men inte samma f\u00e4rg. <\/p>\n","query_type":"product_ids","query_ids":[289307,289326,289335,289353,288891],"default_option_id":289307,"thumbnail_id":"","thumbnail_src":"","quantity_min":24,"quantity_max":"","priced_individually":false,"shipped_individually":false,"optional":false,"discount":"","options_style":"dropdowns","pagination_style":"classic","display_prices":"absolute","show_sorting_options":false,"show_filtering_options":false,"attribute_filter_ids":[],"select_action":"view","product_title_visible":true,"product_descr_visible":false,"product_price_visible":false,"product_thumb_visible":false,"subtotal_visible_product":true,"subtotal_visible_cart":true,"subtotal_visible_orders":true,"product_addons_visible":true}],"composite_scenarios":[],"group_of_quantity":0,"min_quantity":0,"max_quantity":"","exclude_order_quantity_value_rules":"no","exclude_category_quantity_rules":"no","combine_variations":"no","exclude_global_add_ons":false,"addons":[{"name":"Fj\u00e4derstil","type":"multiple_choice","position":0,"required":true,"title_format":"label","default":"","description_enable":false,"description":null,"placeholder_enable":false,"placeholder":null,"display":"select","restrictions_type":"any_text","adjust_price":false,"price":"","price_type":"flat_fee","restrictions":false,"min":"0","max":"0","options":[{"label":"Offset","price":"","price_type":"flat_fee","image":0,"visibility":true},{"label":"Helical","price":"","price_type":"flat_fee","image":0,"visibility":true},{"label":"Straight","price":"","price_type":"flat_fee","image":0,"visibility":true}],"id":1745494976}],"_links":{"self":[{"href":"https:\/\/www.huntersfriend.eu\/sv\/wp-json\/wp\/v2\/product\/289067","targetHints":{"allow":["GET"]}}],"collection":[{"href":"https:\/\/www.huntersfriend.eu\/sv\/wp-json\/wp\/v2\/product"}],"about":[{"href":"https:\/\/www.huntersfriend.eu\/sv\/wp-json\/wp\/v2\/types\/product"}],"replies":[{"embeddable":true,"href":"https:\/\/www.huntersfriend.eu\/sv\/wp-json\/wp\/v2\/comments?post=289067"}],"wp:featuredmedia":[{"embeddable":true,"href":"https:\/\/www.huntersfriend.eu\/sv\/wp-json\/wp\/v2\/media\/289068"}],"wp:attachment":[{"href":"https:\/\/www.huntersfriend.eu\/sv\/wp-json\/wp\/v2\/media?parent=289067"}],"wp:term":[{"taxonomy":"product_brand","embeddable":true,"href":"https:\/\/www.huntersfriend.eu\/sv\/wp-json\/wp\/v2\/product_brand?post=289067"},{"taxonomy":"product_cat","embeddable":true,"href":"https:\/\/www.huntersfriend.eu\/sv\/wp-json\/wp\/v2\/product_cat?post=289067"},{"taxonomy":"product_tag","embeddable":true,"href":"https:\/\/www.huntersfriend.eu\/sv\/wp-json\/wp\/v2\/product_tag?post=289067"}],"curies":[{"name":"wp","href":"https:\/\/api.w.org\/{rel}","templated":true}]}}