{"id":289058,"date":"2019-01-28T09:52:35","date_gmt":"2019-01-28T09:52:35","guid":{"rendered":"https:\/\/www.huntersfriend.eu\/product\/g5-montec-forsasong\/"},"modified":"2026-03-18T22:00:49","modified_gmt":"2026-03-18T20:00:49","slug":"g5-montec-forsasong","status":"publish","type":"product","link":"https:\/\/www.huntersfriend.eu\/sv\/produkt\/g5-montec-forsasong\/","title":{"rendered":"G5 Montec f\u00f6rs\u00e4song"},"content":{"rendered":"<p>Montec F\u00f6rs\u00e4song (oslipad)<\/p>\n<p>F\u00f6rs\u00e4songs-Montec har samma dimensioner som Montec, vilket ger f\u00f6ruts\u00e4gbara egenskaper f\u00f6r flykt och precision n\u00e4r du anv\u00e4nder endera spetsen. Detta eliminerar den sv\u00e5ra \u00f6verg\u00e5ngen fr\u00e5n f\u00e4ltspets till spets och minimerar behovet av f\u00e4ltspetsar. De rundade kanterna p\u00e5 F\u00f6rs\u00e4songs-Montec minskar slitaget p\u00e5 m\u00e5ltavlor och g\u00f6r den s\u00e4ker att anv\u00e4nda i tr\u00e4ning. Den svarta f\u00e4rgen p\u00e5 den sm\u00f6rjande, slitstarka bel\u00e4ggningen skiljer den l\u00e4tt fr\u00e5n jaktversionen av Montec.   <\/p>\n<ul>\n<li>100 % st\u00e5lh\u00e5rd<\/li>\n<li>Eliminerar behovet av omjustering<\/li>\n<li>Finns i 100 och 125 grains<\/li>\n<li>Konstruktion i ett stycke<\/li>\n<li>100 % spinntestad<\/li>\n<li>3 spetsar per f\u00f6rpackning<\/li>\n<li>1&#8243; till 1 1\/8&#8243; sk\u00e4rdiameter<\/li>\n<\/ul>\n","protected":false},"excerpt":{"rendered":"<p>100 och 125 grains.<\/p>\n","protected":false},"featured_media":10785,"comment_status":"open","ping_status":"closed","template":"","meta":[],"product_brand":[],"product_cat":[2920],"product_tag":[],"class_list":{"0":"post-289058","1":"product","2":"type-product","3":"status-publish","4":"has-post-thumbnail","6":"product_cat-ovningsspetsar","8":"first","9":"outofstock","10":"taxable","11":"shipping-taxable","12":"purchasable","13":"product-type-variable"},"composite_virtual":false,"composite_layout":"","composite_add_to_cart_form_location":"","composite_editable_in_cart":false,"composite_sold_individually_context":"","composite_shop_price_calc":"","composite_components":[],"composite_scenarios":[],"group_of_quantity":0,"min_quantity":0,"max_quantity":"","exclude_order_quantity_value_rules":"no","exclude_category_quantity_rules":"no","combine_variations":"no","exclude_global_add_ons":[],"addons":[],"_links":{"self":[{"href":"https:\/\/www.huntersfriend.eu\/sv\/wp-json\/wp\/v2\/product\/289058","targetHints":{"allow":["GET"]}}],"collection":[{"href":"https:\/\/www.huntersfriend.eu\/sv\/wp-json\/wp\/v2\/product"}],"about":[{"href":"https:\/\/www.huntersfriend.eu\/sv\/wp-json\/wp\/v2\/types\/product"}],"replies":[{"embeddable":true,"href":"https:\/\/www.huntersfriend.eu\/sv\/wp-json\/wp\/v2\/comments?post=289058"}],"wp:featuredmedia":[{"embeddable":true,"href":"https:\/\/www.huntersfriend.eu\/sv\/wp-json\/wp\/v2\/media\/10785"}],"wp:attachment":[{"href":"https:\/\/www.huntersfriend.eu\/sv\/wp-json\/wp\/v2\/media?parent=289058"}],"wp:term":[{"taxonomy":"product_brand","embeddable":true,"href":"https:\/\/www.huntersfriend.eu\/sv\/wp-json\/wp\/v2\/product_brand?post=289058"},{"taxonomy":"product_cat","embeddable":true,"href":"https:\/\/www.huntersfriend.eu\/sv\/wp-json\/wp\/v2\/product_cat?post=289058"},{"taxonomy":"product_tag","embeddable":true,"href":"https:\/\/www.huntersfriend.eu\/sv\/wp-json\/wp\/v2\/product_tag?post=289058"}],"curies":[{"name":"wp","href":"https:\/\/api.w.org\/{rel}","templated":true}]}}