{"id":289046,"date":"2019-02-06T17:20:16","date_gmt":"2019-02-06T15:20:16","guid":{"rendered":"https:\/\/www.huntersfriend.eu\/product\/andstycke-i-aluminium-dead-center\/"},"modified":"2025-08-27T14:12:24","modified_gmt":"2025-08-27T12:12:24","slug":"andstycke-i-aluminium-dead-center","status":"publish","type":"product","link":"https:\/\/www.huntersfriend.eu\/sv\/produkt\/andstycke-i-aluminium-dead-center\/","title":{"rendered":"\u00c4ndstycke i aluminium, Dead Center"},"content":{"rendered":"<p>Komplettera ditt viktmagasin med viktlocket i aluminium. Lasergraverat med Dead Center X-logotypen. <\/p>\n<p>O-ringar runt utsidan m\u00f6jligg\u00f6r \u00f6verl\u00e4gsen \u00e5tdragning och ytterligare vibrationsd\u00e4mpning.<\/p>\n<p><strong>M\u00e5tt:<\/strong> 1,25&#8243; i diameter (matchar storleken p\u00e5 v\u00e5ra 1oz-vikter)<\/p>\n<p><strong>G\u00e4ngad:<\/strong> 1\/4-20<\/p>\n<p><strong>Vikt:<\/strong> 1oz (inklusive g\u00e4ngst\u00e5ng)<\/p>\n<p><strong>Finish:<\/strong> matt svart<\/p>\n<p>F\u00f6r alla Dead Center-stabilisatorprodukter som inte visas p\u00e5 v\u00e5r webbplats, v\u00e4nligen kontakta oss direkt. Vi \u00e4r den europeiska distribut\u00f6ren f\u00f6r alla Dead Center-produkter och kan enkelt f\u00e5 den storlek och f\u00e4rg du beh\u00f6ver. <\/p>\n","protected":false},"excerpt":{"rendered":"<p>Svart<\/p>\n","protected":false},"featured_media":210969,"comment_status":"open","ping_status":"closed","template":"","meta":[],"product_brand":[],"product_cat":[3019],"product_tag":[],"class_list":{"0":"post-289046","1":"product","2":"type-product","3":"status-publish","4":"has-post-thumbnail","6":"product_cat-vikter","8":"first","9":"instock","10":"taxable","11":"shipping-taxable","12":"purchasable","13":"product-type-simple"},"composite_virtual":false,"composite_layout":"","composite_add_to_cart_form_location":"","composite_editable_in_cart":false,"composite_sold_individually_context":"","composite_shop_price_calc":"","composite_components":[],"composite_scenarios":[],"group_of_quantity":0,"min_quantity":0,"max_quantity":"","exclude_order_quantity_value_rules":"no","exclude_category_quantity_rules":"no","combine_variations":"no","exclude_global_add_ons":[],"addons":[],"_links":{"self":[{"href":"https:\/\/www.huntersfriend.eu\/sv\/wp-json\/wp\/v2\/product\/289046","targetHints":{"allow":["GET"]}}],"collection":[{"href":"https:\/\/www.huntersfriend.eu\/sv\/wp-json\/wp\/v2\/product"}],"about":[{"href":"https:\/\/www.huntersfriend.eu\/sv\/wp-json\/wp\/v2\/types\/product"}],"replies":[{"embeddable":true,"href":"https:\/\/www.huntersfriend.eu\/sv\/wp-json\/wp\/v2\/comments?post=289046"}],"wp:featuredmedia":[{"embeddable":true,"href":"https:\/\/www.huntersfriend.eu\/sv\/wp-json\/wp\/v2\/media\/210969"}],"wp:attachment":[{"href":"https:\/\/www.huntersfriend.eu\/sv\/wp-json\/wp\/v2\/media?parent=289046"}],"wp:term":[{"taxonomy":"product_brand","embeddable":true,"href":"https:\/\/www.huntersfriend.eu\/sv\/wp-json\/wp\/v2\/product_brand?post=289046"},{"taxonomy":"product_cat","embeddable":true,"href":"https:\/\/www.huntersfriend.eu\/sv\/wp-json\/wp\/v2\/product_cat?post=289046"},{"taxonomy":"product_tag","embeddable":true,"href":"https:\/\/www.huntersfriend.eu\/sv\/wp-json\/wp\/v2\/product_tag?post=289046"}],"curies":[{"name":"wp","href":"https:\/\/api.w.org\/{rel}","templated":true}]}}