{"id":289045,"date":"2018-12-21T10:44:11","date_gmt":"2018-12-21T08:44:11","guid":{"rendered":"https:\/\/www.huntersfriend.eu\/product\/easton-inspire-kolfiberpil-fardig-for-anvandning-1-st\/"},"modified":"2026-03-26T13:44:08","modified_gmt":"2026-03-26T11:44:08","slug":"easton-inspire-kolfiberpil-fardig-for-anvandning-1-st","status":"publish","type":"product","link":"https:\/\/www.huntersfriend.eu\/sv\/produkt\/easton-inspire-kolfiberpil-fardig-for-anvandning-1-st\/","title":{"rendered":"Easton Inspire kolfiberpil, f\u00e4rdig f\u00f6r anv\u00e4ndning, 1 st"},"content":{"rendered":"<p>Inspire \u00e4r en kolfiberskaft tillverkad enligt Eastons kvalitetstoleranser med ett brett utbud av spines f\u00f6r den blivande b\u00e5gskytten i alla \u00e5ldrar. &#8211; Liten diameter, mikro-sl\u00e4t kolfiberfinish. Enpunktsspetsar ing\u00e5r i fabriksfj\u00e4drade skaft &#8211; Parallell design.  <\/p>\n<p>530 &#8211; 31,5&#8243; l\u00e5ng<\/p>\n<p>630 &#8211; 30,5&#8243; l\u00e5ng<\/p>\n<p>750 &#8211; 29,5&#8243; l\u00e5ng<\/p>\n","protected":false},"excerpt":{"rendered":"<p>Inspire \u00e4r en kolfiberskaft tillverkad enligt Eastons kvalitetstoleranser med ett brett utbud av spines f\u00f6r den blivande b\u00e5gskytten i alla \u00e5ldrar. &#8211; Liten diameter, mikro-sl\u00e4t kolfiberfinish. Enpunktsspetsar ing\u00e5r i fabriksfj\u00e4drade skaft &#8211; Parallell design. 530 &#8211; 31,5&#8243; l\u00e5ng 630 &#8211; 30,5&#8243; l\u00e5ng 750 &#8211; 29,5&#8243; l\u00e5ng<\/p>\n","protected":false},"featured_media":289047,"comment_status":"open","ping_status":"closed","template":"","meta":[],"product_brand":[],"product_cat":[878],"product_tag":[],"class_list":{"0":"post-289045","1":"product","2":"type-product","3":"status-publish","4":"has-post-thumbnail","6":"product_cat-uncategorized-sv","8":"first","9":"outofstock","10":"taxable","11":"shipping-taxable","12":"product-type-simple"},"composite_virtual":false,"composite_layout":"","composite_add_to_cart_form_location":"","composite_editable_in_cart":false,"composite_sold_individually_context":"","composite_shop_price_calc":"","composite_components":[],"composite_scenarios":[],"group_of_quantity":0,"min_quantity":0,"max_quantity":"","exclude_order_quantity_value_rules":"no","exclude_category_quantity_rules":"no","combine_variations":"no","exclude_global_add_ons":[],"addons":[],"_links":{"self":[{"href":"https:\/\/www.huntersfriend.eu\/sv\/wp-json\/wp\/v2\/product\/289045","targetHints":{"allow":["GET"]}}],"collection":[{"href":"https:\/\/www.huntersfriend.eu\/sv\/wp-json\/wp\/v2\/product"}],"about":[{"href":"https:\/\/www.huntersfriend.eu\/sv\/wp-json\/wp\/v2\/types\/product"}],"replies":[{"embeddable":true,"href":"https:\/\/www.huntersfriend.eu\/sv\/wp-json\/wp\/v2\/comments?post=289045"}],"wp:featuredmedia":[{"embeddable":true,"href":"https:\/\/www.huntersfriend.eu\/sv\/wp-json\/wp\/v2\/media\/289047"}],"wp:attachment":[{"href":"https:\/\/www.huntersfriend.eu\/sv\/wp-json\/wp\/v2\/media?parent=289045"}],"wp:term":[{"taxonomy":"product_brand","embeddable":true,"href":"https:\/\/www.huntersfriend.eu\/sv\/wp-json\/wp\/v2\/product_brand?post=289045"},{"taxonomy":"product_cat","embeddable":true,"href":"https:\/\/www.huntersfriend.eu\/sv\/wp-json\/wp\/v2\/product_cat?post=289045"},{"taxonomy":"product_tag","embeddable":true,"href":"https:\/\/www.huntersfriend.eu\/sv\/wp-json\/wp\/v2\/product_tag?post=289045"}],"curies":[{"name":"wp","href":"https:\/\/api.w.org\/{rel}","templated":true}]}}