{"id":289041,"date":"2018-12-21T08:44:24","date_gmt":"2018-12-21T08:44:24","guid":{"rendered":"https:\/\/www.huntersfriend.eu\/product\/victory-v6-v-force-sport-carbon-pilar\/"},"modified":"2025-08-27T14:12:18","modified_gmt":"2025-08-27T12:12:18","slug":"victory-v6-v-force-sport-carbon-pilar","status":"publish","type":"product","link":"https:\/\/www.huntersfriend.eu\/sv\/produkt\/victory-v6-v-force-sport-carbon-pilar\/","title":{"rendered":"Victory V6 v-force sport carbon pilar"},"content":{"rendered":"<h3>EXAKT KRAFT<\/h3>\n<p>Victorys hetaste jaktpil blev precis \u00e4nnu hetare. Denna standardjaktpil med diameter integrerad med de sn\u00e4vaste toleranserna i branschen ger en d\u00f6dlig kombination f\u00f6r bredhuvudets precision. V-Force levereras med Bohning blazer-nockar och -insatser. Om du gillade Gold Tips kommer du att \u00c4LSKA Victory Arrows. Victory Arrows \u00e4r tillverkade av kolfiberkomposit av h\u00f6gsta kvalitet och \u00e4r \u00e4nnu l\u00e4ttare och t\u00e5ligare \u00e4n konkurrenterna. V-Force Sport \u00e4r instegsmodellen med \u00b10,006&#8243; rakhet och levererar varje skott med l\u00f6jlig kraft.     <\/p>\n<h3>ICE-BEL\u00c4GGNING<\/h3>\n<p>Varje Victory-pil \u00e4r nu infuserad med Victorys ICE-bel\u00e4ggning. ICE-bel\u00e4ggningen m\u00f6jligg\u00f6r enklare borttagning av m\u00e5let och \u00f6kad penetration p\u00e5 vilt. Denna ICE-bel\u00e4ggning hj\u00e4lper ocks\u00e5 till med pilens ljud under din dragcykel. Vi har alla h\u00f6rt ljudet av en bar pil som dras genom en whisker biscuit, det \u00e4r ganska h\u00f6gt. Med ICE-bel\u00e4ggningen \u00e4r detta ljud minimalt \u2013 bra jobbat Victory.    <\/p>\n<h3>VICTORY v-FORCE SPORT SPECIFIKATIONER<\/h3>\n<table>\n<tbody>\n<tr>\n<td>300&#8217;s<br \/>\n.300&#8243; Nedb\u00f6jning<br \/>\n9,9 GPI<br \/>\n+\/-.006&#8243; Rakhet<br \/>\n.304&#8243; Y.D.<\/td>\n<td>350&#8217;s<br \/>\n.350&#8243; Nedb\u00f6jning<br \/>\n8,7 GPI<br \/>\n+\/-.006&#8243; Rakhet<br \/>\n.298&#8243; Y.D.<\/td>\n<td>400&#8217;s<br \/>\n.400&#8243; Nedb\u00f6jning<br \/>\n8,2 GPI<br \/>\n+\/-.006&#8243; Rakhet<br \/>\n.295&#8243; Y.D.<\/td>\n<td>500&#8217;s<br \/>\n.500&#8243; Nedb\u00f6jning<br \/>\n6,9 GPI<br \/>\n+\/-.006&#8243; Rakhet<br \/>\n.290&#8243; Y.D.<\/td>\n<td>600&#8217;s<br \/>\n.600&#8243; Nedb\u00f6jning<br \/>\n6,7 GPI<br \/>\n+\/-.006&#8243; Rakhet<br \/>\n.287&#8243; Y.D.<\/td>\n<\/tr>\n<\/tbody>\n<\/table>\n<h3>STANDARDISERADE PILSPINE\/NEDB\u00d6JNINGSTABELLER:<\/h3>\n<p>Detta diagram \u00e4r normaliserat f\u00f6r moderna compoundb\u00e5gar med IBO-hastigheter mellan 280-330 fps. F\u00f6r snabbare b\u00e5gar, l\u00e4s diagrammet ett block ned och till h\u00f6ger. F\u00f6r l\u00e5ngsammare b\u00e5gar, l\u00e4s diagrammet ett block upp och till v\u00e4nster. Diagrammet g\u00e4ller inte f\u00f6r traditionella b\u00e5gar. OBS: Faktiska pilryggsdeflektioner matchar inte n\u00f6dv\u00e4ndigtvis tillverkarens marknadsf\u00f6rda ryggradsstorlekar (Gold Tip 5575, Carbon Force 200, Carbon Express 60\/75, etc.). Tillverkarens ryggradsstorlekssystem <strong>kan vara godtyckliga<\/strong> (100, 200, 300, 400) och kanske eller kanske inte \u00e5terspeglar pilarnas faktiska ryggradsdeflektioner. Till exempel har en &#8221;Carbon Express Maxima 250&#8243; en faktisk ryggradsdeflektion p\u00e5 0,404&#8243;, inte 0,250&#8221; som storleken antyder. I det h\u00e4r fallet \u00e4r klassificeringssystemet godtyckligt. F\u00f6r att vara s\u00e4ker, ANTA INTE att en pils publicerade ryggradsstorlek matchar pilens faktiska deflektion. Se faktiska pilspecifikationsdata ovan innan du anv\u00e4nder detta diagram f\u00f6r att v\u00e4lja en l\u00e4mplig ryggradsstyvhet f\u00f6r din b\u00e5ge.          <em><strong>Om du beh\u00f6ver hj\u00e4lp, ring v\u00e5r pro-shop p\u00e5 -358 45 208 6292 eller mejla oss f\u00f6r hj\u00e4lp.<\/strong><\/em><\/p>\n","protected":false},"excerpt":{"rendered":"<p>Nockar och insatser ing\u00e5r. Kontakta oss direkt f\u00f6r andra ryggrader eller Victory-produkter. <\/p>\n","protected":false},"featured_media":289042,"comment_status":"open","ping_status":"closed","template":"","meta":[],"product_brand":[],"product_cat":[2550],"product_tag":[],"class_list":{"0":"post-289041","1":"product","2":"type-product","3":"status-publish","4":"has-post-thumbnail","6":"product_cat-koljaktskaft","8":"first","9":"instock","10":"taxable","11":"shipping-taxable","12":"purchasable","13":"product-type-variable"},"composite_virtual":false,"composite_layout":"","composite_add_to_cart_form_location":"","composite_editable_in_cart":false,"composite_sold_individually_context":"","composite_shop_price_calc":"","composite_components":[],"composite_scenarios":[],"group_of_quantity":0,"min_quantity":0,"max_quantity":"","exclude_order_quantity_value_rules":"no","exclude_category_quantity_rules":"no","combine_variations":"no","exclude_global_add_ons":false,"addons":[{"name":"Klipp till l\u00e4ngd","type":"multiple_choice","position":0,"required":true,"title_format":"label","default":"","description_enable":false,"description":null,"placeholder_enable":false,"placeholder":null,"display":"select","restrictions_type":"any_text","adjust_price":false,"price":"","price_type":"flat_fee","restrictions":false,"min":"0","max":"0","options":[{"label":"Klipp inte","price":"","price_type":"flat_fee","image":0,"visibility":true},{"label":"V\u00e4nligen klipp - l\u00e4gg till \u00f6nskad l\u00e4ngd i infof\u00e4ltet vid utcheckningen","price":"","price_type":"flat_fee","image":0,"visibility":true}]},{"name":"Insatser","type":"multiple_choice","position":1,"required":true,"title_format":"label","default":"","description_enable":false,"description":null,"placeholder_enable":false,"placeholder":null,"display":"select","restrictions_type":"any_text","adjust_price":false,"price":"","price_type":"flat_fee","restrictions":false,"min":"0","max":"0","options":[{"label":"Installera insatser (detta \u00e4r permanent!)","price":"","price_type":"flat_fee","image":0,"visibility":true},{"label":"Installera inte insatser (inkludera l\u00f6sa)","price":"","price_type":"flat_fee","image":0,"visibility":true}]}],"_links":{"self":[{"href":"https:\/\/www.huntersfriend.eu\/sv\/wp-json\/wp\/v2\/product\/289041","targetHints":{"allow":["GET"]}}],"collection":[{"href":"https:\/\/www.huntersfriend.eu\/sv\/wp-json\/wp\/v2\/product"}],"about":[{"href":"https:\/\/www.huntersfriend.eu\/sv\/wp-json\/wp\/v2\/types\/product"}],"replies":[{"embeddable":true,"href":"https:\/\/www.huntersfriend.eu\/sv\/wp-json\/wp\/v2\/comments?post=289041"}],"wp:featuredmedia":[{"embeddable":true,"href":"https:\/\/www.huntersfriend.eu\/sv\/wp-json\/wp\/v2\/media\/289042"}],"wp:attachment":[{"href":"https:\/\/www.huntersfriend.eu\/sv\/wp-json\/wp\/v2\/media?parent=289041"}],"wp:term":[{"taxonomy":"product_brand","embeddable":true,"href":"https:\/\/www.huntersfriend.eu\/sv\/wp-json\/wp\/v2\/product_brand?post=289041"},{"taxonomy":"product_cat","embeddable":true,"href":"https:\/\/www.huntersfriend.eu\/sv\/wp-json\/wp\/v2\/product_cat?post=289041"},{"taxonomy":"product_tag","embeddable":true,"href":"https:\/\/www.huntersfriend.eu\/sv\/wp-json\/wp\/v2\/product_tag?post=289041"}],"curies":[{"name":"wp","href":"https:\/\/api.w.org\/{rel}","templated":true}]}}