{"id":289040,"date":"2018-12-21T10:25:11","date_gmt":"2018-12-21T08:25:11","guid":{"rendered":"https:\/\/www.huntersfriend.eu\/product\/scott-talon\/"},"modified":"2025-08-27T14:12:18","modified_gmt":"2025-08-27T12:12:18","slug":"scott-talon","status":"publish","type":"product","link":"https:\/\/www.huntersfriend.eu\/sv\/produkt\/scott-talon\/","title":{"rendered":"Scott Talon"},"content":{"rendered":"<h2>Talon \u00e4r den rakaste release med krokstil som finns idag.<\/h2>\n<h4>Talon ger 100 % frig\u00e5ng f\u00f6r kroken, vilket skapar extrem noggrannhet och justerbarhet. Talons enkla sear-drivna inline-design minskar vridmomentet i str\u00e4ng\u00f6glan. Med den kvalitet och precision du f\u00f6rv\u00e4ntar dig av Scott Archery. Den automatiskt \u00e5terg\u00e5ende kroken i rostfritt st\u00e5l ger dig ett \u00f6rnlikt grepp. Fr\u00e5n drag till ankare \u2013 skjut rakt med TrueCenter-drag och total frig\u00e5ng f\u00f6r \u00f6glan.    <\/h4>\n<ul>\n<li>Mer sp\u00e4nningsjustering \u00e4n n\u00e5gon annan release<\/li>\n<li>Den enda release med krokstil med TrueCenter-dragning f\u00f6r att minska vridmomentet i \u00f6glan<\/li>\n<li>100 % frig\u00e5ng f\u00f6r \u00f6glan \u2013 inga fler str\u00e4ngljud<\/li>\n<li>Fullt justerbar avtryckare och slagl\u00e4ngdsjustering<\/li>\n<li>Greppkanter f\u00f6r exakt dragning<\/li>\n<li>9 olika l\u00e4ngdjusteringar<\/li>\n<li>Automatisk \u00e5terst\u00e4llning av \u00e5terg\u00e5ende krok<\/li>\n<li>Enkel sear-design<\/li>\n<li>Noll slagl\u00e4ngd<\/li>\n<li>Vridmomentsfri fall away-kontaktsp\u00e4nne<\/li>\n<\/ul>\n<p>Finns i svart och camo<\/p>\n","protected":false},"excerpt":{"rendered":"<p>Talon \u00e4r den rakaste release med krokstil som finns idag. Talon ger 100 % frig\u00e5ng f\u00f6r kroken, vilket skapar extrem noggrannhet och justerbarhet. Talons enkla sear-drivna inline-design minskar vridmomentet i str\u00e4ng\u00f6glan. Med den kvalitet och precision du f\u00f6rv\u00e4ntar dig av Scott Archery. Den automatiskt \u00e5terg\u00e5ende kroken i rostfritt st\u00e5l ger dig ett \u00f6rnlikt grepp. Fr\u00e5n [&#8230;]\n","protected":false},"featured_media":8513,"comment_status":"open","ping_status":"closed","template":"","meta":[],"product_brand":[],"product_cat":[878],"product_tag":[],"class_list":{"0":"post-289040","1":"product","2":"type-product","3":"status-publish","4":"has-post-thumbnail","6":"product_cat-uncategorized-sv","8":"first","9":"instock","10":"taxable","11":"shipping-taxable","12":"product-type-simple"},"composite_virtual":false,"composite_layout":"","composite_add_to_cart_form_location":"","composite_editable_in_cart":false,"composite_sold_individually_context":"","composite_shop_price_calc":"","composite_components":[],"composite_scenarios":[],"group_of_quantity":0,"min_quantity":0,"max_quantity":"","exclude_order_quantity_value_rules":"no","exclude_category_quantity_rules":"no","combine_variations":"no","exclude_global_add_ons":[],"addons":[],"_links":{"self":[{"href":"https:\/\/www.huntersfriend.eu\/sv\/wp-json\/wp\/v2\/product\/289040","targetHints":{"allow":["GET"]}}],"collection":[{"href":"https:\/\/www.huntersfriend.eu\/sv\/wp-json\/wp\/v2\/product"}],"about":[{"href":"https:\/\/www.huntersfriend.eu\/sv\/wp-json\/wp\/v2\/types\/product"}],"replies":[{"embeddable":true,"href":"https:\/\/www.huntersfriend.eu\/sv\/wp-json\/wp\/v2\/comments?post=289040"}],"wp:featuredmedia":[{"embeddable":true,"href":"https:\/\/www.huntersfriend.eu\/sv\/wp-json\/wp\/v2\/media\/8513"}],"wp:attachment":[{"href":"https:\/\/www.huntersfriend.eu\/sv\/wp-json\/wp\/v2\/media?parent=289040"}],"wp:term":[{"taxonomy":"product_brand","embeddable":true,"href":"https:\/\/www.huntersfriend.eu\/sv\/wp-json\/wp\/v2\/product_brand?post=289040"},{"taxonomy":"product_cat","embeddable":true,"href":"https:\/\/www.huntersfriend.eu\/sv\/wp-json\/wp\/v2\/product_cat?post=289040"},{"taxonomy":"product_tag","embeddable":true,"href":"https:\/\/www.huntersfriend.eu\/sv\/wp-json\/wp\/v2\/product_tag?post=289040"}],"curies":[{"name":"wp","href":"https:\/\/api.w.org\/{rel}","templated":true}]}}