{"id":289034,"date":"2018-12-21T08:44:13","date_gmt":"2018-12-21T08:44:13","guid":{"rendered":"https:\/\/www.huntersfriend.eu\/product\/gold-tip-hunter-kolfiberpilar\/"},"modified":"2025-08-27T14:12:15","modified_gmt":"2025-08-27T12:12:15","slug":"gold-tip-hunter-kolfiberpilar","status":"publish","type":"product","link":"https:\/\/www.huntersfriend.eu\/sv\/produkt\/gold-tip-hunter-kolfiberpilar\/","title":{"rendered":"Gold Tip Hunter kolfiberpilar"},"content":{"rendered":"<p>Gold Tip Hunter \u00e4r baserad p\u00e5 den mest m\u00e5ngsidiga pilen som n\u00e5gonsin tillverkats, originalet som satte Gold Tip p\u00e5 kartan. Om du var tvungen att v\u00e4lja en pil som skulle h\u00e5lla resten av livet, skulle en Hunter-serie vara det. En medelviktspil som har en balans mellan hastighet och penetration, vilket g\u00f6r den redo f\u00f6r alla situationer. Konstruerad med Gold Tips Smart Carbon Technology f\u00f6r o\u00f6vertr\u00e4ffad h\u00e5llbarhet och rakhet.   <\/p>\n<h3>GOLD TIP HUNTER SPECIFIKATIONER<\/h3>\n<table>\n<tbody>\n<tr>\n<td><strong>300&#8217;s<\/strong><br \/>\n.300&#8243; Nedb\u00f6jning<br \/>\n9,3 GPI<br \/>\n+\/-.006&#8243; Rakhet<br \/>\n.302&#8243; Y.D.<\/td>\n<td><strong>340&#8217;s<\/strong><br \/>\n.340&#8243; Nedb\u00f6jning<br \/>\n8,9 GPI<br \/>\n+\/-.006&#8243; Rakhet<br \/>\n.300&#8243; Y.D.<\/td>\n<td><strong>400&#8217;s<\/strong><br \/>\n.400&#8243; Nedb\u00f6jning<br \/>\n8,2 GPI<br \/>\n+\/-.006&#8243; Rakhet<br \/>\n.295&#8243; Y.D.<\/td>\n<td><strong>500&#8217;s<\/strong><br \/>\n.500&#8243; Nedb\u00f6jning<br \/>\n7,3 GPI<br \/>\n+\/-.006&#8243; Rakhet<br \/>\n.291&#8243; Y.D.<\/td>\n<\/tr>\n<\/tbody>\n<\/table>\n<p>&nbsp;<\/p>\n","protected":false},"excerpt":{"rendered":"<p>Nockar och insatser ing\u00e5r. Kontakta oss direkt f\u00f6r fler spines eller fler Gold Tip-produkter. <\/p>\n","protected":false},"featured_media":289037,"comment_status":"open","ping_status":"closed","template":"","meta":[],"product_brand":[],"product_cat":[2550],"product_tag":[],"class_list":{"0":"post-289034","1":"product","2":"type-product","3":"status-publish","4":"has-post-thumbnail","6":"product_cat-koljaktskaft","8":"first","9":"instock","10":"taxable","11":"shipping-taxable","12":"purchasable","13":"product-type-variable"},"composite_virtual":false,"composite_layout":"","composite_add_to_cart_form_location":"","composite_editable_in_cart":false,"composite_sold_individually_context":"","composite_shop_price_calc":"","composite_components":[],"composite_scenarios":[],"group_of_quantity":0,"min_quantity":0,"max_quantity":"","exclude_order_quantity_value_rules":"no","exclude_category_quantity_rules":"no","combine_variations":"no","exclude_global_add_ons":false,"addons":[{"name":"Klipp till l\u00e4ngd","type":"multiple_choice","position":0,"required":true,"title_format":"label","default":"","description_enable":false,"description":null,"placeholder_enable":false,"placeholder":null,"display":"select","restrictions_type":"any_text","adjust_price":false,"price":"","price_type":"flat_fee","restrictions":false,"min":"0","max":"0","options":[{"label":"Klipp inte","price":"","price_type":"flat_fee","image":0,"visibility":true},{"label":"V\u00e4nligen klipp - l\u00e4gg till \u00f6nskad l\u00e4ngd i infof\u00e4ltet vid utcheckningen","price":"","price_type":"flat_fee","image":0,"visibility":true}]},{"name":"Insatser","type":"multiple_choice","position":1,"required":true,"title_format":"label","default":"","description_enable":false,"description":null,"placeholder_enable":false,"placeholder":null,"display":"select","restrictions_type":"any_text","adjust_price":false,"price":"","price_type":"flat_fee","restrictions":false,"min":"0","max":"0","options":[{"label":"Installera insatser (detta \u00e4r permanent!)","price":"","price_type":"flat_fee","image":0,"visibility":true},{"label":"Installera inte insatser (inkludera l\u00f6sa)","price":"","price_type":"flat_fee","image":0,"visibility":true}]}],"_links":{"self":[{"href":"https:\/\/www.huntersfriend.eu\/sv\/wp-json\/wp\/v2\/product\/289034","targetHints":{"allow":["GET"]}}],"collection":[{"href":"https:\/\/www.huntersfriend.eu\/sv\/wp-json\/wp\/v2\/product"}],"about":[{"href":"https:\/\/www.huntersfriend.eu\/sv\/wp-json\/wp\/v2\/types\/product"}],"replies":[{"embeddable":true,"href":"https:\/\/www.huntersfriend.eu\/sv\/wp-json\/wp\/v2\/comments?post=289034"}],"wp:featuredmedia":[{"embeddable":true,"href":"https:\/\/www.huntersfriend.eu\/sv\/wp-json\/wp\/v2\/media\/289037"}],"wp:attachment":[{"href":"https:\/\/www.huntersfriend.eu\/sv\/wp-json\/wp\/v2\/media?parent=289034"}],"wp:term":[{"taxonomy":"product_brand","embeddable":true,"href":"https:\/\/www.huntersfriend.eu\/sv\/wp-json\/wp\/v2\/product_brand?post=289034"},{"taxonomy":"product_cat","embeddable":true,"href":"https:\/\/www.huntersfriend.eu\/sv\/wp-json\/wp\/v2\/product_cat?post=289034"},{"taxonomy":"product_tag","embeddable":true,"href":"https:\/\/www.huntersfriend.eu\/sv\/wp-json\/wp\/v2\/product_tag?post=289034"}],"curies":[{"name":"wp","href":"https:\/\/api.w.org\/{rel}","templated":true}]}}