{"id":289033,"date":"2018-12-21T10:24:50","date_gmt":"2018-12-21T08:24:50","guid":{"rendered":"https:\/\/www.huntersfriend.eu\/product\/faltlogik-black-hole-mal\/"},"modified":"2026-03-18T22:00:54","modified_gmt":"2026-03-18T20:00:54","slug":"faltlogik-black-hole-mal","status":"publish","type":"product","link":"https:\/\/www.huntersfriend.eu\/sv\/produkt\/faltlogik-black-hole-mal\/","title":{"rendered":"F\u00e4ltlogik Black Hole-m\u00e5l"},"content":{"rendered":"<ul>\n<li>Skytte fr\u00e5n 4 sidor<\/li>\n<li>&#8221;Inlindade&#8221; sidor \u2013 Skjut f\u00e4ltspetsar (endast) mot b\u00e5da v\u00e4vda polypropylen-inlindade sidorna! <\/li>\n<li>&#8221;Open-face&#8221; lagerdesign \u2013 Skjut f\u00e4ltspetsar, fasta blad och expanderbara bredhuvuden mot fram- och baksidan av m\u00e5let!<\/li>\n<li>Stoppar alla f\u00e4ltspetsar och bredhuvuden<\/li>\n<li>Ekonomisk och l\u00e5ngvarig<\/li>\n<li>Kontrasterande siktpunkter p\u00e5 alla 4 sidor<\/li>\n<\/ul>\n<p><strong>Black Hole<\/strong> \u00e4r ett ekonomiskt m\u00e5lalternativ f\u00f6r dem som letar efter ett bra v\u00e4rde, stoppar alla f\u00e4ltspetsar och bredhuvuden, bredhuvuden b\u00f6r endast skjutas p\u00e5 den \u00f6ppna fram- och baksidan av m\u00e5let, f\u00e4ltspetsar kan skjutas p\u00e5 de inlindade, v\u00e4vda sidorna av m\u00e5let, l\u00e4tt och l\u00e4tt att b\u00e4ra med sig \u00f6verallt.<\/p>\n<p><strong>**Inte avsett f\u00f6r h\u00f6ghastighetsarmborst alls, eller h\u00f6geffektiva compoundb\u00e5gar p\u00e5 n\u00e4ra h\u00e5ll.<\/strong><\/p>\n<h2>Black Hole finns i 2 olika storlekar!<\/h2>\n<p><strong>Black Hole 18 \u2013 Medium<\/strong><br \/>\nstorlek: 18&#8243;x16&#8243;x11&#8243;<\/p>\n<p><strong>Black Hole 22 \u2013 stor<\/strong><br \/>\nstorlek: 22&#8243;x20&#8243;x11&#8243;<\/p>\n<p>Perfekt att anv\u00e4nda som ett b\u00e4rbart m\u00e5l i din bil n\u00e4r du kontrollerar inst\u00e4llningen av din b\u00e5ge p\u00e5 en jakt. Detta \u00e4r inte avsett att vara ett m\u00e5l f\u00f6r daglig anv\u00e4ndning i stor volym. <\/p>\n<p><strong>Obs: Onlinebest\u00e4llningar \u00e4r begr\u00e4nsade till en l\u00e5da per best\u00e4llning. F\u00f6r st\u00f6rre m\u00e4ngder, v\u00e4nligen kontakta kundtj\u00e4nst direkt f\u00f6r att se \u00f6ver leveranskostnaderna <\/strong><\/p>\n","protected":false},"excerpt":{"rendered":"<p>M\u00e5tt: 18&#8243;x18&#8243;x16&#8243; eller 22&#8243;x 20&#8243;x 11&#8243;<\/p>\n","protected":false},"featured_media":203285,"comment_status":"open","ping_status":"closed","template":"","meta":[],"product_brand":[],"product_cat":[2765,2894],"product_tag":[],"class_list":{"0":"post-289033","1":"product","2":"type-product","3":"status-publish","4":"has-post-thumbnail","6":"product_cat-fyndlada-slutrea","7":"product_cat-kuber-och-blockmal","8":"product_shipping_class-big-sv","10":"first","11":"instock","12":"sale","13":"taxable","14":"shipping-taxable","15":"purchasable","16":"product-type-variable"},"composite_virtual":false,"composite_layout":"","composite_add_to_cart_form_location":"","composite_editable_in_cart":false,"composite_sold_individually_context":"","composite_shop_price_calc":"","composite_components":[],"composite_scenarios":[],"group_of_quantity":0,"min_quantity":0,"max_quantity":"","exclude_order_quantity_value_rules":"no","exclude_category_quantity_rules":"no","combine_variations":"no","exclude_global_add_ons":[],"addons":[],"_links":{"self":[{"href":"https:\/\/www.huntersfriend.eu\/sv\/wp-json\/wp\/v2\/product\/289033","targetHints":{"allow":["GET"]}}],"collection":[{"href":"https:\/\/www.huntersfriend.eu\/sv\/wp-json\/wp\/v2\/product"}],"about":[{"href":"https:\/\/www.huntersfriend.eu\/sv\/wp-json\/wp\/v2\/types\/product"}],"replies":[{"embeddable":true,"href":"https:\/\/www.huntersfriend.eu\/sv\/wp-json\/wp\/v2\/comments?post=289033"}],"wp:featuredmedia":[{"embeddable":true,"href":"https:\/\/www.huntersfriend.eu\/sv\/wp-json\/wp\/v2\/media\/203285"}],"wp:attachment":[{"href":"https:\/\/www.huntersfriend.eu\/sv\/wp-json\/wp\/v2\/media?parent=289033"}],"wp:term":[{"taxonomy":"product_brand","embeddable":true,"href":"https:\/\/www.huntersfriend.eu\/sv\/wp-json\/wp\/v2\/product_brand?post=289033"},{"taxonomy":"product_cat","embeddable":true,"href":"https:\/\/www.huntersfriend.eu\/sv\/wp-json\/wp\/v2\/product_cat?post=289033"},{"taxonomy":"product_tag","embeddable":true,"href":"https:\/\/www.huntersfriend.eu\/sv\/wp-json\/wp\/v2\/product_tag?post=289033"}],"curies":[{"name":"wp","href":"https:\/\/api.w.org\/{rel}","templated":true}]}}