{"id":289028,"date":"2018-12-21T09:24:47","date_gmt":"2018-12-21T09:24:47","guid":{"rendered":"https:\/\/www.huntersfriend.eu\/product\/nockturnal-belysta-nockar-3-pack\/"},"modified":"2026-04-28T20:03:24","modified_gmt":"2026-04-28T18:03:24","slug":"nockturnal-belysta-nockar-3-pack","status":"publish","type":"product","link":"https:\/\/www.huntersfriend.eu\/sv\/produkt\/nockturnal-belysta-nockar-3-pack\/","title":{"rendered":"Nockturnal belysta nockar, 3-pack"},"content":{"rendered":"<p>G\u00f6r videon av din jakt mer sp\u00e4nnande och g\u00f6r det l\u00e4ttare att hitta din pil efter skottet. Den h\u00e4r fantastiska prylen kan till och med hj\u00e4lpa dig att se d\u00e5lig pilflykt n\u00e4r du trimmar och \u00f6var. <\/p>\n<p>Nockturnal \u00e4r en ledande designer och tillverkare av belysta nockar f\u00f6r pilar och armborstspilar. Nockturnals unika, patents\u00f6kta, b\u00e5gstr\u00e4ngaktiverade, linj\u00e4ra str\u00f6mbrytare \u00e4r kolvdriven och s\u00e4kerst\u00e4ller L.E.D.-belysning varje g\u00e5ng. Nockturnal-nockarna kr\u00e4ver ingen montering och har superljusa lysdioder och litiumbatterier med l\u00e5ng livsl\u00e4ngd f\u00f6r \u00f6verl\u00e4gsen belysning som varar.  <\/p>\n<p>Nu tillg\u00e4nglig i Universal-stil f\u00f6r alla typer av pilar (adaptrar ing\u00e5r)<br \/>\nFinns med och utan strobe<br \/>\nF\u00e4rger: R\u00f6d\/gr\u00f6n strobe, vit, gr\u00f6n och orange och r\u00f6d utan strobe<br \/>\n3-pack<\/p>\n","protected":false},"excerpt":{"rendered":"<p>G\u00f6r videon av din jakt mer sp\u00e4nnande och g\u00f6r det l\u00e4ttare att hitta din pil efter skottet. Den h\u00e4r fantastiska prylen kan till och med hj\u00e4lpa dig att se d\u00e5lig pilflykt n\u00e4r du trimmar och \u00f6var. Nockturnal \u00e4r en ledande designer och tillverkare av belysta nockar f\u00f6r pilar och armborstspilar. Nockturnals unika, patents\u00f6kta, b\u00e5gstr\u00e4ngaktiverade, linj\u00e4ra [&#8230;]\n","protected":false},"featured_media":8279,"comment_status":"open","ping_status":"closed","template":"","meta":[],"product_brand":[],"product_cat":[2880],"product_tag":[],"class_list":{"0":"post-289028","1":"product","2":"type-product","3":"status-publish","4":"has-post-thumbnail","6":"product_cat-nockar-och-insatser","8":"first","9":"instock","10":"taxable","11":"shipping-taxable","12":"purchasable","13":"product-type-variable"},"composite_virtual":false,"composite_layout":"","composite_add_to_cart_form_location":"","composite_editable_in_cart":false,"composite_sold_individually_context":"","composite_shop_price_calc":"","composite_components":[],"composite_scenarios":[],"group_of_quantity":0,"min_quantity":0,"max_quantity":"","exclude_order_quantity_value_rules":"no","exclude_category_quantity_rules":"no","combine_variations":"no","exclude_global_add_ons":[],"addons":[],"_links":{"self":[{"href":"https:\/\/www.huntersfriend.eu\/sv\/wp-json\/wp\/v2\/product\/289028","targetHints":{"allow":["GET"]}}],"collection":[{"href":"https:\/\/www.huntersfriend.eu\/sv\/wp-json\/wp\/v2\/product"}],"about":[{"href":"https:\/\/www.huntersfriend.eu\/sv\/wp-json\/wp\/v2\/types\/product"}],"replies":[{"embeddable":true,"href":"https:\/\/www.huntersfriend.eu\/sv\/wp-json\/wp\/v2\/comments?post=289028"}],"wp:featuredmedia":[{"embeddable":true,"href":"https:\/\/www.huntersfriend.eu\/sv\/wp-json\/wp\/v2\/media\/8279"}],"wp:attachment":[{"href":"https:\/\/www.huntersfriend.eu\/sv\/wp-json\/wp\/v2\/media?parent=289028"}],"wp:term":[{"taxonomy":"product_brand","embeddable":true,"href":"https:\/\/www.huntersfriend.eu\/sv\/wp-json\/wp\/v2\/product_brand?post=289028"},{"taxonomy":"product_cat","embeddable":true,"href":"https:\/\/www.huntersfriend.eu\/sv\/wp-json\/wp\/v2\/product_cat?post=289028"},{"taxonomy":"product_tag","embeddable":true,"href":"https:\/\/www.huntersfriend.eu\/sv\/wp-json\/wp\/v2\/product_tag?post=289028"}],"curies":[{"name":"wp","href":"https:\/\/api.w.org\/{rel}","templated":true}]}}