{"id":289027,"date":"2018-12-21T08:44:08","date_gmt":"2018-12-21T08:44:08","guid":{"rendered":"https:\/\/www.huntersfriend.eu\/product\/easton-full-metal-jacket-fmj-5-mm-skaft\/"},"modified":"2025-09-17T13:10:25","modified_gmt":"2025-09-17T11:10:25","slug":"easton-full-metal-jacket-fmj-5-mm-skaft","status":"publish","type":"product","link":"https:\/\/www.huntersfriend.eu\/sv\/produkt\/easton-full-metal-jacket-fmj-5-mm-skaft\/","title":{"rendered":"Easton full metal jacket FMJ 5 mm-skaft"},"content":{"rendered":"<h3>LEGENDARISK GENETIK<\/h3>\n<p>Eastons helt nya FMJ 5 mm \u00e4r byggd p\u00e5 den legendariska Full Metal Jackets axlar och tar d\u00f6dligheten hos aluminium\/kolfiberkompositpilar till nya h\u00f6jder. FMJ 5 mm \u00e4r perfekt f\u00f6r alla j\u00e4gare som vill l\u00e4gga till \u00e4nnu mer KE till sin jaktb\u00e5ge och har f\u00f6rb\u00e4ttrad sektionsdensitet, l\u00e4gre yta och en reducerad diameter f\u00f6r att f\u00e5 \u00e4nnu mer kraft bakom spetsen. Full Metal Jacket 5 mm har mer kraft f\u00f6r det tjocka skinnet eller benet i din n\u00e4sta storviltsjakt.  <\/p>\n<h3>LEGENDARISK KVALITET<\/h3>\n<p>Easton har varit ledande inom jaktpilar sedan 1940-talet. Deras erfarenhet och teknik syns i varje produkt de tillverkar. Easton-skaft anv\u00e4nds av fler b\u00e5gskyttar, armborstj\u00e4gare, 3D-t\u00e4vlande, m\u00e5l- och olympiska b\u00e5gskyttar \u00e4n alla andra m\u00e4rken tillsammans. Siffror som dessa ljuger inte \u2013 Easton \u00e4r av h\u00f6gsta kvalitet. Var lugn och skaffa n\u00e5gra pilar fr\u00e5n Easton, du kommer inte att bli besviken.    <\/p>\n<h3>EASTON FULL METAL JACKET 5MM SPECIFIKATIONER<\/h3>\n<table>\n<tbody>\n<tr>\n<td><strong>300:s<\/strong><br \/>\n.300&#8243; Nedb\u00f6jning<br \/>\n12.0 GPI<br \/>\n+\/-.002&#8243; Rakhet<br \/>\n.273&#8243; Y.D.<\/td>\n<td><strong>340:s<\/strong><br \/>\n.340&#8243; Nedb\u00f6jning<br \/>\n11.3 GPI<br \/>\n+\/-.002&#8243; Rakhet<br \/>\n.269&#8243; Y.D.<\/td>\n<td><strong>400:s<\/strong><br \/>\n.400&#8243; Nedb\u00f6jning<br \/>\n10.2 GPI<br \/>\n+\/-.002&#8243; Rakhet<br \/>\n.263&#8243; Y.D.<\/td>\n<td><strong>500:s<\/strong><br \/>\n.500&#8243; Nedb\u00f6jning<br \/>\n9.1 GPI<br \/>\n+\/-.002&#8243; Rakhet<br \/>\n.256&#8243; Y.D.<\/td>\n<\/tr>\n<\/tbody>\n<\/table>\n<h3>STANDARDISERADE PILSPINE\/NEDB\u00d6JNINGSTABELLER<\/h3>\n<p>Denna tabell \u00e4r normaliserad f\u00f6r moderna compoundb\u00e5gar med IBO-hastigheter mellan 280\u2013330 fps. F\u00f6r snabbare b\u00e5gar, l\u00e4s tabellen ett block ned\u00e5t och \u00e5t h\u00f6ger. F\u00f6r l\u00e5ngsammare b\u00e5gar, l\u00e4s tabellen ett block upp\u00e5t och \u00e5t v\u00e4nster. Tabellen g\u00e4ller inte f\u00f6r traditionella b\u00e5gar. OBS: Faktiska pilnedb\u00f6jningar st\u00e4mmer inte n\u00f6dv\u00e4ndigtvis \u00f6verens med tillverkarens marknadsf\u00f6rda pilstorlekar (Gold Tip 5575, Carbon Force 200, Carbon Express 60\/75, etc.). Tillverkarens system f\u00f6r pilstorlekar <strong>kan vara godtyckliga<\/strong> (100, 200, 300, 400) och kanske inte \u00e5terspeglar pilarnas faktiska nedb\u00f6jningar. Till exempel har en &#8221;Carbon Express Maxima 250&#8243; en faktisk pilnedb\u00f6jning p\u00e5 0,404&#8243;, inte 0,250&#8221; som storleken antyder. I det h\u00e4r fallet \u00e4r klassificeringssystemet godtyckligt. F\u00f6r att vara p\u00e5 den s\u00e4kra sidan, ANTA INTE att en pils publicerade pilstorlek matchar pilens faktiska nedb\u00f6jning. Se faktiska specifikationsdata f\u00f6r pilen ovan innan du anv\u00e4nder den h\u00e4r tabellen f\u00f6r att v\u00e4lja l\u00e4mplig pilstyvhet f\u00f6r din b\u00e5ge.          <em><strong>Om du beh\u00f6ver hj\u00e4lp, ring v\u00e5r pro-shop p\u00e5 +358 45 208 6292 eller mejla oss f\u00f6r assistans.<\/strong><\/em><\/p>\n","protected":false},"excerpt":{"rendered":"<p>Kolfiber lindad i aluminium. Supert\u00e5lig. <\/p>\n","protected":false},"featured_media":289029,"comment_status":"open","ping_status":"closed","template":"","meta":[],"product_brand":[],"product_cat":[2765,2550],"product_tag":[],"class_list":{"0":"post-289027","1":"product","2":"type-product","3":"status-publish","4":"has-post-thumbnail","6":"product_cat-fyndlada-slutrea","7":"product_cat-koljaktskaft","9":"first","10":"instock","11":"sale","12":"taxable","13":"shipping-taxable","14":"purchasable","15":"product-type-variable"},"composite_virtual":false,"composite_layout":"","composite_add_to_cart_form_location":"","composite_editable_in_cart":false,"composite_sold_individually_context":"","composite_shop_price_calc":"","composite_components":[],"composite_scenarios":[],"group_of_quantity":0,"min_quantity":0,"max_quantity":"","exclude_order_quantity_value_rules":"no","exclude_category_quantity_rules":"no","combine_variations":"no","exclude_global_add_ons":false,"addons":[{"name":"Klipp till l\u00e4ngd","type":"multiple_choice","position":0,"required":true,"title_format":"label","default":"","description_enable":false,"description":null,"placeholder_enable":false,"placeholder":null,"display":"select","restrictions_type":"any_text","adjust_price":false,"price":"","price_type":"flat_fee","restrictions":false,"min":"0","max":"0","options":[{"label":"Klipp inte","price":"","price_type":"flat_fee","image":0,"visibility":true},{"label":"V\u00e4nligen klipp - l\u00e4gg till \u00f6nskad l\u00e4ngd i infof\u00e4ltet vid utcheckningen","price":"","price_type":"flat_fee","image":0,"visibility":true}]},{"name":"Insatser","type":"multiple_choice","position":1,"required":true,"title_format":"label","default":"","description_enable":false,"description":null,"placeholder_enable":false,"placeholder":null,"display":"select","restrictions_type":"any_text","adjust_price":false,"price":"","price_type":"flat_fee","restrictions":false,"min":"0","max":"0","options":[{"label":"Installera insatser (detta \u00e4r permanent!)","price":"","price_type":"flat_fee","image":0,"visibility":true},{"label":"Installera inte insatser (inkludera l\u00f6sa)","price":"","price_type":"flat_fee","image":0,"visibility":true}]}],"_links":{"self":[{"href":"https:\/\/www.huntersfriend.eu\/sv\/wp-json\/wp\/v2\/product\/289027","targetHints":{"allow":["GET"]}}],"collection":[{"href":"https:\/\/www.huntersfriend.eu\/sv\/wp-json\/wp\/v2\/product"}],"about":[{"href":"https:\/\/www.huntersfriend.eu\/sv\/wp-json\/wp\/v2\/types\/product"}],"replies":[{"embeddable":true,"href":"https:\/\/www.huntersfriend.eu\/sv\/wp-json\/wp\/v2\/comments?post=289027"}],"wp:featuredmedia":[{"embeddable":true,"href":"https:\/\/www.huntersfriend.eu\/sv\/wp-json\/wp\/v2\/media\/289029"}],"wp:attachment":[{"href":"https:\/\/www.huntersfriend.eu\/sv\/wp-json\/wp\/v2\/media?parent=289027"}],"wp:term":[{"taxonomy":"product_brand","embeddable":true,"href":"https:\/\/www.huntersfriend.eu\/sv\/wp-json\/wp\/v2\/product_brand?post=289027"},{"taxonomy":"product_cat","embeddable":true,"href":"https:\/\/www.huntersfriend.eu\/sv\/wp-json\/wp\/v2\/product_cat?post=289027"},{"taxonomy":"product_tag","embeddable":true,"href":"https:\/\/www.huntersfriend.eu\/sv\/wp-json\/wp\/v2\/product_tag?post=289027"}],"curies":[{"name":"wp","href":"https:\/\/api.w.org\/{rel}","templated":true}]}}