{"id":289018,"date":"2018-12-21T08:44:07","date_gmt":"2018-12-21T06:44:07","guid":{"rendered":"https:\/\/www.huntersfriend.eu\/product\/meat-seeker-lung-buster-skaft\/"},"modified":"2025-08-27T14:12:07","modified_gmt":"2025-08-27T12:12:07","slug":"meat-seeker-lung-buster-skaft","status":"publish","type":"product","link":"https:\/\/www.huntersfriend.eu\/sv\/produkt\/meat-seeker-lung-buster-skaft\/","title":{"rendered":"Meat seeker lung Buster-skaft"},"content":{"rendered":"<p>Lung Busters \u2013 En rolig version av den ber\u00f6mda Bunker Buster-bomben som anv\u00e4nds av USA! &#8221;Sl\u00e5 h\u00e5rt och spr\u00e4ng n\u00e5gra lungor i dag!&#8221; <\/p>\n<ul>\n<li>6,2 mm ID (.244) skaft (S nock-storlek)<\/li>\n<li>.003 rakhet<\/li>\n<li>Mycket konsekvent GPI<\/li>\n<li>GPI per ryggrad<\/li>\n<\/ul>\n<ul>\n<li style=\"list-style-type: none;\">\n<ul>\n<li>250 &#8211; 10.5GPI<\/li>\n<li>300 &#8211; 9.3GPI<\/li>\n<li>340 &#8211; 8.9GPI<\/li>\n<li>400 &#8211; 8GPI<\/li>\n<\/ul>\n<\/li>\n<\/ul>\n<ul>\n<li>H\u00f6gkvalitativ kolfiber<\/li>\n<li>Tv\u00e5 &#8221;blodr\u00e4nder&#8221; per skaft f\u00f6r att hj\u00e4lpa till att se eventuellt blod tydligare<\/li>\n<li>Insatserna \u00e4r av h\u00f6gkvalitativ legering och v\u00e4ger 12 grains<\/li>\n<li>H\u00f6gkvalitativa nockar som v\u00e4ger 9 grains&#8221;<\/li>\n<\/ul>\n<h3>SPECIFIKATIONER F\u00d6R MEAT SEEKER LUNG BUSTER<\/h3>\n<table>\n<tbody>\n<tr>\n<td>250&#8217;s<br \/>\n.250&#8243; Deflection<br \/>\n10.5 GPI<br \/>\n+\/-.003&#8243; Straightness<br \/>\n6.2mm ID<\/td>\n<td>300&#8217;s<br \/>\n.300&#8243; Deflection<br \/>\n9.3 GPI<br \/>\n+\/-.003&#8243; Straightness<br \/>\n6.2mm ID<\/td>\n<td>340&#8217;s<br \/>\n.340&#8243; Deflection<br \/>\n8.9 GPI<br \/>\n+\/-.003&#8243; Straightness<br \/>\n.6.2mm ID<\/td>\n<td>400&#8217;s<br \/>\n.400&#8243; Deflection<br \/>\n8.0 GPI<br \/>\n+\/-.003&#8243; Straightness<br \/>\n.6.2mm ID<\/td>\n<\/tr>\n<\/tbody>\n<\/table>\n<p><span lang=\"EN-US\">Denna spine-tabell \u00e4r normaliserad f\u00f6r moderna compoundb\u00e5gar med IBO-hastigheter mellan 280-330 fps. F\u00f6r snabbare b\u00e5gar, l\u00e4s tabellen ett block ned och till h\u00f6ger. F\u00f6r l\u00e5ngsammare b\u00e5gar, l\u00e4s tabellen ett block upp och till v\u00e4nster. Tabellen \u00e4r inte till\u00e4mplig f\u00f6r traditionella b\u00e5gar. OBS: Faktiska pilspine-nedb\u00f6jningar matchar inte n\u00f6dv\u00e4ndigtvis tillverkarens marknadsf\u00f6rda spine-storlekar (Gold Tip 5575, Carbon Force 200, Carbon Express 60\/75, etc.). Tillverkarens spine-storlekssystem       <\/span><strong><span lang=\"EN-US\">kan vara godtyckliga<\/span><\/strong><span lang=\"EN-US\">  (100, 200, 300, 400) och kanske eller kanske inte \u00e5terspeglar pilarnas faktiska spine-nedb\u00f6jningar. Till exempel har en &#8221;Carbon Express Maxima 250&#8243; en faktisk spine-nedb\u00f6jning p\u00e5 .404&#8243;, inte .250&#8221; som storleken antyder. I det h\u00e4r fallet \u00e4r klassificeringssystemet godtyckligt. F\u00f6r att vara s\u00e4ker, ANTA INTE att en pils publicerade spine-storlek matchar pilens faktiska nedb\u00f6jning. Se faktiska pilspecifikationsdata ovan innan du anv\u00e4nder den h\u00e4r tabellen f\u00f6r att v\u00e4lja en l\u00e4mplig spine-styvhet f\u00f6r din b\u00e5ge.      <em><strong>Om du beh\u00f6ver hj\u00e4lp, ring v\u00e5r pro-shop p\u00e5 +358 45 208 6292 eller mejla oss f\u00f6r assistans.<\/strong><\/em><\/span><\/p>\n<p><strong>ANGE OM DU VILL ATT PILARNA SKA KAPAS TILL EN VISS L\u00c4NGD OCH\/ELLER ATT INSATSERNA SKA MONTERAS I INFO-F\u00c4LTET VID KASSAN!<\/strong><\/p>\n","protected":false},"excerpt":{"rendered":"<p>Finns i 250, 300, 340, 400 och 500 spine med nockar och insatser inkluderade.<\/p>\n","protected":false},"featured_media":211783,"comment_status":"open","ping_status":"closed","template":"","meta":[],"product_brand":[],"product_cat":[2550],"product_tag":[],"class_list":{"0":"post-289018","1":"product","2":"type-product","3":"status-publish","4":"has-post-thumbnail","6":"product_cat-koljaktskaft","8":"first","9":"instock","10":"featured","11":"taxable","12":"shipping-taxable","13":"purchasable","14":"product-type-variable"},"composite_virtual":false,"composite_layout":"","composite_add_to_cart_form_location":"","composite_editable_in_cart":false,"composite_sold_individually_context":"","composite_shop_price_calc":"","composite_components":[],"composite_scenarios":[],"group_of_quantity":0,"min_quantity":0,"max_quantity":"","exclude_order_quantity_value_rules":"no","exclude_category_quantity_rules":"no","combine_variations":"no","exclude_global_add_ons":false,"addons":[{"name":"Klipp till l\u00e4ngd","type":"multiple_choice","position":0,"required":true,"title_format":"label","default":"","description_enable":false,"description":null,"placeholder_enable":false,"placeholder":null,"display":"select","restrictions_type":"any_text","adjust_price":false,"price":"","price_type":"flat_fee","restrictions":false,"min":"0","max":"0","options":[{"label":"Klipp inte","price":"","price_type":"flat_fee","image":0,"visibility":true},{"label":"V\u00e4nligen klipp - l\u00e4gg till \u00f6nskad l\u00e4ngd i infof\u00e4ltet vid utcheckningen","price":"","price_type":"flat_fee","image":0,"visibility":true}]},{"name":"Insatser","type":"multiple_choice","position":1,"required":true,"title_format":"label","default":"","description_enable":false,"description":null,"placeholder_enable":false,"placeholder":null,"display":"select","restrictions_type":"any_text","adjust_price":false,"price":"","price_type":"flat_fee","restrictions":false,"min":"0","max":"0","options":[{"label":"Installera insatser (detta \u00e4r permanent!)","price":"","price_type":"flat_fee","image":0,"visibility":true},{"label":"Installera inte insatser (inkludera l\u00f6sa)","price":"","price_type":"flat_fee","image":0,"visibility":true}]}],"_links":{"self":[{"href":"https:\/\/www.huntersfriend.eu\/sv\/wp-json\/wp\/v2\/product\/289018","targetHints":{"allow":["GET"]}}],"collection":[{"href":"https:\/\/www.huntersfriend.eu\/sv\/wp-json\/wp\/v2\/product"}],"about":[{"href":"https:\/\/www.huntersfriend.eu\/sv\/wp-json\/wp\/v2\/types\/product"}],"replies":[{"embeddable":true,"href":"https:\/\/www.huntersfriend.eu\/sv\/wp-json\/wp\/v2\/comments?post=289018"}],"wp:featuredmedia":[{"embeddable":true,"href":"https:\/\/www.huntersfriend.eu\/sv\/wp-json\/wp\/v2\/media\/211783"}],"wp:attachment":[{"href":"https:\/\/www.huntersfriend.eu\/sv\/wp-json\/wp\/v2\/media?parent=289018"}],"wp:term":[{"taxonomy":"product_brand","embeddable":true,"href":"https:\/\/www.huntersfriend.eu\/sv\/wp-json\/wp\/v2\/product_brand?post=289018"},{"taxonomy":"product_cat","embeddable":true,"href":"https:\/\/www.huntersfriend.eu\/sv\/wp-json\/wp\/v2\/product_cat?post=289018"},{"taxonomy":"product_tag","embeddable":true,"href":"https:\/\/www.huntersfriend.eu\/sv\/wp-json\/wp\/v2\/product_tag?post=289018"}],"curies":[{"name":"wp","href":"https:\/\/api.w.org\/{rel}","templated":true}]}}