{"id":289011,"date":"2018-12-21T08:48:19","date_gmt":"2018-12-21T08:48:19","guid":{"rendered":"https:\/\/www.huntersfriend.eu\/product\/black-eagle-outlaw-skaft\/"},"modified":"2025-08-27T14:12:06","modified_gmt":"2025-08-27T12:12:06","slug":"black-eagle-outlaw-skaft","status":"publish","type":"product","link":"https:\/\/www.huntersfriend.eu\/sv\/produkt\/black-eagle-outlaw-skaft\/","title":{"rendered":"Black Eagle Outlaw-skaft"},"content":{"rendered":"<p>Den h\u00e4r pilen \u00e4r speciellt designad f\u00f6r den tuffaste utomhusm\u00e4nniskan; den \u00e4r byggd med \u00f6verl\u00e4gsen kolfiberteknik f\u00f6r att klara av den robusthet och misshandel som uppst\u00e5r under jakt \u2013 och prislappen kommer att f\u00e5 dig att le! Designad med den perfekta balansen mellan hastighet och kinetisk energi \u00e4r detta skaft extremt m\u00e5ngsidigt f\u00f6r b\u00e5de skjutbanan och skogen. Precis som alla Outlaws har de testats, misshandlats och bl\u00f6tts ner \u2013 och de forts\u00e4tter att komma tillbaka f\u00f6r mer!<\/p>\n<p>Outlaw-pilen \u00e4r den enda pilen i sin klass med en rakhet p\u00e5 .005&#8243; eller b\u00e4ttre. Outlaw-pilarna har b\u00e4st tolerans, b\u00e4st h\u00e5llbarhet och det ABSOLUT B\u00c4STA PRISET! <\/p>\n<p>Testa n\u00e5gra och se sj\u00e4lv varf\u00f6r de \u00e4r de enda Outlaws som KAN litas p\u00e5!<\/p>\n<p>Sm\u00e4ltlim rekommenderas INTE f\u00f6r anv\u00e4ndning med Black Eagle Arrow-skaft.<\/p>\n<h3>BLACK EAGLE OUTLAW SPECIFIKATIONER<\/h3>\n<table>\n<tbody>\n<tr>\n<td>300&#8217;s<br \/>\n.300&#8243; Nedb\u00f6jning<br \/>\n9,1 GPI<br \/>\n+\/-.005&#8243; Rakhet<br \/>\n.300&#8243; Y.D.<\/td>\n<td>350&#8217;s<br \/>\n.350&#8243; Nedb\u00f6jning<br \/>\n8,6 GPI<br \/>\n+\/-.005&#8243; Rakhet<br \/>\n.294&#8243; Y.D.<\/td>\n<td>400&#8217;s<br \/>\n.400&#8243; Nedb\u00f6jning<br \/>\n8,1 GPI<br \/>\n+\/-.005&#8243; Rakhet<br \/>\n.287&#8243; Y.D.<\/td>\n<td>500&#8217;s<br \/>\n.500&#8243; Nedb\u00f6jning<br \/>\n7,4 GPI<br \/>\n+\/-.005&#8243; Rakhet<br \/>\n.287&#8243; Y.D.<\/td>\n<\/tr>\n<\/tbody>\n<\/table>\n<h3>STANDARDISERADE PILSPINE\/NEDB\u00d6JNINGSTABELLER<\/h3>\n<p>Den h\u00e4r tabellen \u00e4r normaliserad f\u00f6r moderna compoundb\u00e5gar med IBO-hastigheter mellan 280-330 fps. F\u00f6r snabbare b\u00e5gar, l\u00e4s tabellen ett block ned och till h\u00f6ger. F\u00f6r l\u00e5ngsammare b\u00e5gar, l\u00e4s tabellen ett block upp och till v\u00e4nster. Tabellen \u00e4r inte till\u00e4mplig f\u00f6r traditionella b\u00e5gar. OBS: Faktiska pilspinedeflektioner matchar inte n\u00f6dv\u00e4ndigtvis tillverkarens marknadsf\u00f6rda spinestorlekar (Gold Tip 5575, Carbon Force 200, Carbon Express 60\/75, etc.). Tillverkarens spinesystem <strong>kan vara godtyckliga<\/strong> (100, 200, 300, 400) och kanske eller kanske inte \u00e5terspeglar pilarnas faktiska spinedeflektioner. Till exempel har en &#8221;Carbon Express Maxima 250&#8243; en faktisk spinedeflektion p\u00e5 .404&#8243;, inte .250&#8221; som storleken antyder. I det h\u00e4r fallet \u00e4r klassificeringssystemet godtyckligt. F\u00f6r att vara s\u00e4ker, ANTA INTE att en pils publicerade spinestorlek matchar pilens faktiska deflektion. Se faktiska pilspecifikationsdata ovan innan du anv\u00e4nder den h\u00e4r tabellen f\u00f6r att v\u00e4lja en l\u00e4mplig spinestyvhet f\u00f6r din b\u00e5ge. Om du beh\u00f6ver hj\u00e4lp, ring v\u00e5r pro-shop eller mejla oss f\u00f6r hj\u00e4lp.          <\/p>\n","protected":false},"excerpt":{"rendered":"<p>Den h\u00e4r pilen \u00e4r speciellt designad f\u00f6r den tuffaste utomhusm\u00e4nniskan; den \u00e4r byggd med \u00f6verl\u00e4gsen kolfiberteknik f\u00f6r att klara av den robusthet och misshandel som uppst\u00e5r under jakt \u2013 och prislappen kommer att f\u00e5 dig att le! Designad med den perfekta balansen mellan hastighet och kinetisk energi \u00e4r detta skaft extremt m\u00e5ngsidigt f\u00f6r b\u00e5de skjutbanan [&#8230;]\n","protected":false},"featured_media":289014,"comment_status":"open","ping_status":"closed","template":"","meta":[],"product_brand":[],"product_cat":[2550],"product_tag":[],"class_list":{"0":"post-289011","1":"product","2":"type-product","3":"status-publish","4":"has-post-thumbnail","6":"product_cat-koljaktskaft","8":"first","9":"instock","10":"taxable","11":"shipping-taxable","12":"purchasable","13":"product-type-variable"},"composite_virtual":false,"composite_layout":"","composite_add_to_cart_form_location":"","composite_editable_in_cart":false,"composite_sold_individually_context":"","composite_shop_price_calc":"","composite_components":[],"composite_scenarios":[],"group_of_quantity":0,"min_quantity":0,"max_quantity":"","exclude_order_quantity_value_rules":"no","exclude_category_quantity_rules":"no","combine_variations":"no","exclude_global_add_ons":false,"addons":[{"name":"Klipp till l\u00e4ngd","type":"multiple_choice","position":0,"required":true,"title_format":"label","default":"","description_enable":false,"description":null,"placeholder_enable":false,"placeholder":null,"display":"select","restrictions_type":"any_text","adjust_price":false,"price":"","price_type":"flat_fee","restrictions":false,"min":"0","max":"0","options":[{"label":"Klipp inte","price":"","price_type":"flat_fee","image":0,"visibility":true},{"label":"V\u00e4nligen klipp - l\u00e4gg till \u00f6nskad l\u00e4ngd i infof\u00e4ltet vid utcheckningen","price":"","price_type":"flat_fee","image":0,"visibility":true}]},{"name":"Insatser","type":"multiple_choice","position":1,"required":true,"title_format":"label","default":"","description_enable":false,"description":null,"placeholder_enable":false,"placeholder":null,"display":"select","restrictions_type":"any_text","adjust_price":false,"price":"","price_type":"flat_fee","restrictions":false,"min":"0","max":"0","options":[{"label":"Installera insatser (detta \u00e4r permanent!)","price":"","price_type":"flat_fee","image":0,"visibility":true},{"label":"Installera inte insatser (inkludera l\u00f6sa)","price":"","price_type":"flat_fee","image":0,"visibility":true}]}],"_links":{"self":[{"href":"https:\/\/www.huntersfriend.eu\/sv\/wp-json\/wp\/v2\/product\/289011","targetHints":{"allow":["GET"]}}],"collection":[{"href":"https:\/\/www.huntersfriend.eu\/sv\/wp-json\/wp\/v2\/product"}],"about":[{"href":"https:\/\/www.huntersfriend.eu\/sv\/wp-json\/wp\/v2\/types\/product"}],"replies":[{"embeddable":true,"href":"https:\/\/www.huntersfriend.eu\/sv\/wp-json\/wp\/v2\/comments?post=289011"}],"wp:featuredmedia":[{"embeddable":true,"href":"https:\/\/www.huntersfriend.eu\/sv\/wp-json\/wp\/v2\/media\/289014"}],"wp:attachment":[{"href":"https:\/\/www.huntersfriend.eu\/sv\/wp-json\/wp\/v2\/media?parent=289011"}],"wp:term":[{"taxonomy":"product_brand","embeddable":true,"href":"https:\/\/www.huntersfriend.eu\/sv\/wp-json\/wp\/v2\/product_brand?post=289011"},{"taxonomy":"product_cat","embeddable":true,"href":"https:\/\/www.huntersfriend.eu\/sv\/wp-json\/wp\/v2\/product_cat?post=289011"},{"taxonomy":"product_tag","embeddable":true,"href":"https:\/\/www.huntersfriend.eu\/sv\/wp-json\/wp\/v2\/product_tag?post=289011"}],"curies":[{"name":"wp","href":"https:\/\/api.w.org\/{rel}","templated":true}]}}