{"id":289010,"date":"2018-12-21T08:44:03","date_gmt":"2018-12-21T08:44:03","guid":{"rendered":"https:\/\/www.huntersfriend.eu\/product\/black-eagle-standardnockar\/"},"modified":"2025-08-27T14:12:05","modified_gmt":"2025-08-27T12:12:05","slug":"black-eagle-standardnockar","status":"publish","type":"product","link":"https:\/\/www.huntersfriend.eu\/sv\/produkt\/black-eagle-standardnockar\/","title":{"rendered":"Black Eagle standardnockar"},"content":{"rendered":"<table border=\"0\" width=\"555\" cellspacing=\"0\" cellpadding=\"0\">\n<tbody>\n<tr>\n<td height=\"20\"><\/td>\n<td class=\"xl65\">Passar direkt i skaftet f\u00f6r Black Eagle Carnivore, Zombie Slayer &amp; Outlaw-skaft och Black Eagle standardnockbussningar.<\/td>\n<\/tr>\n<\/tbody>\n<\/table>\n<ul>\n<li>Enkel att installera med en l\u00e4tt tryckpassningsdesign.<\/li>\n<li>Kammen hj\u00e4lper till med konsekvent nockrotation p\u00e5 pilen.<\/li>\n<li>Tillverkad med sn\u00e4va toleranser f\u00f6r \u00f6kad konsekvens.<\/li>\n<li>Finns i olika f\u00e4rger.<\/li>\n<\/ul>\n","protected":false},"excerpt":{"rendered":"<p>Passar direkt i skaftet f\u00f6r Black Eagle Carnivore, Zombie Slayer &amp; Outlaw-skaft och Black Eagle standardnockbussningar. Enkel att installera med en l\u00e4tt tryckpassningsdesign. Kammen hj\u00e4lper till med konsekvent nockrotation p\u00e5 pilen. Tillverkad med sn\u00e4va toleranser f\u00f6r \u00f6kad konsekvens. Finns i olika f\u00e4rger.<\/p>\n","protected":false},"featured_media":7524,"comment_status":"open","ping_status":"open","template":"","meta":[],"product_brand":[],"product_cat":[2880],"product_tag":[],"class_list":{"0":"post-289010","1":"product","2":"type-product","3":"status-publish","4":"has-post-thumbnail","6":"product_cat-nockar-och-insatser","8":"first","9":"instock","10":"taxable","11":"shipping-taxable","12":"purchasable","13":"product-type-variable"},"composite_virtual":false,"composite_layout":"","composite_add_to_cart_form_location":"","composite_editable_in_cart":false,"composite_sold_individually_context":"","composite_shop_price_calc":"","composite_components":[],"composite_scenarios":[],"group_of_quantity":0,"min_quantity":0,"max_quantity":"","exclude_order_quantity_value_rules":"no","exclude_category_quantity_rules":"no","combine_variations":"no","exclude_global_add_ons":[],"addons":[],"_links":{"self":[{"href":"https:\/\/www.huntersfriend.eu\/sv\/wp-json\/wp\/v2\/product\/289010","targetHints":{"allow":["GET"]}}],"collection":[{"href":"https:\/\/www.huntersfriend.eu\/sv\/wp-json\/wp\/v2\/product"}],"about":[{"href":"https:\/\/www.huntersfriend.eu\/sv\/wp-json\/wp\/v2\/types\/product"}],"replies":[{"embeddable":true,"href":"https:\/\/www.huntersfriend.eu\/sv\/wp-json\/wp\/v2\/comments?post=289010"}],"wp:featuredmedia":[{"embeddable":true,"href":"https:\/\/www.huntersfriend.eu\/sv\/wp-json\/wp\/v2\/media\/7524"}],"wp:attachment":[{"href":"https:\/\/www.huntersfriend.eu\/sv\/wp-json\/wp\/v2\/media?parent=289010"}],"wp:term":[{"taxonomy":"product_brand","embeddable":true,"href":"https:\/\/www.huntersfriend.eu\/sv\/wp-json\/wp\/v2\/product_brand?post=289010"},{"taxonomy":"product_cat","embeddable":true,"href":"https:\/\/www.huntersfriend.eu\/sv\/wp-json\/wp\/v2\/product_cat?post=289010"},{"taxonomy":"product_tag","embeddable":true,"href":"https:\/\/www.huntersfriend.eu\/sv\/wp-json\/wp\/v2\/product_tag?post=289010"}],"curies":[{"name":"wp","href":"https:\/\/api.w.org\/{rel}","templated":true}]}}