{"id":288996,"date":"2018-12-21T08:44:01","date_gmt":"2018-12-21T08:44:01","guid":{"rendered":"https:\/\/www.huntersfriend.eu\/product\/black-eagle-carnivore-pilar\/"},"modified":"2025-08-27T14:11:57","modified_gmt":"2025-08-27T12:11:57","slug":"black-eagle-carnivore-pilar","status":"publish","type":"product","link":"https:\/\/www.huntersfriend.eu\/sv\/produkt\/black-eagle-carnivore-pilar\/","title":{"rendered":"Black Eagle carnivore pilar"},"content":{"rendered":"<p><span style=\"display: inline !important; float: none; background-color: transparent; color: #333333; font-family: 'Industry-Medium-webfont',Helvetica,Arial,sans-serif; font-size: 13px; font-style: normal; font-variant: normal; font-weight: 400; letter-spacing: normal; orphans: 2; text-align: left; text-decoration: none; text-indent: 0px; text-transform: none; -webkit-text-stroke-width: 0px; white-space: normal; word-spacing: 0px;\">Carnivore \u00e4r Black Eagles f\u00f6rstklassiga 100 % kolfiberjakt-\/3D-pil. Dess flygegenskaper har utformats av erfarna professionella skyttar f\u00f6r att optimera hastighet, kinetisk energi och penetration i en m\u00e4ngd olika milj\u00f6er. Carnivore-pilarna \u00e4r vikt- och spine-sorterade f\u00f6r att erbjuda den mest konsekventa grupperingen. Denna pilens exceptionella h\u00e5llbarhet och precision kommer garanterat att ta hem trof\u00e9n djupt inne i skogen eller p\u00e5 3D-banan.    <\/span><\/p>\n<p><span style=\"display: inline !important; float: none; background-color: transparent; color: #333333; font-family: 'Industry-Medium-webfont',Helvetica,Arial,sans-serif; font-size: 14px; font-style: normal; font-variant: normal; font-weight: 400; letter-spacing: normal; orphans: 2; text-align: left; text-decoration: none; text-indent: 0px; text-transform: none; -webkit-text-stroke-width: 0px; white-space: normal; word-spacing: 0px;\">Sedan starten av Black Eagle Arrows har Carnivore varit en st\u00f6ttepelare. \u00c4ven om vi erbjuder flera typer av pilar f\u00f6r b\u00e5gar, forts\u00e4tter Carnivore att vara utbredd. Som v\u00e5r flaggskeppsjakt-\/m\u00e5l-kolfiberpil har den bevisat sig \u00f6ver hela v\u00e4rlden. Som en prisbel\u00f6nt pil forts\u00e4tter Carnivore att vara popul\u00e4r bland j\u00e4gare s\u00e5v\u00e4l som de som tycker om b\u00e5gskytte inomhus och utomhus.    <\/span><\/p>\n<div class=\"category-seo\">Som n\u00e5gra av de b\u00e4sta pilarna f\u00f6r hjortjakt \u00e4r Carnivore k\u00e4nd f\u00f6r sin leveranshastighet fr\u00e5n l\u00e5nga avst\u00e5nd. \u00c5r efter \u00e5r forts\u00e4tter Carnivore att vara den b\u00e4sta kolfiberjaktpilen som finns tillg\u00e4nglig. V\u00e5r \u00f6verl\u00e4gsna kolfiberteknik matchas med v\u00e5r grupperingsteknik, vilket g\u00f6r Carnivore till ett m\u00e5ste f\u00f6r varje idrottsmans koger.  <\/div>\n<div><\/div>\n<div><span style=\"display: inline !important; float: none; background-color: transparent; color: #333333; font-family: 'Industry-Medium-webfont',Helvetica,Arial,sans-serif; font-size: 13px; font-style: normal; font-variant: normal; font-weight: 400; letter-spacing: normal; orphans: 2; text-align: left; text-decoration: none; text-indent: 0px; text-transform: none; -webkit-text-stroke-width: 0px; white-space: normal; word-spacing: 0px;\">Sm\u00e4ltlim rekommenderas INTE f\u00f6r anv\u00e4ndning med Black Eagle Arrow-pilar. <\/span><\/div>\n<h3>BLACK EAGLE CARIVORE SPECIFIKATIONER<\/h3>\n<table>\n<tbody>\n<tr>\n<td><strong>250&#8217;s<\/strong><br \/>\n.250&#8243; Nedb\u00f6jning<br \/>\n9.7 GPI<br \/>\n+\/-.001 eller .003&#8243; Rakhet<br \/>\n.303&#8243; Y.D.<\/td>\n<td><strong>300&#8217;s<\/strong><br \/>\n.300&#8243; Nedb\u00f6jning<br \/>\n8.5 GPI<br \/>\n+\/-.001 eller .003&#8243; Rakhet<br \/>\n.296&#8243; Y.D.<\/td>\n<td><strong>350&#8217;s<\/strong><br \/>\n.350&#8243; Nedb\u00f6jning<br \/>\n7.5 GPI<br \/>\n+\/-.001 eller .003&#8243; Rakhet<br \/>\n.291&#8243; Y.D.<\/td>\n<td><strong>400&#8217;s<\/strong><br \/>\n.400&#8243; Nedb\u00f6jning<br \/>\n6.8 GPI<br \/>\n+\/-.001 or.003&#8243; Rakhet<br \/>\n.287&#8243; Y.D.<\/td>\n<\/tr>\n<\/tbody>\n<\/table>\n<h3>STANDARDISERADE PILSPINE\/NEDB\u00d6JNINGSTABELLER<\/h3>\n<p>Denna tabell \u00e4r normaliserad f\u00f6r moderna compoundb\u00e5gar med IBO-hastigheter mellan 280\u2013330 fps. F\u00f6r snabbare b\u00e5gar, l\u00e4s tabellen ett block ned\u00e5t och \u00e5t h\u00f6ger. F\u00f6r l\u00e5ngsammare b\u00e5gar, l\u00e4s tabellen ett block upp\u00e5t och \u00e5t v\u00e4nster. Tabellen g\u00e4ller inte f\u00f6r traditionella b\u00e5gar. OBS: Faktiska pilnedb\u00f6jningar st\u00e4mmer inte n\u00f6dv\u00e4ndigtvis \u00f6verens med tillverkarens marknadsf\u00f6rda pilstorlekar (Gold Tip 5575, Carbon Force 200, Carbon Express 60\/75, etc.). Tillverkarens system f\u00f6r pilstorlekar <strong>kan vara godtyckliga<\/strong> (100, 200, 300, 400) och kanske inte \u00e5terspeglar pilarnas faktiska nedb\u00f6jningar. Till exempel har en &#8221;Carbon Express Maxima 250&#8243; en faktisk pilnedb\u00f6jning p\u00e5 0,404&#8243;, inte 0,250&#8221; som storleken antyder. I det h\u00e4r fallet \u00e4r klassificeringssystemet godtyckligt. F\u00f6r att vara p\u00e5 den s\u00e4kra sidan, ANTA INTE att en pils publicerade pilstorlek matchar pilens faktiska nedb\u00f6jning. Se faktiska specifikationsdata f\u00f6r pilen ovan innan du anv\u00e4nder den h\u00e4r tabellen f\u00f6r att v\u00e4lja l\u00e4mplig pilstyvhet f\u00f6r din b\u00e5ge.          <em><strong>Om du beh\u00f6ver hj\u00e4lp, ring v\u00e5r pro-shop p\u00e5 +358 45 208 6292 eller mejla oss f\u00f6r assistans.<\/strong><\/em><\/p>\n","protected":false},"excerpt":{"rendered":"<p>Obs: V\u00e4lj spine och rakhet.<\/p>\n<p>Nockar och insatser ing\u00e5r, men inte tr\u00e4ningsspetsar eller bredhuvuden. Kontakta oss direkt om andra spines eller rakhet. <\/p>\n","protected":false},"featured_media":289000,"comment_status":"open","ping_status":"closed","template":"","meta":[],"product_brand":[],"product_cat":[3014,2550],"product_tag":[],"class_list":{"0":"post-288996","1":"product","2":"type-product","3":"status-publish","4":"has-post-thumbnail","6":"product_cat-kolfiberpilar-for-malskytte","7":"product_cat-koljaktskaft","9":"first","10":"instock","11":"taxable","12":"shipping-taxable","13":"purchasable","14":"product-type-variable"},"composite_virtual":false,"composite_layout":"","composite_add_to_cart_form_location":"","composite_editable_in_cart":false,"composite_sold_individually_context":"","composite_shop_price_calc":"","composite_components":[],"composite_scenarios":[],"group_of_quantity":0,"min_quantity":0,"max_quantity":"","exclude_order_quantity_value_rules":"no","exclude_category_quantity_rules":"no","combine_variations":"no","exclude_global_add_ons":false,"addons":[{"name":"Klipp till l\u00e4ngd","type":"multiple_choice","position":0,"required":true,"title_format":"label","default":"","description_enable":false,"description":null,"placeholder_enable":false,"placeholder":null,"display":"select","restrictions_type":"any_text","adjust_price":false,"price":"","price_type":"flat_fee","restrictions":false,"min":"0","max":"0","options":[{"label":"Klipp inte","price":"","price_type":"flat_fee","image":0,"visibility":true},{"label":"V\u00e4nligen klipp - l\u00e4gg till \u00f6nskad l\u00e4ngd i infof\u00e4ltet vid utcheckningen","price":"","price_type":"flat_fee","image":0,"visibility":true}],"id":1744632822},{"name":"Insatser","type":"multiple_choice","position":1,"required":true,"title_format":"label","default":"","description_enable":false,"description":null,"placeholder_enable":false,"placeholder":null,"display":"select","restrictions_type":"any_text","adjust_price":false,"price":"","price_type":"flat_fee","restrictions":false,"min":"0","max":"0","options":[{"label":"Installera insatser (detta \u00e4r permanent!)","price":"","price_type":"flat_fee","image":0,"visibility":true},{"label":"Installera inte insatser (inkludera l\u00f6sa)","price":"","price_type":"flat_fee","image":0,"visibility":true}],"id":1744632823}],"_links":{"self":[{"href":"https:\/\/www.huntersfriend.eu\/sv\/wp-json\/wp\/v2\/product\/288996","targetHints":{"allow":["GET"]}}],"collection":[{"href":"https:\/\/www.huntersfriend.eu\/sv\/wp-json\/wp\/v2\/product"}],"about":[{"href":"https:\/\/www.huntersfriend.eu\/sv\/wp-json\/wp\/v2\/types\/product"}],"replies":[{"embeddable":true,"href":"https:\/\/www.huntersfriend.eu\/sv\/wp-json\/wp\/v2\/comments?post=288996"}],"wp:featuredmedia":[{"embeddable":true,"href":"https:\/\/www.huntersfriend.eu\/sv\/wp-json\/wp\/v2\/media\/289000"}],"wp:attachment":[{"href":"https:\/\/www.huntersfriend.eu\/sv\/wp-json\/wp\/v2\/media?parent=288996"}],"wp:term":[{"taxonomy":"product_brand","embeddable":true,"href":"https:\/\/www.huntersfriend.eu\/sv\/wp-json\/wp\/v2\/product_brand?post=288996"},{"taxonomy":"product_cat","embeddable":true,"href":"https:\/\/www.huntersfriend.eu\/sv\/wp-json\/wp\/v2\/product_cat?post=288996"},{"taxonomy":"product_tag","embeddable":true,"href":"https:\/\/www.huntersfriend.eu\/sv\/wp-json\/wp\/v2\/product_tag?post=288996"}],"curies":[{"name":"wp","href":"https:\/\/api.w.org\/{rel}","templated":true}]}}