{"id":288995,"date":"2018-12-21T08:25:19","date_gmt":"2018-12-21T08:25:19","guid":{"rendered":"https:\/\/www.huntersfriend.eu\/product\/wasp-jakhammer\/"},"modified":"2025-08-27T14:11:56","modified_gmt":"2025-08-27T12:11:56","slug":"wasp-jakhammer","status":"publish","type":"product","link":"https:\/\/www.huntersfriend.eu\/sv\/produkt\/wasp-jakhammer\/","title":{"rendered":"Wasp Jakhammer"},"content":{"rendered":"<p>Liksom alla <span class=\"caps\">WASP<\/span> <span class=\"caps\">SST<\/span> broadheads har Jak-Hammer en f\u00f6rjusterad, Stainless Smart Tip (<span class=\"caps\">SST<\/span>). Kanterna p\u00e5 trocar, Smart Tip \u00e4r fabriksjusterade med stigningen p\u00e5 de tre rostfria st\u00e5lbladen, vilket skapar en rak sk\u00e4rv\u00e4g som \u00f6ppnar en gapande s\u00e5rkanal, vilket s\u00e4kerst\u00e4ller maximal penetration. De tre kirurgiskt skarpa rostfria st\u00e5lbladen p\u00e5 detta mekaniska broadhead viks fram\u00e5t under flygning och h\u00e5lls kvar av en O-ring. Bladen f\u00e4lls ut vid tr\u00e4ff och f\u00e4lls tillbaka till en sk\u00e4rdiameter p\u00e5 1-3\/4 tum.   <\/p>\n","protected":false},"excerpt":{"rendered":"<p>1 3\/4&#8243;<\/p>\n","protected":false},"featured_media":7886,"comment_status":"open","ping_status":"closed","template":"","meta":[],"product_brand":[],"product_cat":[2647],"product_tag":[],"class_list":{"0":"post-288995","1":"product","2":"type-product","3":"status-publish","4":"has-post-thumbnail","6":"product_cat-broadheads-jakt","8":"first","9":"outofstock","10":"taxable","11":"shipping-taxable","12":"purchasable","13":"product-type-variable"},"composite_virtual":false,"composite_layout":"","composite_add_to_cart_form_location":"","composite_editable_in_cart":false,"composite_sold_individually_context":"","composite_shop_price_calc":"","composite_components":[],"composite_scenarios":[],"group_of_quantity":0,"min_quantity":0,"max_quantity":"","exclude_order_quantity_value_rules":"no","exclude_category_quantity_rules":"no","combine_variations":"no","exclude_global_add_ons":[],"addons":[],"_links":{"self":[{"href":"https:\/\/www.huntersfriend.eu\/sv\/wp-json\/wp\/v2\/product\/288995","targetHints":{"allow":["GET"]}}],"collection":[{"href":"https:\/\/www.huntersfriend.eu\/sv\/wp-json\/wp\/v2\/product"}],"about":[{"href":"https:\/\/www.huntersfriend.eu\/sv\/wp-json\/wp\/v2\/types\/product"}],"replies":[{"embeddable":true,"href":"https:\/\/www.huntersfriend.eu\/sv\/wp-json\/wp\/v2\/comments?post=288995"}],"wp:featuredmedia":[{"embeddable":true,"href":"https:\/\/www.huntersfriend.eu\/sv\/wp-json\/wp\/v2\/media\/7886"}],"wp:attachment":[{"href":"https:\/\/www.huntersfriend.eu\/sv\/wp-json\/wp\/v2\/media?parent=288995"}],"wp:term":[{"taxonomy":"product_brand","embeddable":true,"href":"https:\/\/www.huntersfriend.eu\/sv\/wp-json\/wp\/v2\/product_brand?post=288995"},{"taxonomy":"product_cat","embeddable":true,"href":"https:\/\/www.huntersfriend.eu\/sv\/wp-json\/wp\/v2\/product_cat?post=288995"},{"taxonomy":"product_tag","embeddable":true,"href":"https:\/\/www.huntersfriend.eu\/sv\/wp-json\/wp\/v2\/product_tag?post=288995"}],"curies":[{"name":"wp","href":"https:\/\/api.w.org\/{rel}","templated":true}]}}