{"id":288990,"date":"2018-12-21T08:25:18","date_gmt":"2018-12-21T08:25:18","guid":{"rendered":"https:\/\/www.huntersfriend.eu\/product\/truglo-centra-tube-peep-2\/"},"modified":"2026-03-26T13:44:07","modified_gmt":"2026-03-26T11:44:07","slug":"truglo-centra-tube-peep-2","status":"publish","type":"product","link":"https:\/\/www.huntersfriend.eu\/sv\/produkt\/truglo-centra-tube-peep-2\/","title":{"rendered":"TruGlo centra tube peep"},"content":{"rendered":"<ul>\n<li>Premium silikon peep-slang<\/li>\n<li>Motst\u00e5r sprickbildning och uttorkning f\u00f6r l\u00e4ngre anv\u00e4ndning<\/li>\n<\/ul>\n","protected":false},"excerpt":{"rendered":"<p>Premium silikon peep-slang Motst\u00e5r sprickbildning och uttorkning f\u00f6r l\u00e4ngre anv\u00e4ndning<\/p>\n","protected":false},"featured_media":7574,"comment_status":"open","ping_status":"closed","template":"","meta":[],"product_brand":[],"product_cat":[2634],"product_tag":[],"class_list":{"0":"post-288990","1":"product","2":"type-product","3":"status-publish","4":"has-post-thumbnail","6":"product_cat-sikten-nockpunkter-kindpussar-och-tillbehor","8":"first","9":"instock","10":"taxable","11":"shipping-taxable","12":"purchasable","13":"product-type-variable"},"composite_virtual":false,"composite_layout":"","composite_add_to_cart_form_location":"","composite_editable_in_cart":false,"composite_sold_individually_context":"","composite_shop_price_calc":"","composite_components":[],"composite_scenarios":[],"group_of_quantity":0,"min_quantity":0,"max_quantity":"","exclude_order_quantity_value_rules":"no","exclude_category_quantity_rules":"no","combine_variations":"no","exclude_global_add_ons":[],"addons":[],"_links":{"self":[{"href":"https:\/\/www.huntersfriend.eu\/sv\/wp-json\/wp\/v2\/product\/288990","targetHints":{"allow":["GET"]}}],"collection":[{"href":"https:\/\/www.huntersfriend.eu\/sv\/wp-json\/wp\/v2\/product"}],"about":[{"href":"https:\/\/www.huntersfriend.eu\/sv\/wp-json\/wp\/v2\/types\/product"}],"replies":[{"embeddable":true,"href":"https:\/\/www.huntersfriend.eu\/sv\/wp-json\/wp\/v2\/comments?post=288990"}],"wp:featuredmedia":[{"embeddable":true,"href":"https:\/\/www.huntersfriend.eu\/sv\/wp-json\/wp\/v2\/media\/7574"}],"wp:attachment":[{"href":"https:\/\/www.huntersfriend.eu\/sv\/wp-json\/wp\/v2\/media?parent=288990"}],"wp:term":[{"taxonomy":"product_brand","embeddable":true,"href":"https:\/\/www.huntersfriend.eu\/sv\/wp-json\/wp\/v2\/product_brand?post=288990"},{"taxonomy":"product_cat","embeddable":true,"href":"https:\/\/www.huntersfriend.eu\/sv\/wp-json\/wp\/v2\/product_cat?post=288990"},{"taxonomy":"product_tag","embeddable":true,"href":"https:\/\/www.huntersfriend.eu\/sv\/wp-json\/wp\/v2\/product_tag?post=288990"}],"curies":[{"name":"wp","href":"https:\/\/api.w.org\/{rel}","templated":true}]}}