{"id":288983,"date":"2018-12-21T08:25:17","date_gmt":"2018-12-21T08:25:17","guid":{"rendered":"https:\/\/www.huntersfriend.eu\/product\/truglo-boa-universal-ersattningsrem\/"},"modified":"2025-08-27T14:11:53","modified_gmt":"2025-08-27T12:11:53","slug":"truglo-boa-universal-ersattningsrem","status":"publish","type":"product","link":"https:\/\/www.huntersfriend.eu\/sv\/produkt\/truglo-boa-universal-ersattningsrem\/","title":{"rendered":"Truglo boa universal ers\u00e4ttningsrem"},"content":{"rendered":"<p>Finns i svart eller camo.<\/p>\n<ul>\n<li>Ers\u00e4tter din trasiga eller slitna handledsrem<\/li>\n<li>Passar n\u00e4stan alla anslutningssystem<\/li>\n<li>BOA-st\u00e4ngningssystem f\u00f6r en handskliknande passform och anpassad komfort hela dagen<\/li>\n<li>Snabb p\u00e5\/snabb av, enhandsjustering<\/li>\n<li>L\u00e4tt att reng\u00f6ra \u2013 BOA-f\u00f6rslutningar avl\u00e4gsnar lera, smuts och till och med is<\/li>\n<li>Inkluderar valfri nylon-\/repanslutning<\/li>\n<li>Maskinbearbetad universalled i aluminium<\/li>\n<\/ul>\n","protected":false},"excerpt":{"rendered":"<p>Finns i svart eller camo. Ers\u00e4tter din trasiga eller slitna handledsrem Passar n\u00e4stan alla anslutningssystem BOA-st\u00e4ngningssystem f\u00f6r en handskliknande passform och anpassad komfort hela dagen Snabb p\u00e5\/snabb av, enhandsjustering L\u00e4tt att reng\u00f6ra \u2013 BOA-f\u00f6rslutningar avl\u00e4gsnar lera, smuts och till och med is Inkluderar valfri nylon-\/repanslutning Maskinbearbetad universalled i aluminium<\/p>\n","protected":false},"featured_media":8443,"comment_status":"open","ping_status":"closed","template":"","meta":[],"product_brand":[],"product_cat":[2680],"product_tag":[],"class_list":{"0":"post-288983","1":"product","2":"type-product","3":"status-publish","4":"has-post-thumbnail","6":"product_cat-handledsutlosare","8":"first","9":"instock","10":"taxable","11":"shipping-taxable","12":"purchasable","13":"product-type-variable"},"composite_virtual":false,"composite_layout":"","composite_add_to_cart_form_location":"","composite_editable_in_cart":false,"composite_sold_individually_context":"","composite_shop_price_calc":"","composite_components":[],"composite_scenarios":[],"group_of_quantity":0,"min_quantity":0,"max_quantity":"","exclude_order_quantity_value_rules":"no","exclude_category_quantity_rules":"no","combine_variations":"no","exclude_global_add_ons":[],"addons":[],"_links":{"self":[{"href":"https:\/\/www.huntersfriend.eu\/sv\/wp-json\/wp\/v2\/product\/288983","targetHints":{"allow":["GET"]}}],"collection":[{"href":"https:\/\/www.huntersfriend.eu\/sv\/wp-json\/wp\/v2\/product"}],"about":[{"href":"https:\/\/www.huntersfriend.eu\/sv\/wp-json\/wp\/v2\/types\/product"}],"replies":[{"embeddable":true,"href":"https:\/\/www.huntersfriend.eu\/sv\/wp-json\/wp\/v2\/comments?post=288983"}],"wp:featuredmedia":[{"embeddable":true,"href":"https:\/\/www.huntersfriend.eu\/sv\/wp-json\/wp\/v2\/media\/8443"}],"wp:attachment":[{"href":"https:\/\/www.huntersfriend.eu\/sv\/wp-json\/wp\/v2\/media?parent=288983"}],"wp:term":[{"taxonomy":"product_brand","embeddable":true,"href":"https:\/\/www.huntersfriend.eu\/sv\/wp-json\/wp\/v2\/product_brand?post=288983"},{"taxonomy":"product_cat","embeddable":true,"href":"https:\/\/www.huntersfriend.eu\/sv\/wp-json\/wp\/v2\/product_cat?post=288983"},{"taxonomy":"product_tag","embeddable":true,"href":"https:\/\/www.huntersfriend.eu\/sv\/wp-json\/wp\/v2\/product_tag?post=288983"}],"curies":[{"name":"wp","href":"https:\/\/api.w.org\/{rel}","templated":true}]}}