{"id":288980,"date":"2018-12-21T08:25:17","date_gmt":"2018-12-21T08:25:17","guid":{"rendered":"https:\/\/www.huntersfriend.eu\/product\/truglo-range-rover-micro-wheel-1-pin\/"},"modified":"2025-08-27T14:11:51","modified_gmt":"2025-08-27T12:11:51","slug":"truglo-range-rover-micro-wheel-1-pin","status":"publish","type":"product","link":"https:\/\/www.huntersfriend.eu\/sv\/produkt\/truglo-range-rover-micro-wheel-1-pin\/","title":{"rendered":"TruGlo Range Rover Micro Wheel 1-pin"},"content":{"rendered":"<ul>\n<li>V\u00e5rt ljusstarkaste 1-pin sikte f\u00f6r b\u00e5gskytte<\/li>\n<li>Verktygsl\u00f6s avst\u00e5ndsl\u00e5sning<\/li>\n<li>Ren, cirkul\u00e4r siktbild med metallpinne<\/li>\n<li>Extra l\u00e5ng, helt skyddad lindad fiber<\/li>\n<li>Ultratjockt f\u00e4ste f\u00f6r enkel justering med en hand<\/li>\n<li>Siktk\u00e5pan accepterar 1,87&#8243; objektiv (s\u00e4ljs separat)<\/li>\n<li>Inkluderar \u00f6ver 40 f\u00f6rmarkerade avst\u00e5ndstejper f\u00f6r att f\u00f6renkla installationen<\/li>\n<li>Justerbart avst\u00e5ndsstopp anpassar maximal avst\u00e5ndsinst\u00e4llning<\/li>\n<li>Lasermarkeringar f\u00f6r vind- och h\u00f6jdjusteringar<\/li>\n<li>Koger kan monteras direkt p\u00e5 f\u00e4stet<\/li>\n<li>Justerbar f\u00f6r v\u00e4nster- och h\u00f6gerh\u00e4nta skyttar<\/li>\n<\/ul>\n","protected":false},"excerpt":{"rendered":"<p>Svart<\/p>\n","protected":false},"featured_media":210755,"comment_status":"open","ping_status":"closed","template":"","meta":[],"product_brand":[],"product_cat":[878],"product_tag":[],"class_list":{"0":"post-288980","1":"product","2":"type-product","3":"status-publish","4":"has-post-thumbnail","6":"product_cat-uncategorized-sv","8":"first","9":"outofstock","10":"taxable","11":"shipping-taxable","12":"purchasable","13":"product-type-simple"},"composite_virtual":false,"composite_layout":"","composite_add_to_cart_form_location":"","composite_editable_in_cart":false,"composite_sold_individually_context":"","composite_shop_price_calc":"","composite_components":[],"composite_scenarios":[],"group_of_quantity":0,"min_quantity":0,"max_quantity":"","exclude_order_quantity_value_rules":"no","exclude_category_quantity_rules":"no","combine_variations":"no","exclude_global_add_ons":[],"addons":[],"_links":{"self":[{"href":"https:\/\/www.huntersfriend.eu\/sv\/wp-json\/wp\/v2\/product\/288980","targetHints":{"allow":["GET"]}}],"collection":[{"href":"https:\/\/www.huntersfriend.eu\/sv\/wp-json\/wp\/v2\/product"}],"about":[{"href":"https:\/\/www.huntersfriend.eu\/sv\/wp-json\/wp\/v2\/types\/product"}],"replies":[{"embeddable":true,"href":"https:\/\/www.huntersfriend.eu\/sv\/wp-json\/wp\/v2\/comments?post=288980"}],"wp:featuredmedia":[{"embeddable":true,"href":"https:\/\/www.huntersfriend.eu\/sv\/wp-json\/wp\/v2\/media\/210755"}],"wp:attachment":[{"href":"https:\/\/www.huntersfriend.eu\/sv\/wp-json\/wp\/v2\/media?parent=288980"}],"wp:term":[{"taxonomy":"product_brand","embeddable":true,"href":"https:\/\/www.huntersfriend.eu\/sv\/wp-json\/wp\/v2\/product_brand?post=288980"},{"taxonomy":"product_cat","embeddable":true,"href":"https:\/\/www.huntersfriend.eu\/sv\/wp-json\/wp\/v2\/product_cat?post=288980"},{"taxonomy":"product_tag","embeddable":true,"href":"https:\/\/www.huntersfriend.eu\/sv\/wp-json\/wp\/v2\/product_tag?post=288980"}],"curies":[{"name":"wp","href":"https:\/\/api.w.org\/{rel}","templated":true}]}}