{"id":288978,"date":"2018-12-21T08:25:15","date_gmt":"2018-12-21T06:25:15","guid":{"rendered":"https:\/\/www.huntersfriend.eu\/product\/trophy-ridge-react-h5-5-pin-svart\/"},"modified":"2025-08-27T14:11:49","modified_gmt":"2025-08-27T12:11:49","slug":"trophy-ridge-react-h5-5-pin-svart","status":"publish","type":"product","link":"https:\/\/www.huntersfriend.eu\/sv\/produkt\/trophy-ridge-react-h5-5-pin-svart\/","title":{"rendered":"Trophy Ridge React H5 5-pin svart"},"content":{"rendered":"<p>G\u00d6R INSTALLATIONEN ENKEL: Trophy Ridge-ingenj\u00f6rer har gjort n\u00e5got anm\u00e4rkningsv\u00e4rt med React H5. De har utvecklat ett mekaniskt system som automatiskt justerar avst\u00e5ndet mellan pinnarna f\u00f6r att matcha pilarnas paraboliska flygbana \u2013 oavsett hur snabb din specifika pilb\u00e5ge \u00e4r. Allt du beh\u00f6ver g\u00f6ra \u00e4r att st\u00e4lla in din \u00f6versta pinne f\u00f6r 20 yards\/meter (med hj\u00e4lp av mikro-klick justeringarna f\u00f6r sidvind\/h\u00f6jd), sedan g\u00e5 tillbaka och st\u00e4lla in en andra pinne (vi f\u00f6resl\u00e5r 50 eller 60) med vredet f\u00f6r pinngap. N\u00e4r du har siktat in 2 pinnar korrekt kommer resten av dina pinnar automatiskt att st\u00e4llas in i perfekta 10 yard eller meter intervall. S\u00e5 enkelt \u00e4r det!    <\/p>\n<ul>\n<li>Sikte med fem .019&#8243; horisontella pinnar med den innovativa React-tekniken<\/li>\n<li>Minskar vibrationer samtidigt som den bibeh\u00e5ller l\u00e4ttviktsstyrka med Ballistix CoPolymer System<\/li>\n<li>Justera ljusstyrkan f\u00f6r att passa alla skjutningsf\u00f6rh\u00e5llanden med reostatljuset<\/li>\n<li>G\u00f6r enkla korrigeringar med avancerade verktygsl\u00f6sa mikro-klick justeringar f\u00f6r sidvind och h\u00f6jd<\/li>\n<li>St\u00e4rk noggrannheten \u00f6ver l\u00e4ngre avst\u00e5nd med dubbelaxlig justering<\/li>\n<\/ul>\n","protected":false},"excerpt":{"rendered":"<p>Endast h\u00f6ger hand<\/p>\n","protected":false},"featured_media":8099,"comment_status":"open","ping_status":"closed","template":"","meta":[],"product_brand":[],"product_cat":[2690],"product_tag":[],"class_list":{"0":"post-288978","1":"product","2":"type-product","3":"status-publish","4":"has-post-thumbnail","6":"product_cat-bagjaktsikten","8":"first","9":"instock","10":"taxable","11":"shipping-taxable","12":"purchasable","13":"product-type-simple"},"composite_virtual":false,"composite_layout":"","composite_add_to_cart_form_location":"","composite_editable_in_cart":false,"composite_sold_individually_context":"","composite_shop_price_calc":"","composite_components":[],"composite_scenarios":[],"group_of_quantity":0,"min_quantity":0,"max_quantity":"","exclude_order_quantity_value_rules":"no","exclude_category_quantity_rules":"no","combine_variations":"no","exclude_global_add_ons":[],"addons":[],"_links":{"self":[{"href":"https:\/\/www.huntersfriend.eu\/sv\/wp-json\/wp\/v2\/product\/288978","targetHints":{"allow":["GET"]}}],"collection":[{"href":"https:\/\/www.huntersfriend.eu\/sv\/wp-json\/wp\/v2\/product"}],"about":[{"href":"https:\/\/www.huntersfriend.eu\/sv\/wp-json\/wp\/v2\/types\/product"}],"replies":[{"embeddable":true,"href":"https:\/\/www.huntersfriend.eu\/sv\/wp-json\/wp\/v2\/comments?post=288978"}],"wp:featuredmedia":[{"embeddable":true,"href":"https:\/\/www.huntersfriend.eu\/sv\/wp-json\/wp\/v2\/media\/8099"}],"wp:attachment":[{"href":"https:\/\/www.huntersfriend.eu\/sv\/wp-json\/wp\/v2\/media?parent=288978"}],"wp:term":[{"taxonomy":"product_brand","embeddable":true,"href":"https:\/\/www.huntersfriend.eu\/sv\/wp-json\/wp\/v2\/product_brand?post=288978"},{"taxonomy":"product_cat","embeddable":true,"href":"https:\/\/www.huntersfriend.eu\/sv\/wp-json\/wp\/v2\/product_cat?post=288978"},{"taxonomy":"product_tag","embeddable":true,"href":"https:\/\/www.huntersfriend.eu\/sv\/wp-json\/wp\/v2\/product_tag?post=288978"}],"curies":[{"name":"wp","href":"https:\/\/api.w.org\/{rel}","templated":true}]}}