{"id":288966,"date":"2018-12-21T08:25:13","date_gmt":"2018-12-21T08:25:13","guid":{"rendered":"https:\/\/www.huntersfriend.eu\/product\/tightspot-5-arrow-lite-koger\/"},"modified":"2025-08-27T14:11:39","modified_gmt":"2025-08-27T12:11:39","slug":"tightspot-5-arrow-lite-koger","status":"publish","type":"product","link":"https:\/\/www.huntersfriend.eu\/sv\/produkt\/tightspot-5-arrow-lite-koger\/","title":{"rendered":"Tightspot 5 Arrow lite koger"},"content":{"rendered":"<p>F\u00f6r f\u00f6rsta g\u00e5ngen kommer ett pilkoger som monteras p\u00e5 b\u00e5gen att hj\u00e4lpa, inte hindra, b\u00e5gens prestanda. TightSpot 5-pils koger justeras till r\u00e4tt plats f\u00f6r att ge dig en \u00f6vergripande systembalans och f\u00f6r att bek\u00e4mpa noggrannhetsp\u00e5verkande vridning. Med TightSpot 5 Arrow Quiver kommer du att skjuta b\u00e4ttre med ditt koger p\u00e5 \u00e4n du n\u00e5gonsin gjort med ditt koger av!  <\/p>\n<ul>\n<li><b>PREMIUMKONSTRUKTION:<\/b> Aluminium och v\u00e4vd kolfiber f\u00f6r viktminskning och maximal h\u00e5llbarhet.<\/li>\n<li><b>STOR VENTILERAD HUVDESIGN:<\/b> Konstruerad specifikt f\u00f6r att rymma dagens st\u00f6rre och l\u00e4ngre fasta blad och expanderbara bredhuvuden.<\/li>\n<li><b>B\u00c4TTRE B\u00c5GBALANS:<\/b> TightSpot-kogret med den exklusiva 3-v\u00e4gsjusteringen ger finjustering av b\u00e5gbalansen med hj\u00e4lp av kogret. Justera upp, ner, fram\u00e5t, bak\u00e5t, in och ut. Resultatet \u00e4r en exakt balanserad b\u00e5ge som \u00f6kar noggrannheten.  <\/li>\n<li><b>PRAKTISKT TAGET INGEN VRIDNING:<\/b> TightSpot \u00e4r v\u00e4rldens f\u00f6rsta koger med l\u00e5g vridning. Det sitter t\u00e4tt mot b\u00e5gen och \u00e4r exceptionellt l\u00e4tt. Detta minskar vridningen vid skottet avsev\u00e4rt.  <\/li>\n<li><b>D\u00d6DAR VIBRATIONER:<\/b> 5-pils kogret attackerar vibrationer fr\u00e5n alla vinklar. Till skillnad fr\u00e5n andra koger minskar TightSpot vibrationer i motsats till att skapa vibrationer som de konkurrerande kograrna. <\/li>\n<li><b>H\u00c5LLER PILARNA H\u00c5RT:<\/b> Det patenterade Bulldog Gripper-systemet, med Arrow Wedges, ger individuellt justerbar pilsp\u00e4nning. Justerbar f\u00f6r att passa n\u00e4stan alla pildiametrar. <\/li>\n<li><b>SNABB AVTAGNING:<\/b> Till\u00e5ter anv\u00e4ndaren att snabbt och tyst ta bort kogret fr\u00e5n b\u00e5gen.<\/li>\n<li><b>VIKT:<\/b> 9,9 oz.<\/li>\n<\/ul>\n","protected":false},"excerpt":{"rendered":"<p>F\u00f6r f\u00f6rsta g\u00e5ngen kommer ett pilkoger som monteras p\u00e5 b\u00e5gen att hj\u00e4lpa, inte hindra, b\u00e5gens prestanda. TightSpot 5-pils koger justeras till r\u00e4tt plats f\u00f6r att ge dig en \u00f6vergripande systembalans och f\u00f6r att bek\u00e4mpa noggrannhetsp\u00e5verkande vridning. Med TightSpot 5 Arrow Quiver kommer du att skjuta b\u00e4ttre med ditt koger p\u00e5 \u00e4n du n\u00e5gonsin gjort med [&#8230;]\n","protected":false},"featured_media":8495,"comment_status":"open","ping_status":"closed","template":"","meta":[],"product_brand":[],"product_cat":[2765,2895],"product_tag":[],"class_list":{"0":"post-288966","1":"product","2":"type-product","3":"status-publish","4":"has-post-thumbnail","6":"product_cat-fyndlada-slutrea","7":"product_cat-koger-for-pilbage-och-jakt","9":"first","10":"instock","11":"sale","12":"taxable","13":"shipping-taxable","14":"purchasable","15":"product-type-variable"},"composite_virtual":false,"composite_layout":"","composite_add_to_cart_form_location":"","composite_editable_in_cart":false,"composite_sold_individually_context":"","composite_shop_price_calc":"","composite_components":[],"composite_scenarios":[],"group_of_quantity":0,"min_quantity":0,"max_quantity":"","exclude_order_quantity_value_rules":"no","exclude_category_quantity_rules":"no","combine_variations":"no","exclude_global_add_ons":[],"addons":[],"_links":{"self":[{"href":"https:\/\/www.huntersfriend.eu\/sv\/wp-json\/wp\/v2\/product\/288966","targetHints":{"allow":["GET"]}}],"collection":[{"href":"https:\/\/www.huntersfriend.eu\/sv\/wp-json\/wp\/v2\/product"}],"about":[{"href":"https:\/\/www.huntersfriend.eu\/sv\/wp-json\/wp\/v2\/types\/product"}],"replies":[{"embeddable":true,"href":"https:\/\/www.huntersfriend.eu\/sv\/wp-json\/wp\/v2\/comments?post=288966"}],"wp:featuredmedia":[{"embeddable":true,"href":"https:\/\/www.huntersfriend.eu\/sv\/wp-json\/wp\/v2\/media\/8495"}],"wp:attachment":[{"href":"https:\/\/www.huntersfriend.eu\/sv\/wp-json\/wp\/v2\/media?parent=288966"}],"wp:term":[{"taxonomy":"product_brand","embeddable":true,"href":"https:\/\/www.huntersfriend.eu\/sv\/wp-json\/wp\/v2\/product_brand?post=288966"},{"taxonomy":"product_cat","embeddable":true,"href":"https:\/\/www.huntersfriend.eu\/sv\/wp-json\/wp\/v2\/product_cat?post=288966"},{"taxonomy":"product_tag","embeddable":true,"href":"https:\/\/www.huntersfriend.eu\/sv\/wp-json\/wp\/v2\/product_tag?post=288966"}],"curies":[{"name":"wp","href":"https:\/\/api.w.org\/{rel}","templated":true}]}}