{"id":288962,"date":"2018-12-21T08:25:07","date_gmt":"2018-12-21T08:25:07","guid":{"rendered":"https:\/\/www.huntersfriend.eu\/product\/qad-hdx\/"},"modified":"2026-01-07T08:00:57","modified_gmt":"2026-01-07T06:00:57","slug":"qad-hdx","status":"publish","type":"product","link":"https:\/\/www.huntersfriend.eu\/sv\/produkt\/qad-hdx\/","title":{"rendered":"QAD HDX"},"content":{"rendered":"<h3>F\u00c5NGAR PILEN HELT OCH H\u00c5LLET<\/h3>\n<p>Vid smygjakt, dragning eller l\u00e5ngsam nedsl\u00e4ppning f\u00f6rblir din pil alltid helt innesluten.<\/p>\n<h3>HARMONISK D\u00c4MPARTEKNIK<\/h3>\n<div>Det formsprutade gummihjulet \u00e4r utformat f\u00f6r att tvinga maximal vibrationsamplitud till ett minimum, medan det slitstarka formgjutna gummit skapar en bekv\u00e4m k\u00e4nsla.<\/div>\n<h3>VDT (velocity drop-away technology)<\/h3>\n<div>Det ENDA drop-away-st\u00f6det p\u00e5 marknaden med en patenterad funktion som g\u00f6r att ULTRA-REST f\u00e4lls ned f\u00f6rst n\u00e4r pilb\u00e5gen avfyras, INTE vid en l\u00e5ngsam nedsl\u00e4ppning.<\/div>\n<h3>L\u00c5STEKNIK<\/h3>\n<div>Patenterade excentriska kambromsar och l\u00e5ser startarmen i nedf\u00e4llt l\u00e4ge, vilket garanterar frig\u00e5ng f\u00f6r fj\u00e4drarna.<\/div>\n<h3>TOTAL FRIG\u00c5NG F\u00d6R PILB\u00c5GEHYLLAN<\/h3>\n<div>Med ULTRA-REST sp\u00e4nd i f\u00e5ngstl\u00e4get, via tumhjulet, s\u00e4kerst\u00e4ller detta att din pil inte sl\u00e4par \u00f6ver pilb\u00e5gehyllan vid dragning eller nedsl\u00e4ppning.<\/div>\n<h3>EGENSKAPER<\/h3>\n<div>\n<ul>\n<li>Smidig, b\u00f6jd f\u00e5ngstst\u00e5ng f\u00f6r mer frig\u00e5ng<\/li>\n<li>Total inneslutning av pilen<\/li>\n<li>Bekv\u00e4mt tumhjul sp\u00e4nner upp avfyraren i l\u00e4ge (med l\u00e5sning av timing-sn\u00f6ret)<\/li>\n<li>Ljudreducerande design: laserskuren filt, kambroms och d\u00e4mpare<\/li>\n<li>Bryts\u00e4ker s\u00e4kerhetsfunktion<\/li>\n<li>Vertikala, horisontella och \u00f6verdragsjusteringar<\/li>\n<li>Precisions CNC-aluminium, rostfritt st\u00e5l och delrin-komponenter<\/li>\n<li>Markeringar f\u00f6r fullt dragindikator<\/li>\n<li>Finns f\u00f6r h\u00f6ger eller v\u00e4nster hand<\/li>\n<\/ul>\n<\/div>\n","protected":false},"excerpt":{"rendered":"<p>F\u00c5NGAR PILEN HELT OCH H\u00c5LLET Vid smygjakt, dragning eller l\u00e5ngsam nedsl\u00e4ppning f\u00f6rblir din pil alltid helt innesluten. HARMONISK D\u00c4MPARTEKNIK Det formsprutade gummihjulet \u00e4r utformat f\u00f6r att tvinga maximal vibrationsamplitud till ett minimum, medan det slitstarka formgjutna gummit skapar en bekv\u00e4m k\u00e4nsla. VDT (velocity drop-away technology) Det ENDA drop-away-st\u00f6det p\u00e5 marknaden med en patenterad funktion som [&#8230;]\n","protected":false},"featured_media":288965,"comment_status":"open","ping_status":"closed","template":"","meta":[],"product_brand":[],"product_cat":[2668],"product_tag":[],"class_list":{"0":"post-288962","1":"product","2":"type-product","3":"status-publish","4":"has-post-thumbnail","6":"product_cat-compound-drop-away-hyllor","8":"first","9":"outofstock","10":"taxable","11":"shipping-taxable","12":"purchasable","13":"product-type-variable"},"composite_virtual":false,"composite_layout":"","composite_add_to_cart_form_location":"","composite_editable_in_cart":false,"composite_sold_individually_context":"","composite_shop_price_calc":"","composite_components":[],"composite_scenarios":[],"group_of_quantity":0,"min_quantity":0,"max_quantity":"","exclude_order_quantity_value_rules":"no","exclude_category_quantity_rules":"no","combine_variations":"no","exclude_global_add_ons":[],"addons":[],"_links":{"self":[{"href":"https:\/\/www.huntersfriend.eu\/sv\/wp-json\/wp\/v2\/product\/288962","targetHints":{"allow":["GET"]}}],"collection":[{"href":"https:\/\/www.huntersfriend.eu\/sv\/wp-json\/wp\/v2\/product"}],"about":[{"href":"https:\/\/www.huntersfriend.eu\/sv\/wp-json\/wp\/v2\/types\/product"}],"replies":[{"embeddable":true,"href":"https:\/\/www.huntersfriend.eu\/sv\/wp-json\/wp\/v2\/comments?post=288962"}],"wp:featuredmedia":[{"embeddable":true,"href":"https:\/\/www.huntersfriend.eu\/sv\/wp-json\/wp\/v2\/media\/288965"}],"wp:attachment":[{"href":"https:\/\/www.huntersfriend.eu\/sv\/wp-json\/wp\/v2\/media?parent=288962"}],"wp:term":[{"taxonomy":"product_brand","embeddable":true,"href":"https:\/\/www.huntersfriend.eu\/sv\/wp-json\/wp\/v2\/product_brand?post=288962"},{"taxonomy":"product_cat","embeddable":true,"href":"https:\/\/www.huntersfriend.eu\/sv\/wp-json\/wp\/v2\/product_cat?post=288962"},{"taxonomy":"product_tag","embeddable":true,"href":"https:\/\/www.huntersfriend.eu\/sv\/wp-json\/wp\/v2\/product_tag?post=288962"}],"curies":[{"name":"wp","href":"https:\/\/api.w.org\/{rel}","templated":true}]}}