{"id":288958,"date":"2018-12-21T08:25:11","date_gmt":"2018-12-21T08:25:11","guid":{"rendered":"https:\/\/www.huntersfriend.eu\/product\/scott-echo\/"},"modified":"2025-08-27T14:11:32","modified_gmt":"2025-08-27T12:11:32","slug":"scott-echo","status":"publish","type":"product","link":"https:\/\/www.huntersfriend.eu\/sv\/produkt\/scott-echo\/","title":{"rendered":"Scott Echo"},"content":{"rendered":"<p>Den direkta \u00e4ttlingen till den legendariska Little Bitty Goose. En HFE-favorit genom tiderna. <\/p>\n<div class=\"bullet-points\">\n<ul>\n<li>Oberoende k\u00e4ftar eliminerar vridmoment<\/li>\n<li>Excentrisk design ger h\u00f6g effektivitet i \u00f6ppningsresponsen<\/li>\n<li>Roller Trigger System (RTS) f\u00f6r smidig, justerbar avtryckarfunktion<\/li>\n<li>Separata justeringar av avtryckarr\u00f6relse och sp\u00e4nning f\u00f6r ett brett spektrum av avtryckarjusteringar<\/li>\n<li>Ny, b\u00f6jd avtryckardesign ger en distinkt k\u00e4nsla och \u00f6kade placeringsalternativ f\u00f6r fingrarna<\/li>\n<li>Ergonomiska greppkanter hj\u00e4lper dig att f\u00e5 samma fingerplacering varje g\u00e5ng<\/li>\n<li>Sp\u00e4nnband\n<p>Finns i svart och camo<\/li>\n<\/ul>\n<\/div>\n<div><\/div>\n","protected":false},"excerpt":{"rendered":"<p>Den direkta \u00e4ttlingen till den legendariska Little Bitty Goose. En HFE-favorit genom tiderna. Oberoende k\u00e4ftar eliminerar vridmoment Excentrisk design ger h\u00f6g effektivitet i \u00f6ppningsresponsen Roller Trigger System (RTS) f\u00f6r smidig, justerbar avtryckarfunktion Separata justeringar av avtryckarr\u00f6relse och sp\u00e4nning f\u00f6r ett brett spektrum av avtryckarjusteringar Ny, b\u00f6jd avtryckardesign ger en distinkt k\u00e4nsla och \u00f6kade placeringsalternativ f\u00f6r [&#8230;]\n","protected":false},"featured_media":8509,"comment_status":"open","ping_status":"open","template":"","meta":[],"product_brand":[],"product_cat":[2680],"product_tag":[],"class_list":{"0":"post-288958","1":"product","2":"type-product","3":"status-publish","4":"has-post-thumbnail","6":"product_cat-handledsutlosare","8":"first","9":"instock","10":"taxable","11":"shipping-taxable","12":"purchasable","13":"product-type-variable"},"composite_virtual":false,"composite_layout":"","composite_add_to_cart_form_location":"","composite_editable_in_cart":false,"composite_sold_individually_context":"","composite_shop_price_calc":"","composite_components":[],"composite_scenarios":[],"group_of_quantity":0,"min_quantity":0,"max_quantity":"","exclude_order_quantity_value_rules":"no","exclude_category_quantity_rules":"no","combine_variations":"no","exclude_global_add_ons":[],"addons":[],"_links":{"self":[{"href":"https:\/\/www.huntersfriend.eu\/sv\/wp-json\/wp\/v2\/product\/288958","targetHints":{"allow":["GET"]}}],"collection":[{"href":"https:\/\/www.huntersfriend.eu\/sv\/wp-json\/wp\/v2\/product"}],"about":[{"href":"https:\/\/www.huntersfriend.eu\/sv\/wp-json\/wp\/v2\/types\/product"}],"replies":[{"embeddable":true,"href":"https:\/\/www.huntersfriend.eu\/sv\/wp-json\/wp\/v2\/comments?post=288958"}],"wp:featuredmedia":[{"embeddable":true,"href":"https:\/\/www.huntersfriend.eu\/sv\/wp-json\/wp\/v2\/media\/8509"}],"wp:attachment":[{"href":"https:\/\/www.huntersfriend.eu\/sv\/wp-json\/wp\/v2\/media?parent=288958"}],"wp:term":[{"taxonomy":"product_brand","embeddable":true,"href":"https:\/\/www.huntersfriend.eu\/sv\/wp-json\/wp\/v2\/product_brand?post=288958"},{"taxonomy":"product_cat","embeddable":true,"href":"https:\/\/www.huntersfriend.eu\/sv\/wp-json\/wp\/v2\/product_cat?post=288958"},{"taxonomy":"product_tag","embeddable":true,"href":"https:\/\/www.huntersfriend.eu\/sv\/wp-json\/wp\/v2\/product_tag?post=288958"}],"curies":[{"name":"wp","href":"https:\/\/api.w.org\/{rel}","templated":true}]}}