{"id":288955,"date":"2018-12-21T08:25:07","date_gmt":"2018-12-21T08:25:07","guid":{"rendered":"https:\/\/www.huntersfriend.eu\/product\/qad-hunter-ultra-pilhylla\/"},"modified":"2026-04-16T09:26:33","modified_gmt":"2026-04-16T07:26:33","slug":"qad-hunter-ultra-pilhylla","status":"publish","type":"product","link":"https:\/\/www.huntersfriend.eu\/sv\/produkt\/qad-hunter-ultra-pilhylla\/","title":{"rendered":"QAD Hunter Ultra-pilhylla"},"content":{"rendered":"<h2>KOMMER INTE ATT SV\u00cdKA DIG<\/h2>\n<p>Den ENDA drop-away-pilhyllan p\u00e5 marknaden med en patenterad funktion som g\u00f6r att ULTRA-REST f\u00e4lls ned endast n\u00e4r pilb\u00e5gen avfyras, INTE vid en l\u00e5ngsam neddragning. Till skillnad fr\u00e5n andra pilhyllor som f\u00e4lls ned p\u00e5 grund av tr\u00f6ghet eller vibrationer, f\u00f6rlitar sig ULTRA REST p\u00e5 hastigheten hos pilhyllan som r\u00f6r sig fram\u00e5t, via Timing Cord som \u00e4r f\u00e4st vid pilb\u00e5gens nedre busskabel, f\u00f6r att initiera att avfyrningsarmen f\u00e4lls ned. VDT s\u00e4kerst\u00e4ller att ULTRA-REST f\u00f6rblir i sp\u00e4nt l\u00e4ge \u00e4ven vid en l\u00e5ngsam neddragning och f\u00e4lls bara ned om pilb\u00e5gen avfyras. VDT \u00e4r en h\u00e5llbar och p\u00e5litlig avfyrningsmekanism som s\u00e4kerligen kommer att f\u00f6r\u00e4ndra ditt s\u00e4tt att se p\u00e5 drop-away-pilhyllor.   <\/p>\n<ul>\n<li>Total inneslutning av pilen<\/li>\n<li>Bekv\u00e4mt tumhjul<\/li>\n<li>Ljudreducerande laserskuren filt<\/li>\n<li>Horisontella justeringar och justeringar f\u00f6r \u00f6verdrag<\/li>\n<li>Precisions CNC-aluminium, rostfritt st\u00e5l och delrin-komponenter<\/li>\n<li>Finns f\u00f6r h\u00f6ger eller v\u00e4nster hand<\/li>\n<li>F\u00e4rger: svart<\/li>\n<\/ul>\n","protected":false},"excerpt":{"rendered":"<p>KOMMER INTE ATT SV\u00cdKA DIG Den ENDA drop-away-pilhyllan p\u00e5 marknaden med en patenterad funktion som g\u00f6r att ULTRA-REST f\u00e4lls ned endast n\u00e4r pilb\u00e5gen avfyras, INTE vid en l\u00e5ngsam neddragning. Till skillnad fr\u00e5n andra pilhyllor som f\u00e4lls ned p\u00e5 grund av tr\u00f6ghet eller vibrationer, f\u00f6rlitar sig ULTRA REST p\u00e5 hastigheten hos pilhyllan som r\u00f6r sig fram\u00e5t, [&#8230;]\n","protected":false},"featured_media":288959,"comment_status":"open","ping_status":"closed","template":"","meta":[],"product_brand":[],"product_cat":[2668],"product_tag":[],"class_list":{"0":"post-288955","1":"product","2":"type-product","3":"status-publish","4":"has-post-thumbnail","6":"product_cat-compound-drop-away-hyllor","8":"first","9":"outofstock","10":"taxable","11":"shipping-taxable","12":"purchasable","13":"product-type-variable"},"composite_virtual":false,"composite_layout":"","composite_add_to_cart_form_location":"","composite_editable_in_cart":false,"composite_sold_individually_context":"","composite_shop_price_calc":"","composite_components":[],"composite_scenarios":[],"group_of_quantity":0,"min_quantity":0,"max_quantity":"","exclude_order_quantity_value_rules":"no","exclude_category_quantity_rules":"no","combine_variations":"no","exclude_global_add_ons":[],"addons":[],"_links":{"self":[{"href":"https:\/\/www.huntersfriend.eu\/sv\/wp-json\/wp\/v2\/product\/288955","targetHints":{"allow":["GET"]}}],"collection":[{"href":"https:\/\/www.huntersfriend.eu\/sv\/wp-json\/wp\/v2\/product"}],"about":[{"href":"https:\/\/www.huntersfriend.eu\/sv\/wp-json\/wp\/v2\/types\/product"}],"replies":[{"embeddable":true,"href":"https:\/\/www.huntersfriend.eu\/sv\/wp-json\/wp\/v2\/comments?post=288955"}],"wp:featuredmedia":[{"embeddable":true,"href":"https:\/\/www.huntersfriend.eu\/sv\/wp-json\/wp\/v2\/media\/288959"}],"wp:attachment":[{"href":"https:\/\/www.huntersfriend.eu\/sv\/wp-json\/wp\/v2\/media?parent=288955"}],"wp:term":[{"taxonomy":"product_brand","embeddable":true,"href":"https:\/\/www.huntersfriend.eu\/sv\/wp-json\/wp\/v2\/product_brand?post=288955"},{"taxonomy":"product_cat","embeddable":true,"href":"https:\/\/www.huntersfriend.eu\/sv\/wp-json\/wp\/v2\/product_cat?post=288955"},{"taxonomy":"product_tag","embeddable":true,"href":"https:\/\/www.huntersfriend.eu\/sv\/wp-json\/wp\/v2\/product_tag?post=288955"}],"curies":[{"name":"wp","href":"https:\/\/api.w.org\/{rel}","templated":true}]}}