{"id":288950,"date":"2018-12-21T08:25:09","date_gmt":"2018-12-21T08:25:09","guid":{"rendered":"https:\/\/www.huntersfriend.eu\/product\/saunders-slo-spets\/"},"modified":"2026-02-19T21:42:31","modified_gmt":"2026-02-19T19:42:31","slug":"saunders-slo-spets","status":"publish","type":"product","link":"https:\/\/www.huntersfriend.eu\/sv\/produkt\/saunders-slo-spets\/","title":{"rendered":"Saunders sl\u00f6 spets"},"content":{"rendered":"<p>Perfekt f\u00f6r sm\u00e5vilt! Tuff, d\u00e4ckliknande gummispets som skruvas fast i din pil som en f\u00e4ltspets eller broadhead. D\u00f6dar genom att chocka sm\u00e5vilt med trubbig kraft \u2013 otroligt effektivt p\u00e5 kaniner, ekorrar, de flesta f\u00e5glar och andra djur under 11 kg. H\u00f6g chockverkan \u00e4ven vid en snuddande tr\u00e4ff. 100 eller 125 grains.    <\/p>\n","protected":false},"excerpt":{"rendered":"<p>Perfekt f\u00f6r sm\u00e5vilt! Tuff, d\u00e4ckliknande gummispets som skruvas fast i din pil som en f\u00e4ltspets eller broadhead. D\u00f6dar genom att chocka sm\u00e5vilt med trubbig kraft \u2013 otroligt effektivt p\u00e5 kaniner, ekorrar, de flesta f\u00e5glar och andra djur under 11 kg. H\u00f6g chockverkan \u00e4ven vid en snuddande tr\u00e4ff. 100 eller 125 grains.<\/p>\n","protected":false},"featured_media":7882,"comment_status":"open","ping_status":"closed","template":"","meta":[],"product_brand":[],"product_cat":[2882],"product_tag":[],"class_list":{"0":"post-288950","1":"product","2":"type-product","3":"status-publish","4":"has-post-thumbnail","6":"product_cat-smavilt-jakt","8":"first","9":"outofstock","10":"taxable","11":"shipping-taxable","12":"purchasable","13":"product-type-variable"},"composite_virtual":false,"composite_layout":"","composite_add_to_cart_form_location":"","composite_editable_in_cart":false,"composite_sold_individually_context":"","composite_shop_price_calc":"","composite_components":[],"composite_scenarios":[],"group_of_quantity":0,"min_quantity":0,"max_quantity":"","exclude_order_quantity_value_rules":"no","exclude_category_quantity_rules":"no","combine_variations":"no","exclude_global_add_ons":[],"addons":[],"_links":{"self":[{"href":"https:\/\/www.huntersfriend.eu\/sv\/wp-json\/wp\/v2\/product\/288950","targetHints":{"allow":["GET"]}}],"collection":[{"href":"https:\/\/www.huntersfriend.eu\/sv\/wp-json\/wp\/v2\/product"}],"about":[{"href":"https:\/\/www.huntersfriend.eu\/sv\/wp-json\/wp\/v2\/types\/product"}],"replies":[{"embeddable":true,"href":"https:\/\/www.huntersfriend.eu\/sv\/wp-json\/wp\/v2\/comments?post=288950"}],"wp:featuredmedia":[{"embeddable":true,"href":"https:\/\/www.huntersfriend.eu\/sv\/wp-json\/wp\/v2\/media\/7882"}],"wp:attachment":[{"href":"https:\/\/www.huntersfriend.eu\/sv\/wp-json\/wp\/v2\/media?parent=288950"}],"wp:term":[{"taxonomy":"product_brand","embeddable":true,"href":"https:\/\/www.huntersfriend.eu\/sv\/wp-json\/wp\/v2\/product_brand?post=288950"},{"taxonomy":"product_cat","embeddable":true,"href":"https:\/\/www.huntersfriend.eu\/sv\/wp-json\/wp\/v2\/product_cat?post=288950"},{"taxonomy":"product_tag","embeddable":true,"href":"https:\/\/www.huntersfriend.eu\/sv\/wp-json\/wp\/v2\/product_tag?post=288950"}],"curies":[{"name":"wp","href":"https:\/\/api.w.org\/{rel}","templated":true}]}}