{"id":288942,"date":"2018-12-21T08:25:06","date_gmt":"2018-12-21T08:25:06","guid":{"rendered":"https:\/\/www.huntersfriend.eu\/product\/qad-exodus-jaktspetsar\/"},"modified":"2026-03-26T13:44:08","modified_gmt":"2026-03-26T11:44:08","slug":"qad-exodus-jaktspetsar","status":"publish","type":"product","link":"https:\/\/www.huntersfriend.eu\/sv\/produkt\/qad-exodus-jaktspetsar\/","title":{"rendered":"QAD Exodus jaktspetsar"},"content":{"rendered":"<p>Fast 3-blads<\/p>\n<ul>\n<li>L\u00e5gprofildesign flyger som en f\u00e4ltspets<\/li>\n<li>1 1\/8&#8243; sk\u00e4rdiameter<\/li>\n<li>Robust design<\/li>\n<li>F\u00f6rpackningen inneh\u00e5ller 3 jaktspetsar<\/li>\n<\/ul>\n<p>&nbsp;<\/p>\n<p>Den fr\u00e4msta jaktspetsen i Finland f\u00f6r b\u00e4verjakt!<\/p>\n","protected":false},"excerpt":{"rendered":"<p>Fast 3-blads L\u00e5gprofildesign flyger som en f\u00e4ltspets 1 1\/8&#8243; sk\u00e4rdiameter Robust design F\u00f6rpackningen inneh\u00e5ller 3 jaktspetsar &nbsp; Den fr\u00e4msta jaktspetsen i Finland f\u00f6r b\u00e4verjakt!<\/p>\n","protected":false},"featured_media":8541,"comment_status":"open","ping_status":"closed","template":"","meta":[],"product_brand":[],"product_cat":[2647],"product_tag":[],"class_list":{"0":"post-288942","1":"product","2":"type-product","3":"status-publish","4":"has-post-thumbnail","6":"product_cat-broadheads-jakt","8":"first","9":"instock","10":"sale","11":"taxable","12":"shipping-taxable","13":"purchasable","14":"product-type-variable"},"composite_virtual":false,"composite_layout":"","composite_add_to_cart_form_location":"","composite_editable_in_cart":false,"composite_sold_individually_context":"","composite_shop_price_calc":"","composite_components":[],"composite_scenarios":[],"group_of_quantity":0,"min_quantity":0,"max_quantity":"","exclude_order_quantity_value_rules":"no","exclude_category_quantity_rules":"no","combine_variations":"no","exclude_global_add_ons":[],"addons":[],"_links":{"self":[{"href":"https:\/\/www.huntersfriend.eu\/sv\/wp-json\/wp\/v2\/product\/288942","targetHints":{"allow":["GET"]}}],"collection":[{"href":"https:\/\/www.huntersfriend.eu\/sv\/wp-json\/wp\/v2\/product"}],"about":[{"href":"https:\/\/www.huntersfriend.eu\/sv\/wp-json\/wp\/v2\/types\/product"}],"replies":[{"embeddable":true,"href":"https:\/\/www.huntersfriend.eu\/sv\/wp-json\/wp\/v2\/comments?post=288942"}],"wp:featuredmedia":[{"embeddable":true,"href":"https:\/\/www.huntersfriend.eu\/sv\/wp-json\/wp\/v2\/media\/8541"}],"wp:attachment":[{"href":"https:\/\/www.huntersfriend.eu\/sv\/wp-json\/wp\/v2\/media?parent=288942"}],"wp:term":[{"taxonomy":"product_brand","embeddable":true,"href":"https:\/\/www.huntersfriend.eu\/sv\/wp-json\/wp\/v2\/product_brand?post=288942"},{"taxonomy":"product_cat","embeddable":true,"href":"https:\/\/www.huntersfriend.eu\/sv\/wp-json\/wp\/v2\/product_cat?post=288942"},{"taxonomy":"product_tag","embeddable":true,"href":"https:\/\/www.huntersfriend.eu\/sv\/wp-json\/wp\/v2\/product_tag?post=288942"}],"curies":[{"name":"wp","href":"https:\/\/api.w.org\/{rel}","templated":true}]}}