{"id":288936,"date":"2018-12-21T08:25:09","date_gmt":"2018-12-21T08:25:09","guid":{"rendered":"https:\/\/www.huntersfriend.eu\/product\/saunders-ovningstips-med-punkter\/"},"modified":"2025-11-02T04:48:09","modified_gmt":"2025-11-02T02:48:09","slug":"saunders-ovningstips-med-punkter","status":"publish","type":"product","link":"https:\/\/www.huntersfriend.eu\/sv\/produkt\/saunders-ovningstips-med-punkter\/","title":{"rendered":"Saunders \u00f6vningstips med punkter"},"content":{"rendered":"<p>Saunders skruvbara m\u00e5lspetsar i st\u00e5l f\u00f6r \u00f6vning. Best\u00e4ll efter diameter och vikt i grain. <\/p>\n","protected":false},"excerpt":{"rendered":"<p>S\u00e4ljs i enstaka enheter<\/p>\n","protected":false},"featured_media":8277,"comment_status":"open","ping_status":"closed","template":"","meta":[],"product_brand":[],"product_cat":[2920],"product_tag":[],"class_list":{"0":"post-288936","1":"product","2":"type-product","3":"status-publish","4":"has-post-thumbnail","6":"product_cat-ovningsspetsar","8":"first","9":"instock","10":"sale","11":"taxable","12":"shipping-taxable","13":"purchasable","14":"product-type-variable"},"composite_virtual":false,"composite_layout":"","composite_add_to_cart_form_location":"","composite_editable_in_cart":false,"composite_sold_individually_context":"","composite_shop_price_calc":"","composite_components":[],"composite_scenarios":[],"group_of_quantity":0,"min_quantity":0,"max_quantity":"","exclude_order_quantity_value_rules":"no","exclude_category_quantity_rules":"no","combine_variations":"no","exclude_global_add_ons":[],"addons":[],"_links":{"self":[{"href":"https:\/\/www.huntersfriend.eu\/sv\/wp-json\/wp\/v2\/product\/288936","targetHints":{"allow":["GET"]}}],"collection":[{"href":"https:\/\/www.huntersfriend.eu\/sv\/wp-json\/wp\/v2\/product"}],"about":[{"href":"https:\/\/www.huntersfriend.eu\/sv\/wp-json\/wp\/v2\/types\/product"}],"replies":[{"embeddable":true,"href":"https:\/\/www.huntersfriend.eu\/sv\/wp-json\/wp\/v2\/comments?post=288936"}],"wp:featuredmedia":[{"embeddable":true,"href":"https:\/\/www.huntersfriend.eu\/sv\/wp-json\/wp\/v2\/media\/8277"}],"wp:attachment":[{"href":"https:\/\/www.huntersfriend.eu\/sv\/wp-json\/wp\/v2\/media?parent=288936"}],"wp:term":[{"taxonomy":"product_brand","embeddable":true,"href":"https:\/\/www.huntersfriend.eu\/sv\/wp-json\/wp\/v2\/product_brand?post=288936"},{"taxonomy":"product_cat","embeddable":true,"href":"https:\/\/www.huntersfriend.eu\/sv\/wp-json\/wp\/v2\/product_cat?post=288936"},{"taxonomy":"product_tag","embeddable":true,"href":"https:\/\/www.huntersfriend.eu\/sv\/wp-json\/wp\/v2\/product_tag?post=288936"}],"curies":[{"name":"wp","href":"https:\/\/api.w.org\/{rel}","templated":true}]}}