{"id":288935,"date":"2018-12-21T08:25:06","date_gmt":"2018-12-21T08:25:06","guid":{"rendered":"https:\/\/www.huntersfriend.eu\/product\/qad-hdx-camo\/"},"modified":"2025-08-27T14:11:20","modified_gmt":"2025-08-27T12:11:20","slug":"qad-hdx-camo","status":"publish","type":"product","link":"https:\/\/www.huntersfriend.eu\/sv\/produkt\/qad-hdx-camo\/","title":{"rendered":"QAD HDX camo"},"content":{"rendered":"<p>F\u00c5NGAR PILEN HELT<br \/>\nVid smygjakt, dragning eller l\u00e5ngsam nedsl\u00e4pp kommer din pil alltid att vara helt innesluten.<\/p>\n<div>HARMONISK D\u00c4MPNINGSTEKNIK<strong><br \/>\n<\/strong>Insprutningsgjutet gummi-tumhjul \u00e4r utformat f\u00f6r att tvinga maximal vibrationsamplitud till ett minimum, medan slitstarkt gjutet gummi skapar en bekv\u00e4m k\u00e4nsla.<\/div>\n<div>VDT (Velocity Drop-Away Technology)<br \/>\nDet ENDA drop-away-pilst\u00f6det p\u00e5 marknaden med en patenterad funktion som g\u00f6r att ULTRA-RESTEN f\u00e4lls ned f\u00f6rst n\u00e4r pilb\u00e5gen avfyras, INTE vid en l\u00e5ngsam nedsl\u00e4ppning.<\/div>\n<div>LOCK DOWN-TEKNIK<br \/>\nPatenterade excentriska kambromsar och l\u00e5ser avfyrningsarmen i drop-away-l\u00e4get, vilket ger garanterat fj\u00e4derfritt utrymme.<\/div>\n<div>TOTALT UTRYMME F\u00d6R PILB\u00c5GEHYLLAN<br \/>\nN\u00e4r ULTRA-RESTEN \u00e4r sp\u00e4nd i f\u00e5ngstl\u00e4get, via tumhjulet, s\u00e4kerst\u00e4ller detta att din pil inte sl\u00e4par \u00f6ver pilb\u00e5gehyllan vid dragning eller nedsl\u00e4ppning.<\/div>\n","protected":false},"excerpt":{"rendered":"<p>F\u00c5NGAR PILEN HELT Vid smygjakt, dragning eller l\u00e5ngsam nedsl\u00e4pp kommer din pil alltid att vara helt innesluten. HARMONISK D\u00c4MPNINGSTEKNIK Insprutningsgjutet gummi-tumhjul \u00e4r utformat f\u00f6r att tvinga maximal vibrationsamplitud till ett minimum, medan slitstarkt gjutet gummi skapar en bekv\u00e4m k\u00e4nsla. VDT (Velocity Drop-Away Technology) Det ENDA drop-away-pilst\u00f6det p\u00e5 marknaden med en patenterad funktion som g\u00f6r att [&#8230;]\n","protected":false},"featured_media":7588,"comment_status":"open","ping_status":"closed","template":"","meta":[],"product_brand":[],"product_cat":[2668],"product_tag":[],"class_list":{"0":"post-288935","1":"product","2":"type-product","3":"status-publish","4":"has-post-thumbnail","6":"product_cat-compound-drop-away-hyllor","8":"first","9":"instock","10":"taxable","11":"shipping-taxable","12":"purchasable","13":"product-type-variable"},"composite_virtual":false,"composite_layout":"","composite_add_to_cart_form_location":"","composite_editable_in_cart":false,"composite_sold_individually_context":"","composite_shop_price_calc":"","composite_components":[],"composite_scenarios":[],"group_of_quantity":0,"min_quantity":0,"max_quantity":"","exclude_order_quantity_value_rules":"no","exclude_category_quantity_rules":"no","combine_variations":"no","exclude_global_add_ons":[],"addons":[],"_links":{"self":[{"href":"https:\/\/www.huntersfriend.eu\/sv\/wp-json\/wp\/v2\/product\/288935","targetHints":{"allow":["GET"]}}],"collection":[{"href":"https:\/\/www.huntersfriend.eu\/sv\/wp-json\/wp\/v2\/product"}],"about":[{"href":"https:\/\/www.huntersfriend.eu\/sv\/wp-json\/wp\/v2\/types\/product"}],"replies":[{"embeddable":true,"href":"https:\/\/www.huntersfriend.eu\/sv\/wp-json\/wp\/v2\/comments?post=288935"}],"wp:featuredmedia":[{"embeddable":true,"href":"https:\/\/www.huntersfriend.eu\/sv\/wp-json\/wp\/v2\/media\/7588"}],"wp:attachment":[{"href":"https:\/\/www.huntersfriend.eu\/sv\/wp-json\/wp\/v2\/media?parent=288935"}],"wp:term":[{"taxonomy":"product_brand","embeddable":true,"href":"https:\/\/www.huntersfriend.eu\/sv\/wp-json\/wp\/v2\/product_brand?post=288935"},{"taxonomy":"product_cat","embeddable":true,"href":"https:\/\/www.huntersfriend.eu\/sv\/wp-json\/wp\/v2\/product_cat?post=288935"},{"taxonomy":"product_tag","embeddable":true,"href":"https:\/\/www.huntersfriend.eu\/sv\/wp-json\/wp\/v2\/product_tag?post=288935"}],"curies":[{"name":"wp","href":"https:\/\/api.w.org\/{rel}","templated":true}]}}