{"id":288919,"date":"2018-12-21T08:24:55","date_gmt":"2018-12-21T08:24:55","guid":{"rendered":"https:\/\/www.huntersfriend.eu\/product\/hamskea-hybrid-hunter-pro-mikrojustering\/"},"modified":"2026-03-18T22:00:49","modified_gmt":"2026-03-18T20:00:49","slug":"hamskea-hybrid-hunter-pro-mikrojustering","status":"publish","type":"product","link":"https:\/\/www.huntersfriend.eu\/sv\/produkt\/hamskea-hybrid-hunter-pro-mikrojustering\/","title":{"rendered":"Hamskea hybrid Hunter pro mikrojustering"},"content":{"rendered":"<p><span lang=\"EN-US\">H\u00e4r \u00e4r ett pilst\u00f6d med full f\u00e5ngst, driven av lem eller kabel, som \u00e4r idealiskt f\u00f6r b\u00e5gskyttar som vill ha ett mikrojusterbart st\u00f6d som \u00e4r lika exakt som vilket m\u00e5lskyttest\u00f6d som helst. V-format st\u00f6dblad s\u00e4kerst\u00e4ller att pilen alltid sitter i mitten. <\/span><\/p>\n<p>\u2022 Tar designelement fr\u00e5n den bepr\u00f6vade VersaRest\u2122-plattformen i ett mer str\u00f6mlinjeformat paket som \u00e4r 20 % l\u00e4ttare<br \/>\n\u2022 Full mikrojustering av vindavdrift och vertikal justering<br \/>\n\u2022 Zero Tolerance Technology\u2122 s\u00e4kerst\u00e4ller att det inte finns n\u00e5got lateralt spel i skaftet och rotationen \u00e4r silkeslen<br \/>\n\u2022 Overmold-inneslutningsf\u00e4ste med 3\/4 lastgrind s\u00e4kerst\u00e4ller tyst och effektiv pililastning<br \/>\n\u2022 Launcher har en egenutvecklad bel\u00e4ggning f\u00f6r att minimera ljud och eliminera behovet av att applicera filt<br \/>\n\u2022 Launcher-axeln rider p\u00e5 dubbla \u00f6verdimensionerade, f\u00f6rseglade kullager i rostfritt st\u00e5l som roterar smidigt skott efter skott<br \/>\n\u2022 Zero Stop Technology\u2122 s\u00e4kerst\u00e4ller repeterbara upp- och nedpositioner f\u00f6r launcher<br \/>\n\u2022 Fj\u00e4derknapp ger flera interna justeringspositioner f\u00f6r torsionsfj\u00e4dern<br \/>\n\u2022 8-sidig, halkfri kompressionskl\u00e4mdesign med inbyggd d\u00e4mpningsspole eliminerar launcher-studsar<br \/>\n\u2022 Universell halkfri lemdyna, kraftig icke-stretchsn\u00f6re och enkel justeringssn\u00f6rkl\u00e4mma<br \/>\n\u2022 Universal Limb Clamp-enheten kan konfigureras p\u00e5 flera s\u00e4tt: lemaktiverad uppifr\u00e5n eller nedifr\u00e5n, kabelaktiverad eller kabelfall bort<br \/>\n\u2022 Fabrikskonfigurerad som ett lemaktiverat st\u00f6d<\/p>\n","protected":false},"excerpt":{"rendered":"<p>Svart version<\/p>\n","protected":false},"featured_media":214249,"comment_status":"open","ping_status":"closed","template":"","meta":[],"product_brand":[],"product_cat":[2668],"product_tag":[],"class_list":{"0":"post-288919","1":"product","2":"type-product","3":"status-publish","4":"has-post-thumbnail","6":"product_cat-compound-drop-away-hyllor","8":"first","9":"instock","10":"taxable","11":"shipping-taxable","12":"purchasable","13":"product-type-variable"},"composite_virtual":false,"composite_layout":"","composite_add_to_cart_form_location":"","composite_editable_in_cart":false,"composite_sold_individually_context":"","composite_shop_price_calc":"","composite_components":[],"composite_scenarios":[],"group_of_quantity":0,"min_quantity":0,"max_quantity":"","exclude_order_quantity_value_rules":"no","exclude_category_quantity_rules":"no","combine_variations":"no","exclude_global_add_ons":[],"addons":[],"_links":{"self":[{"href":"https:\/\/www.huntersfriend.eu\/sv\/wp-json\/wp\/v2\/product\/288919","targetHints":{"allow":["GET"]}}],"collection":[{"href":"https:\/\/www.huntersfriend.eu\/sv\/wp-json\/wp\/v2\/product"}],"about":[{"href":"https:\/\/www.huntersfriend.eu\/sv\/wp-json\/wp\/v2\/types\/product"}],"replies":[{"embeddable":true,"href":"https:\/\/www.huntersfriend.eu\/sv\/wp-json\/wp\/v2\/comments?post=288919"}],"wp:featuredmedia":[{"embeddable":true,"href":"https:\/\/www.huntersfriend.eu\/sv\/wp-json\/wp\/v2\/media\/214249"}],"wp:attachment":[{"href":"https:\/\/www.huntersfriend.eu\/sv\/wp-json\/wp\/v2\/media?parent=288919"}],"wp:term":[{"taxonomy":"product_brand","embeddable":true,"href":"https:\/\/www.huntersfriend.eu\/sv\/wp-json\/wp\/v2\/product_brand?post=288919"},{"taxonomy":"product_cat","embeddable":true,"href":"https:\/\/www.huntersfriend.eu\/sv\/wp-json\/wp\/v2\/product_cat?post=288919"},{"taxonomy":"product_tag","embeddable":true,"href":"https:\/\/www.huntersfriend.eu\/sv\/wp-json\/wp\/v2\/product_tag?post=288919"}],"curies":[{"name":"wp","href":"https:\/\/api.w.org\/{rel}","templated":true}]}}